{"id":44956,"date":"2025-04-10T15:07:50","date_gmt":"2025-04-10T13:07:50","guid":{"rendered":"https:\/\/riteh.uniri.hr\/?page_id=44956"},"modified":"2026-04-07T14:11:56","modified_gmt":"2026-04-07T12:11:56","slug":"section-of-stem-education-and-foreign-languages","status":"publish","type":"page","link":"https:\/\/riteh.uniri.hr\/en\/organisation\/departments\/department-mathematics-stem-education-and-foreign-languages\/section-of-stem-education-and-foreign-languages\/","title":{"rendered":"Section of STEM Education and Foreign Languages"},"content":{"rendered":"\n<h2 class=\"wp-block-heading\">Contact Information<\/h2>\n\n\n\n<p>Head: <a href=\"\/en\/osoba\/elisa-velcic-janjetic\/\">M.Sc. Elisa Vel\u010di\u0107 Janjeti\u0107 Senior Lecturer<\/a><br><strong>Section of STEM Education and Foreign Languages<\/strong><br><em>Department of Mathematics, STEM Education and Foreign Languages<\/em><br>Faculty of Engineering<br>Vukovarska 58<br>HR-51000 Rijeka<\/p>\n\n\n\n<h2 class=\"wp-block-heading\">Members<\/h2>\n\n\n<ul class=\"members\"><li><a href=\"https:\/\/riteh.uniri.hr\/en\/osoba\/elisa-velcic-janjetic\/\"><img decoding=\"async\" src=\"https:\/\/riteh.uniri.hr\/wp-content\/uploads\/elisa-velcic-janjetic-150x150.jpg\" alt=\"Elisa Vel\u010di\u0107 Janjeti\u0107\">mr. sc. Elisa Vel\u010di\u0107 Janjeti\u0107 v. pred.<\/a><\/li><\/ul>\n","protected":false},"excerpt":{"rendered":"<p>Contact Information Head: M.Sc. Elisa Vel\u010di\u0107 Janjeti\u0107 Senior LecturerSection of STEM Education and Foreign LanguagesDepartment of Mathematics, STEM Education and Foreign LanguagesFaculty of EngineeringVukovarska 58HR-51000 Rijeka Members<\/p>\n","protected":false},"author":65,"featured_media":0,"parent":22447,"menu_order":0,"comment_status":"closed","ping_status":"closed","template":"","meta":{"_acf_changed":false,"inline_featured_image":false,"footnotes":""},"class_list":["post-44956","page","type-page","status-publish","hentry"],"acf":[],"_links":{"self":[{"href":"https:\/\/riteh.uniri.hr\/en\/wp-json\/wp\/v2\/pages\/44956","targetHints":{"allow":["GET"]}}],"collection":[{"href":"https:\/\/riteh.uniri.hr\/en\/wp-json\/wp\/v2\/pages"}],"about":[{"href":"https:\/\/riteh.uniri.hr\/en\/wp-json\/wp\/v2\/types\/page"}],"author":[{"embeddable":true,"href":"https:\/\/riteh.uniri.hr\/en\/wp-json\/wp\/v2\/users\/65"}],"replies":[{"embeddable":true,"href":"https:\/\/riteh.uniri.hr\/en\/wp-json\/wp\/v2\/comments?post=44956"}],"version-history":[{"count":3,"href":"https:\/\/riteh.uniri.hr\/en\/wp-json\/wp\/v2\/pages\/44956\/revisions"}],"predecessor-version":[{"id":49734,"href":"https:\/\/riteh.uniri.hr\/en\/wp-json\/wp\/v2\/pages\/44956\/revisions\/49734"}],"up":[{"embeddable":true,"href":"https:\/\/riteh.uniri.hr\/en\/wp-json\/wp\/v2\/pages\/22447"}],"wp:attachment":[{"href":"https:\/\/riteh.uniri.hr\/en\/wp-json\/wp\/v2\/media?parent=44956"}],"curies":[{"name":"wp","href":"https:\/\/api.w.org\/{rel}","templated":true}]}}