{"id":44954,"date":"2024-07-08T11:20:42","date_gmt":"2024-07-08T09:20:42","guid":{"rendered":"https:\/\/riteh.uniri.hr\/?page_id=44954"},"modified":"2026-03-03T15:06:48","modified_gmt":"2026-03-03T14:06:48","slug":"section-of-applied-mathematics-and-physics","status":"publish","type":"page","link":"https:\/\/riteh.uniri.hr\/en\/organisation\/departments\/department-mathematics-stem-education-and-foreign-languages\/section-of-applied-mathematics-and-physics\/","title":{"rendered":"Section of Applied Mathematics and Physics"},"content":{"rendered":"\n<h2 class=\"wp-block-heading\">Contact Information<\/h2>\n\n\n\n<p>Head: <a href=\"\/en\/osoba\/senka-macesic\/\">Prof. Senka Ma\u0107e\u0161i\u0107<\/a><br><strong>Section of Applied Mathematics and Physics<\/strong><br><em>Department of Mathematics, Physics and Foreign Languages<\/em><br>Faculty of Engineering<br>Vukovarska 58<br>HR-51000 Rijeka<\/p>\n\n\n\n<h2 class=\"wp-block-heading\">Members<\/h2>\n\n\n<ul class=\"members\"><li><a href=\"https:\/\/riteh.uniri.hr\/en\/osoba\/senka-macesic\/\"><img decoding=\"async\" src=\"https:\/\/riteh.uniri.hr\/wp-content\/uploads\/Senka-Macesic-1-150x150.jpg\" alt=\"Senka Ma\u0107e\u0161i\u0107\">prof. dr. sc. Senka Ma\u0107e\u0161i\u0107 <\/a><\/li><li><a href=\"https:\/\/riteh.uniri.hr\/en\/osoba\/nelida-crnjaric\/\"><img decoding=\"async\" src=\"https:\/\/riteh.uniri.hr\/wp-content\/uploads\/Nelida-Crnjaric-150x150.jpg\" alt=\"Nelida \u010crnjari\u0107\">prof. dr. sc. Nelida \u010crnjari\u0107 <\/a><\/li><li><a href=\"https:\/\/riteh.uniri.hr\/en\/osoba\/loredana-simcic\/\"><img decoding=\"async\" src=\"https:\/\/riteh.uniri.hr\/wp-content\/uploads\/loredana-simcic-150x150.jpg\" alt=\"Loredana Sim\u010di\u0107\">izv. prof. dr. sc. Loredana Sim\u010di\u0107 <\/a><\/li><li><a href=\"https:\/\/riteh.uniri.hr\/en\/osoba\/ivan-drazic\/\"><img decoding=\"async\" src=\"https:\/\/riteh.uniri.hr\/wp-content\/uploads\/ivan-drazic-150x150.jpg\" alt=\"Ivan Dra\u017ei\u0107\">izv. prof. dr. sc. Ivan Dra\u017ei\u0107 <\/a><\/li><li><a href=\"https:\/\/riteh.uniri.hr\/en\/osoba\/angela-basic-sisko\/\"><img decoding=\"async\" src=\"https:\/\/riteh.uniri.hr\/wp-content\/uploads\/angela-basic-sisko-150x150.jpg\" alt=\"Angela Ba\u0161i\u0107-\u0160i\u0161ko\">izv. prof. dr. sc. Angela Ba\u0161i\u0107-\u0160i\u0161ko <\/a><\/li><li><a href=\"https:\/\/riteh.uniri.hr\/en\/osoba\/melita-stefan-trubic\/\"><img decoding=\"async\" src=\"https:\/\/riteh.uniri.hr\/wp-content\/uploads\/melita-stefan-trubic-150x150.jpg\" alt=\"Melita \u0160tefan Trubi\u0107\">mr. sc. Melita \u0160tefan Trubi\u0107 v. pred.<\/a><\/li><li><a href=\"https:\/\/riteh.uniri.hr\/en\/osoba\/vanja-cotic-poturic\/\"><img decoding=\"async\" src=\"https:\/\/riteh.uniri.hr\/wp-content\/uploads\/vanja-cotic-150x150.jpg\" alt=\"Vanja \u010coti\u0107 Poturi\u0107\"> Vanja \u010coti\u0107 Poturi\u0107 v. pred.<\/a><\/li><li><a href=\"https:\/\/riteh.uniri.hr\/en\/osoba\/igor-lulic\/\"><img decoding=\"async\" src=\"https:\/\/riteh.uniri.hr\/wp-content\/uploads\/igor-lulic-150x150.jpg\" alt=\"Igor Luli\u0107\"> Igor Luli\u0107 v. pred.<\/a><\/li><li><a href=\"https:\/\/riteh.uniri.hr\/en\/osoba\/ivan-lovro-kovacic\/\"><img decoding=\"async\" src=\"https:\/\/riteh.uniri.hr\/wp-content\/uploads\/ivan-lovro-kovacic-150x150.jpg\" alt=\"Ivan Lovro Kova\u010di\u0107\">asist. Ivan Lovro Kova\u010di\u0107 <\/a><\/li><li><a href=\"https:\/\/riteh.uniri.hr\/en\/osoba\/valentino-markovic\/\"><img decoding=\"async\" src=\"https:\/\/riteh.uniri.hr\/wp-content\/uploads\/Valentino-Markovic-1-150x150.jpg\" alt=\"Valentino Markovi\u0107\">asist. Valentino Markovi\u0107 <\/a><\/li><li><a href=\"https:\/\/riteh.uniri.hr\/en\/osoba\/julijan-dobrinic\/\"><img decoding=\"async\" src=\"https:\/\/riteh.uniri.hr\/wp-content\/uploads\/julijan-dobrinic-150x150.jpg\" alt=\"Julijan Dobrini\u0107\">prof. dr. sc. Julijan Dobrini\u0107 professor emeritus<\/a><\/li><\/ul>\n\n\n\n<p><strong>External Associates:<\/strong><br>Assist. Prof. Andreina Belu\u0161i\u0107-Vozila, Faculty of Physics, University of Rijeka<br>Assistant Vesko Nikolaus<br>Assistant Patricija Nikolaus<\/p>\n","protected":false},"excerpt":{"rendered":"<p>Contact Information Head: Prof. Senka Ma\u0107e\u0161i\u0107Section of Applied Mathematics and PhysicsDepartment of Mathematics, Physics and Foreign LanguagesFaculty of EngineeringVukovarska 58HR-51000 Rijeka Members External Associates:Assist. Prof. Andreina Belu\u0161i\u0107-Vozila, Faculty of Physics, University of RijekaAssistant Vesko NikolausAssistant Patricija Nikolaus<\/p>\n","protected":false},"author":65,"featured_media":0,"parent":22447,"menu_order":0,"comment_status":"closed","ping_status":"closed","template":"","meta":{"_acf_changed":false,"inline_featured_image":false,"footnotes":""},"class_list":["post-44954","page","type-page","status-publish","hentry"],"acf":[],"_links":{"self":[{"href":"https:\/\/riteh.uniri.hr\/en\/wp-json\/wp\/v2\/pages\/44954","targetHints":{"allow":["GET"]}}],"collection":[{"href":"https:\/\/riteh.uniri.hr\/en\/wp-json\/wp\/v2\/pages"}],"about":[{"href":"https:\/\/riteh.uniri.hr\/en\/wp-json\/wp\/v2\/types\/page"}],"author":[{"embeddable":true,"href":"https:\/\/riteh.uniri.hr\/en\/wp-json\/wp\/v2\/users\/65"}],"replies":[{"embeddable":true,"href":"https:\/\/riteh.uniri.hr\/en\/wp-json\/wp\/v2\/comments?post=44954"}],"version-history":[{"count":3,"href":"https:\/\/riteh.uniri.hr\/en\/wp-json\/wp\/v2\/pages\/44954\/revisions"}],"predecessor-version":[{"id":48996,"href":"https:\/\/riteh.uniri.hr\/en\/wp-json\/wp\/v2\/pages\/44954\/revisions\/48996"}],"up":[{"embeddable":true,"href":"https:\/\/riteh.uniri.hr\/en\/wp-json\/wp\/v2\/pages\/22447"}],"wp:attachment":[{"href":"https:\/\/riteh.uniri.hr\/en\/wp-json\/wp\/v2\/media?parent=44954"}],"curies":[{"name":"wp","href":"https:\/\/api.w.org\/{rel}","templated":true}]}}