{"id":44896,"date":"2025-10-21T14:03:10","date_gmt":"2025-10-21T12:03:10","guid":{"rendered":"https:\/\/riteh.uniri.hr\/?page_id=44896"},"modified":"2025-10-21T14:08:34","modified_gmt":"2025-10-21T12:08:34","slug":"precision-engineering-laboratory","status":"publish","type":"page","link":"https:\/\/riteh.uniri.hr\/en\/organisation\/departments\/department-mechanical-engineering-design\/precision-engineering-laboratory\/","title":{"rendered":"Precision Engineering Laboratory"},"content":{"rendered":"\n<p>Head: <a href=\"\/en\/osoba\/petar-gljuscic\/\">Postdoc. Petar Glju\u0161\u0107i\u0107<\/a><\/p>\n\n\n\n<div class=\"wp-block-buttons is-content-justification-left is-layout-flex wp-container-core-buttons-is-layout-fc4fd283 wp-block-buttons-is-layout-flex\">\n<div class=\"wp-block-button\"><a class=\"wp-block-button__link wp-element-button\" href=\"https:\/\/precenglab.altervista.org\/\" target=\"_blank\" rel=\"noreferrer noopener\">External Laboratory Website<\/a><\/div>\n<\/div>\n\n\n\n<p><\/p>\n","protected":false},"excerpt":{"rendered":"<p>Head: Postdoc. Petar Glju\u0161\u0107i\u0107<\/p>\n","protected":false},"author":65,"featured_media":0,"parent":22449,"menu_order":0,"comment_status":"closed","ping_status":"closed","template":"","meta":{"_acf_changed":false,"inline_featured_image":false,"footnotes":""},"class_list":["post-44896","page","type-page","status-publish","hentry"],"acf":[],"_links":{"self":[{"href":"https:\/\/riteh.uniri.hr\/en\/wp-json\/wp\/v2\/pages\/44896","targetHints":{"allow":["GET"]}}],"collection":[{"href":"https:\/\/riteh.uniri.hr\/en\/wp-json\/wp\/v2\/pages"}],"about":[{"href":"https:\/\/riteh.uniri.hr\/en\/wp-json\/wp\/v2\/types\/page"}],"author":[{"embeddable":true,"href":"https:\/\/riteh.uniri.hr\/en\/wp-json\/wp\/v2\/users\/65"}],"replies":[{"embeddable":true,"href":"https:\/\/riteh.uniri.hr\/en\/wp-json\/wp\/v2\/comments?post=44896"}],"version-history":[{"count":3,"href":"https:\/\/riteh.uniri.hr\/en\/wp-json\/wp\/v2\/pages\/44896\/revisions"}],"predecessor-version":[{"id":44900,"href":"https:\/\/riteh.uniri.hr\/en\/wp-json\/wp\/v2\/pages\/44896\/revisions\/44900"}],"up":[{"embeddable":true,"href":"https:\/\/riteh.uniri.hr\/en\/wp-json\/wp\/v2\/pages\/22449"}],"wp:attachment":[{"href":"https:\/\/riteh.uniri.hr\/en\/wp-json\/wp\/v2\/media?parent=44896"}],"curies":[{"name":"wp","href":"https:\/\/api.w.org\/{rel}","templated":true}]}}