{"id":44751,"date":"2024-07-08T11:20:44","date_gmt":"2024-07-08T09:20:44","guid":{"rendered":"https:\/\/riteh.uniri.hr\/?page_id=44751"},"modified":"2025-10-24T13:44:45","modified_gmt":"2025-10-24T11:44:45","slug":"artificial-perception-and-autonomous-systems-laboratory","status":"publish","type":"page","link":"https:\/\/riteh.uniri.hr\/en\/organisation\/departments\/department-computer-engineering\/artificial-perception-and-autonomous-systems-laboratory\/","title":{"rendered":"Artificial Perception and Autonomous Systems Laboratory"},"content":{"rendered":"\n<p>Head: <a href=\"\/en\/osoba\/kristijan-lenac\/\">Prof. Kristijan Lenac<\/a><\/p>\n\n\n\n<h2 class=\"wp-block-heading\">Members<\/h2>\n\n\n\n<ul class=\"members image-name\">\r\n\r\n    \r\n    <li><a href=\"\/osoba\/kristijan-lenac\">\r\n        \r\n            \r\n\r\n<img decoding=\"async\" src=\"\/media\/filer_public_thumbnails\/filer_public\/5d\/27\/5d278134-3787-4240-9e3e-e714558af040\/051-kristijan_lenac.jpg__48x48_q92_crop_subsampling-2_upscale.jpg\" class=\"person-image\" alt=\"Kristijan Lenac\" \/>\r\n        \r\n        prof. dr. sc. Kristijan Lenac<\/a>\r\n    <\/li>\r\n    \r\n    \r\n\r\n    \r\n    <li><a href=\"\/osoba\/marina-banov\">\r\n        \r\n            \r\n\r\n<img decoding=\"async\" src=\"\/media\/filer_public_thumbnails\/filer_public\/a3\/5a\/a35adae6-8af5-4f75-af0f-2e3445bbe77b\/mbanov.jpg__48x48_q92_crop_subsampling-2_upscale.jpg\" class=\"person-image\" alt=\"Marina Banov\" \/>\r\n        \r\n        asist. Marina Banov<\/a>\r\n    <\/li>\r\n\r\n<li><a href=\"https:\/\/tfpu.unipu.hr\/tfpu\/en\/diego.susanj\">\r\n<img decoding=\"async\" src=\"\/wp-content\/uploads\/diego-susanj.jpg\" style=\"object-fit: cover;min-width: 40px;height: 40px\" class=\"person-image\" alt=\"Diego Su\u0161anj\" \/>\r\n        \r\n        izv. prof. dr. sc. Diego Su\u0161anj<\/a>\r\n    <\/li>\r\n\r\n<li><a href=\"\/osoba\/domagoj-pincic\">\r\n<img decoding=\"async\" src=\"\/wp-content\/uploads\/domagoj-pincic-150x150.jpg\" class=\"person-image\" alt=\"Domagoj Pin\u010di\u0107\" \/>\r\n        \r\n        asist. dr. sc. Domagoj Pin\u010di\u0107<\/a>\r\n    <\/li>\r\n    \r\n    \r\n\r\n<\/ul>\n","protected":false},"excerpt":{"rendered":"<p>Head: Prof. Kristijan Lenac Members prof. dr. sc. Kristijan Lenac asist. Marina Banov izv. prof. dr. sc. Diego Su\u0161anj asist. dr. sc. Domagoj Pin\u010di\u0107<\/p>\n","protected":false},"author":65,"featured_media":0,"parent":22420,"menu_order":0,"comment_status":"closed","ping_status":"closed","template":"","meta":{"_acf_changed":false,"inline_featured_image":false,"footnotes":""},"class_list":["post-44751","page","type-page","status-publish","hentry"],"acf":[],"_links":{"self":[{"href":"https:\/\/riteh.uniri.hr\/en\/wp-json\/wp\/v2\/pages\/44751","targetHints":{"allow":["GET"]}}],"collection":[{"href":"https:\/\/riteh.uniri.hr\/en\/wp-json\/wp\/v2\/pages"}],"about":[{"href":"https:\/\/riteh.uniri.hr\/en\/wp-json\/wp\/v2\/types\/page"}],"author":[{"embeddable":true,"href":"https:\/\/riteh.uniri.hr\/en\/wp-json\/wp\/v2\/users\/65"}],"replies":[{"embeddable":true,"href":"https:\/\/riteh.uniri.hr\/en\/wp-json\/wp\/v2\/comments?post=44751"}],"version-history":[{"count":2,"href":"https:\/\/riteh.uniri.hr\/en\/wp-json\/wp\/v2\/pages\/44751\/revisions"}],"predecessor-version":[{"id":45146,"href":"https:\/\/riteh.uniri.hr\/en\/wp-json\/wp\/v2\/pages\/44751\/revisions\/45146"}],"up":[{"embeddable":true,"href":"https:\/\/riteh.uniri.hr\/en\/wp-json\/wp\/v2\/pages\/22420"}],"wp:attachment":[{"href":"https:\/\/riteh.uniri.hr\/en\/wp-json\/wp\/v2\/media?parent=44751"}],"curies":[{"name":"wp","href":"https:\/\/api.w.org\/{rel}","templated":true}]}}