{"id":41938,"date":"2024-07-08T11:20:13","date_gmt":"2024-07-08T09:20:13","guid":{"rendered":"https:\/\/riteh.uniri.hr\/?page_id=41938"},"modified":"2025-10-03T08:30:21","modified_gmt":"2025-10-03T06:30:21","slug":"section-of-ship-design","status":"publish","type":"page","link":"https:\/\/riteh.uniri.hr\/en\/organisation\/departments\/department-naval-architecture-and-ocean-engineering\/section-of-ship-design\/","title":{"rendered":"Section of Ship Design"},"content":{"rendered":"\n<h2 class=\"wp-block-heading\">Contact Information<\/h2>\n\n\n\n<p>Head: <a href=\"\/en\/osoba\/anton-turk\/\">Assoc. Prof. Anton Turk<\/a><br><strong>Section of Ship Design<\/strong><br><em>Department of Naval Architecture and Ocean Engineering<\/em><br>Faculty of Engineering<br>Vukovarska 58<br>HR \u2013 51000 Rijeka<\/p>\n\n\n\n<h2 class=\"wp-block-heading\">Members<\/h2>\n\n\n<ul class=\"members\"><li><a href=\"https:\/\/riteh.uniri.hr\/en\/osoba\/anton-turk\/\"><img decoding=\"async\" src=\"https:\/\/riteh.uniri.hr\/wp-content\/uploads\/anton-turk-150x150.jpg\" alt=\"Anton Turk\">izv. prof. dr. sc. Anton Turk <\/a><\/li><li><a href=\"https:\/\/riteh.uniri.hr\/en\/osoba\/ivica-ancic\/\"><img decoding=\"async\" src=\"https:\/\/riteh.uniri.hr\/wp-content\/uploads\/ivica-ancic-150x150.jpg\" alt=\"Ivica An\u010di\u0107\">izv. prof. dr. sc. Ivica An\u010di\u0107 <\/a><\/li><\/ul>\n\n\n\n<p><strong>External Associates:<\/strong><br>Assoc. Prof. Marko Val\u010di\u0107<br>Ivan Margi\u0107<br>Sergej Pintar<\/p>\n\n\n\n<h2 class=\"wp-block-heading\">Courses<\/h2>\n\n\n\n<p><a href=\"https:\/\/riteh.uniri.hr\/media\/filer_public\/df\/29\/df290ea9-6884-4659-b406-61ff4012c79e\/tfr_psvst_brodogradnje_2021_en.pdf\" target=\"_blank\" rel=\"noreferrer noopener\">Undergraduate University Study of Naval Architecture<\/a><\/p>\n\n\n\n<ul class=\"wp-block-list\">\n<li><em>Ship Hull Forms<\/em> &#8211; Lecturer in charge: <a href=\"\/en\/osoba\/anton-turk\/\">Assoc. Prof. Anton Turk<\/a><\/li>\n\n\n\n<li><em>Elective Project &#8211; Ship Hull Forms<\/em> &#8211; Lecturer in charge: <a href=\"\/en\/osoba\/anton-turk\/\">Assoc. Prof. Anton Turk<\/a><\/li>\n\n\n\n<li><em>Seaworthiness and Stability of the Ship<\/em> &#8211; Lecturer in charge: <a href=\"\/en\/osoba\/anton-turk\/\">Assoc. Prof. Anton Turk<\/a><\/li>\n\n\n\n<li><em>Elective Project &#8211; Seaworthiness and Stability of the Ship<\/em> &#8211; Lecturer in charge: <a href=\"\/en\/osoba\/anton-turk\/\">Assoc. Prof. Anton Turk<\/a><\/li>\n<\/ul>\n\n\n\n<p><a href=\"https:\/\/riteh.uniri.hr\/media\/filer_public\/89\/41\/89415f59-84b0-4f20-8092-13289080a5a2\/tfr_dsvst_brodogradnje_2021_en.pdf\" target=\"_blank\" rel=\"noreferrer noopener\">Graduate University Study of Naval Architecture<\/a><\/p>\n\n\n\n<ul class=\"wp-block-list\">\n<li><em>Ship Design I<\/em> &#8211; Lecturers in charge: <a href=\"\/en\/osoba\/anton-turk\/\">Assoc. Prof. Anton Turk<\/a> and Ivan Margi\u0107<\/li>\n\n\n\n<li><em>Project II &#8211; Ship Design I<\/em> &#8211; Lecturers in charge: <a href=\"\/en\/osoba\/anton-turk\/\">Assoc. Prof. Anton Turk<\/a> and Ivan Margi\u0107<\/li>\n\n\n\n<li><em>Ship Design II<\/em> &#8211; Lecturers in charge: <a href=\"\/en\/osoba\/anton-turk\/\">Assoc. Prof. Anton Turk<\/a> and Ivan Margi\u0107<\/li>\n\n\n\n<li><em>Ship Stability in Exploitation<\/em> &#8211; Lecturer in charge: <a href=\"\/en\/osoba\/anton-turk\/\">Assoc. Prof. Anton Turk<\/a><\/li>\n\n\n\n<li><em>Project II &#8211; Ship Stability in Exploitation<\/em> &#8211; Lecturer in charge: <a href=\"\/en\/osoba\/anton-turk\/\">Assoc. Prof. Anton Turk<\/a><\/li>\n\n\n\n<li><em>Small Craft Design<\/em> &#8211; Lecturer in charge: <a href=\"\/en\/osoba\/tin-matulja\/\">Prof. Tin Matulja<\/a><\/li>\n\n\n\n<li><em>Offshore Structures and Vessels<\/em> &#8211; Lecturers in charge: <a href=\"\/en\/osoba\/jasna-prpic-orsic\/\">Prof. Jasna Prpi\u0107-Or\u0161i\u0107<\/a> and Assoc. Prof. Marko Val\u010di\u0107<\/li>\n\n\n\n<li><em>Project II &#8211; Offshore Structures and Vessels<\/em> &#8211; Lecturers in charge: <a href=\"\/en\/osoba\/jasna-prpic-orsic\/\">Prof. Jasna Prpi\u0107-Or\u0161i\u0107<\/a> and Assoc. Prof. Marko Val\u010di\u0107<\/li>\n<\/ul>\n\n\n\n<p><a href=\"https:\/\/riteh.uniri.hr\/media\/filer_public\/7a\/05\/7a05e2ac-cefc-48f1-b6f1-9620dcc2bb78\/studijski_program_st_eng.pdf\" target=\"_blank\" rel=\"noreferrer noopener\">Doctoral Study<\/a><\/p>\n\n\n\n<ul class=\"wp-block-list\">\n<li><em>Selected Chapters on Ship`s Design<\/em> &#8211; Lecturer in charge: <a href=\"\/en\/osoba\/anton-turk\/\">Assoc. Prof. Anton Turk<\/a><\/li>\n\n\n\n<li><em>Ship`s Design Methodology<\/em> &#8211; Lecturer in charge: <a href=\"\/en\/osoba\/anton-turk\/\">Assoc. Prof. Anton Turk<\/a><\/li>\n<\/ul>\n","protected":false},"excerpt":{"rendered":"<p>Contact Information Head: Assoc. Prof. Anton TurkSection of Ship DesignDepartment of Naval Architecture and Ocean EngineeringFaculty of EngineeringVukovarska 58HR \u2013 51000 Rijeka Members External Associates:Assoc. Prof. Marko Val\u010di\u0107Ivan Margi\u0107Sergej Pintar Courses Undergraduate University Study of Naval Architecture Graduate University Study of Naval Architecture Doctoral Study<\/p>\n","protected":false},"author":65,"featured_media":0,"parent":22456,"menu_order":0,"comment_status":"closed","ping_status":"closed","template":"","meta":{"_acf_changed":false,"inline_featured_image":false,"footnotes":""},"class_list":["post-41938","page","type-page","status-publish","hentry"],"acf":[],"_links":{"self":[{"href":"https:\/\/riteh.uniri.hr\/en\/wp-json\/wp\/v2\/pages\/41938","targetHints":{"allow":["GET"]}}],"collection":[{"href":"https:\/\/riteh.uniri.hr\/en\/wp-json\/wp\/v2\/pages"}],"about":[{"href":"https:\/\/riteh.uniri.hr\/en\/wp-json\/wp\/v2\/types\/page"}],"author":[{"embeddable":true,"href":"https:\/\/riteh.uniri.hr\/en\/wp-json\/wp\/v2\/users\/65"}],"replies":[{"embeddable":true,"href":"https:\/\/riteh.uniri.hr\/en\/wp-json\/wp\/v2\/comments?post=41938"}],"version-history":[{"count":2,"href":"https:\/\/riteh.uniri.hr\/en\/wp-json\/wp\/v2\/pages\/41938\/revisions"}],"predecessor-version":[{"id":43977,"href":"https:\/\/riteh.uniri.hr\/en\/wp-json\/wp\/v2\/pages\/41938\/revisions\/43977"}],"up":[{"embeddable":true,"href":"https:\/\/riteh.uniri.hr\/en\/wp-json\/wp\/v2\/pages\/22456"}],"wp:attachment":[{"href":"https:\/\/riteh.uniri.hr\/en\/wp-json\/wp\/v2\/media?parent=41938"}],"curies":[{"name":"wp","href":"https:\/\/api.w.org\/{rel}","templated":true}]}}