{"id":41936,"date":"2024-07-08T11:20:13","date_gmt":"2024-07-08T09:20:13","guid":{"rendered":"https:\/\/riteh.uniri.hr\/?page_id=41936"},"modified":"2026-03-10T12:29:46","modified_gmt":"2026-03-10T11:29:46","slug":"section-of-ship-resistance-and-propulsion","status":"publish","type":"page","link":"https:\/\/riteh.uniri.hr\/en\/organisation\/departments\/department-naval-architecture-and-ocean-engineering\/section-of-ship-resistance-and-propulsion\/","title":{"rendered":"Section of Ship Resistance and Propulsion"},"content":{"rendered":"\n<h2 class=\"wp-block-heading\">Contact Information<\/h2>\n\n\n\n<p>Head: <a href=\"\/en\/osoba\/marko-hadjina\/\">Prof. Marko Hadjina<\/a><br><strong>Section of Ship Resistance and Propulsion<\/strong><br><em>Department of Naval Architecture and Ocean Engineering<\/em><br>Faculty of Engineering<br>Vukovarska 58<br>HR &#8211; 51000 Rijeka<\/p>\n\n\n\n<h2 class=\"wp-block-heading\">Members<\/h2>\n\n\n<ul class=\"members\"><li><a href=\"https:\/\/riteh.uniri.hr\/en\/osoba\/mirela-marin\/\"><img decoding=\"async\" src=\"https:\/\/riteh.uniri.hr\/wp-content\/uploads\/mirela-marin-150x150.jpg\" alt=\"Mirela Marin\">asist. Mirela Marin <\/a><\/li><\/ul>\n\n\n\n<p><strong>External Associate:<\/strong><br>Assist. Prof. Dunja Legovi\u0107<\/p>\n\n\n\n<h2 class=\"wp-block-heading\">Courses<\/h2>\n\n\n\n<p><a href=\"https:\/\/riteh.uniri.hr\/media\/filer_public\/df\/29\/df290ea9-6884-4659-b406-61ff4012c79e\/tfr_psvst_brodogradnje_2021_en.pdf\" target=\"_blank\" rel=\"noreferrer noopener\">Undergraduate University Study of Naval Architecture<\/a><\/p>\n\n\n\n<ul class=\"wp-block-list\">\n<li><em>Marine Hydrodynamics I<\/em> &#8211; Lecturers in charge: <a href=\"\/en\/osoba\/jasna-prpic-orsic\/\">Prof. Jasna Prpi\u0107-Or\u0161i\u0107<\/a> and Assist. Prof. Dunja Legovi\u0107<\/li>\n\n\n\n<li><em>Environment Protection<\/em> &#8211; Lecturers in charge: <a href=\"\/en\/osoba\/marko-hadjina\/\">Prof.\u00a0Marko Hadjina<\/a> and <a href=\"\/en\/osoba\/anton-turk\/\">Assoc. Prof. Anton Turk<\/a><\/li>\n<\/ul>\n\n\n\n<p><a href=\"https:\/\/riteh.uniri.hr\/media\/filer_public\/89\/41\/89415f59-84b0-4f20-8092-13289080a5a2\/tfr_dsvst_brodogradnje_2021_en.pdf\" target=\"_blank\" rel=\"noreferrer noopener\">Graduate University Study of Naval Architecture<\/a><\/p>\n\n\n\n<ul class=\"wp-block-list\">\n<li><em>Marine Hydrodynamics II<\/em> &#8211; Lecturer in charge: <a href=\"\/en\/osoba\/jasna-prpic-orsic\/\">Prof. Jasna Prpi\u0107-Or\u0161i\u0107<\/a><\/li>\n\n\n\n<li><em>Project I &amp; II &#8211; Marine Hydrodynamics II<\/em> &#8211; Lecturer in charge: <a href=\"\/en\/osoba\/jasna-prpic-orsic\/\">Prof. Jasna Prpi\u0107-Or\u0161i\u0107<\/a><\/li>\n\n\n\n<li><em>Ship Propulsion Devices<\/em> &#8211; Lecturers in charge: Assist. Prof. Dunja Legovi\u0107 and <a href=\"\/en\/osoba\/marko-hadjina\/\">Prof. Marko Hadjina<\/a><\/li>\n<\/ul>\n\n\n\n<p><a href=\"https:\/\/riteh.uniri.hr\/media\/filer_public\/7a\/05\/7a05e2ac-cefc-48f1-b6f1-9620dcc2bb78\/studijski_program_st_eng.pdf\" target=\"_blank\" rel=\"noreferrer noopener\">Doctoral Study<\/a><\/p>\n\n\n\n<ul class=\"wp-block-list\">\n<li><em>Selected Chapters on Ship Resistance<\/em> &#8211; Lecturer in charge: Prof. M. Peri\u0107<\/li>\n\n\n\n<li><em>Selected Chapters on Ship Propulsion<\/em><\/li>\n<\/ul>\n","protected":false},"excerpt":{"rendered":"<p>Contact Information Head: Prof. Marko HadjinaSection of Ship Resistance and PropulsionDepartment of Naval Architecture and Ocean EngineeringFaculty of EngineeringVukovarska 58HR &#8211; 51000 Rijeka Members External Associate:Assist. Prof. Dunja Legovi\u0107 Courses Undergraduate University Study of Naval Architecture Graduate University Study of Naval Architecture Doctoral Study<\/p>\n","protected":false},"author":65,"featured_media":0,"parent":22456,"menu_order":0,"comment_status":"closed","ping_status":"closed","template":"","meta":{"_acf_changed":false,"inline_featured_image":false,"footnotes":""},"class_list":["post-41936","page","type-page","status-publish","hentry"],"acf":[],"_links":{"self":[{"href":"https:\/\/riteh.uniri.hr\/en\/wp-json\/wp\/v2\/pages\/41936","targetHints":{"allow":["GET"]}}],"collection":[{"href":"https:\/\/riteh.uniri.hr\/en\/wp-json\/wp\/v2\/pages"}],"about":[{"href":"https:\/\/riteh.uniri.hr\/en\/wp-json\/wp\/v2\/types\/page"}],"author":[{"embeddable":true,"href":"https:\/\/riteh.uniri.hr\/en\/wp-json\/wp\/v2\/users\/65"}],"replies":[{"embeddable":true,"href":"https:\/\/riteh.uniri.hr\/en\/wp-json\/wp\/v2\/comments?post=41936"}],"version-history":[{"count":3,"href":"https:\/\/riteh.uniri.hr\/en\/wp-json\/wp\/v2\/pages\/41936\/revisions"}],"predecessor-version":[{"id":49142,"href":"https:\/\/riteh.uniri.hr\/en\/wp-json\/wp\/v2\/pages\/41936\/revisions\/49142"}],"up":[{"embeddable":true,"href":"https:\/\/riteh.uniri.hr\/en\/wp-json\/wp\/v2\/pages\/22456"}],"wp:attachment":[{"href":"https:\/\/riteh.uniri.hr\/en\/wp-json\/wp\/v2\/media?parent=41936"}],"curies":[{"name":"wp","href":"https:\/\/api.w.org\/{rel}","templated":true}]}}