{"id":41793,"date":"2024-07-08T11:20:10","date_gmt":"2024-07-08T09:20:10","guid":{"rendered":"https:\/\/riteh.uniri.hr\/?page_id=41793"},"modified":"2025-10-03T08:11:54","modified_gmt":"2025-10-03T06:11:54","slug":"section-of-ship-dynamics","status":"publish","type":"page","link":"https:\/\/riteh.uniri.hr\/en\/organisation\/departments\/department-naval-architecture-and-ocean-engineering\/section-of-ship-dynamics\/","title":{"rendered":"Section of Ship Dynamics"},"content":{"rendered":"\n<h2 class=\"wp-block-heading\">Contact Information<\/h2>\n\n\n\n<p>Head: <a href=\"\/en\/osoba\/jasna-prpic-orsic\/\">Prof. Jasna Prpi\u0107-Or\u0161i\u0107<\/a><br><strong>Section of Ship Dynamics<\/strong><br><em>Department of Naval Architecture and Ocean Engineering<\/em><br>Faculty of Engineering<br>Vukovarska 58<br>HR &#8211; 51000 Rijeka<\/p>\n\n\n\n<h2 class=\"wp-block-heading\">Members<\/h2>\n\n\n<ul class=\"members\"><li><a href=\"https:\/\/riteh.uniri.hr\/en\/osoba\/jasna-prpic-orsic\/\"><img decoding=\"async\" src=\"https:\/\/riteh.uniri.hr\/wp-content\/uploads\/jasna-prpic-orsic-150x150.jpg\" alt=\"Jasna Prpi\u0107-Or\u0161i\u0107\">prof. dr. sc. Jasna Prpi\u0107-Or\u0161i\u0107 <\/a><\/li><li><a href=\"https:\/\/riteh.uniri.hr\/en\/osoba\/ivan-sulovsky\/\"><img decoding=\"async\" src=\"https:\/\/riteh.uniri.hr\/wp-content\/uploads\/Ivan-Sulovsky-1-150x150.jpg\" alt=\"Ivan Sulovsky\">asist. dr. sc. Ivan Sulovsky <\/a><\/li><li><a href=\"https:\/\/riteh.uniri.hr\/en\/osoba\/marijana-marjanovic\/\"><img decoding=\"async\" src=\"https:\/\/riteh.uniri.hr\/wp-content\/uploads\/Marijana-Marjanovic-150x150.jpeg\" alt=\"Marijana Marjanovi\u0107\">asist. dr. sc. Marijana Marjanovi\u0107 <\/a><\/li><\/ul>\n\n\n\n<p><strong>External Associates:<\/strong><br>Assoc. Prof. Marko Val\u010di\u0107<br>Sergej Pintar<\/p>\n\n\n\n<h2 class=\"wp-block-heading\">Courses<\/h2>\n\n\n\n<p><a href=\"https:\/\/riteh.uniri.hr\/media\/filer_public\/df\/29\/df290ea9-6884-4659-b406-61ff4012c79e\/tfr_psvst_brodogradnje_2021_en.pdf\" target=\"_blank\" rel=\"noreferrer noopener\">Undergraduate University Study of Naval Architecture<\/a><\/p>\n\n\n\n<ul class=\"wp-block-list\">\n<li><em>Basic Ship Dynamics<\/em> &#8211; Lecturer in charge: <a href=\"\/en\/osoba\/jasna-prpic-orsic\/\">Prof. Jasna Prpi\u0107-Or\u0161i\u0107<\/a><\/li>\n\n\n\n<li><em>Introduction to Guidance and Control of Marine Vehicles<\/em> &#8211; Lecturer in charge: <a href=\"\/en\/osoba\/jasna-prpic-orsic\/\">Prof. Jasna Prpi\u0107-Or\u0161i\u0107<\/a><\/li>\n\n\n\n<li><em>Introduction to Oceanography<\/em> &#8211; Lecturer in charge: <a href=\"\/en\/osoba\/jasna-prpic-orsic\/\">Prof. Jasna Prpi\u0107-Or\u0161i\u0107<\/a><\/li>\n\n\n\n<li><em>Introduction to Marine Technology<\/em> &#8211; Lecturer in charge: <a href=\"\/en\/osoba\/jasna-prpic-orsic\/\">Prof. Jasna Prpi\u0107-Or\u0161i\u0107<\/a><\/li>\n<\/ul>\n\n\n\n<p><a href=\"https:\/\/riteh.uniri.hr\/media\/filer_public\/89\/41\/89415f59-84b0-4f20-8092-13289080a5a2\/tfr_dsvst_brodogradnje_2021_en.pdf\" target=\"_blank\" rel=\"noreferrer noopener\">Graduate University Study of Naval Architecture<\/a><\/p>\n\n\n\n<ul class=\"wp-block-list\">\n<li><em>Dynamics of Offshore Structures<\/em> &#8211; Lecturer in charge: <a href=\"\/en\/osoba\/jasna-prpic-orsic\/\">Prof. Jasna Prpi\u0107-Or\u0161i\u0107<\/a><\/li>\n\n\n\n<li><em>Seakeeping<\/em> &#8211; Lecturer in charge: <a href=\"\/en\/osoba\/jasna-prpic-orsic\/\">Prof. Jasna Prpi\u0107-Or\u0161i\u0107<\/a><\/li>\n\n\n\n<li><em>Project II &#8211; Seakeeping<\/em> &#8211; Lecturer in charge: <a href=\"https:\/\/riteh.uniri.hr\/osoba\/jasna-prpic-orsic\/\">Prof. Jasna Prpi\u0107-Or\u0161i\u0107<\/a><\/li>\n\n\n\n<li><em>Offshore Operations<\/em> &#8211; Lecturers in charge: <a href=\"\/en\/osoba\/jasna-prpic-orsic\/\">Prof. Jasna Prpi\u0107-Or\u0161i\u0107<\/a> and Assoc. Prof. Marko Val\u010di\u0107<\/li>\n\n\n\n<li><em>Project II &#8211; Offshore Operations <\/em>&#8211; Lecturers in charge: <a href=\"\/en\/osoba\/jasna-prpic-orsic\/\">Prof. Jasna Prpi\u0107-Or\u0161i\u0107<\/a> and Assoc. Prof. Marko Val\u010di\u0107<\/li>\n<\/ul>\n\n\n\n<p><a href=\"https:\/\/riteh.uniri.hr\/media\/filer_public\/7a\/05\/7a05e2ac-cefc-48f1-b6f1-9620dcc2bb78\/studijski_program_st_eng.pdf\" target=\"_blank\" rel=\"noreferrer noopener\">Doctoral Study<\/a><\/p>\n\n\n\n<ul class=\"wp-block-list\">\n<li><em>Selected Topics in Marine Dynamics<\/em> &#8211; Lecturer in charge: <a href=\"\/en\/osoba\/jasna-prpic-orsic\/\">Prof. Jasna Prpi\u0107-Or\u0161i\u0107<\/a><\/li>\n\n\n\n<li><em>Seakeeping and Maneuverability<\/em> &#8211; Lecturers in charge: <a href=\"\/en\/osoba\/jasna-prpic-orsic\/\">Prof. Jasna Prpi\u0107-Or\u0161i\u0107<\/a> and Assoc. Prof. Marko Val\u010di\u0107<\/li>\n<\/ul>\n\n\n\n<p><\/p>\n","protected":false},"excerpt":{"rendered":"<p>Contact Information Head: Prof. Jasna Prpi\u0107-Or\u0161i\u0107Section of Ship DynamicsDepartment of Naval Architecture and Ocean EngineeringFaculty of EngineeringVukovarska 58HR &#8211; 51000 Rijeka Members External Associates:Assoc. Prof. Marko Val\u010di\u0107Sergej Pintar Courses Undergraduate University Study of Naval Architecture Graduate University Study of Naval Architecture Doctoral Study<\/p>\n","protected":false},"author":65,"featured_media":0,"parent":22456,"menu_order":0,"comment_status":"closed","ping_status":"closed","template":"","meta":{"_acf_changed":false,"inline_featured_image":false,"footnotes":""},"class_list":["post-41793","page","type-page","status-publish","hentry"],"acf":[],"_links":{"self":[{"href":"https:\/\/riteh.uniri.hr\/en\/wp-json\/wp\/v2\/pages\/41793","targetHints":{"allow":["GET"]}}],"collection":[{"href":"https:\/\/riteh.uniri.hr\/en\/wp-json\/wp\/v2\/pages"}],"about":[{"href":"https:\/\/riteh.uniri.hr\/en\/wp-json\/wp\/v2\/types\/page"}],"author":[{"embeddable":true,"href":"https:\/\/riteh.uniri.hr\/en\/wp-json\/wp\/v2\/users\/65"}],"replies":[{"embeddable":true,"href":"https:\/\/riteh.uniri.hr\/en\/wp-json\/wp\/v2\/comments?post=41793"}],"version-history":[{"count":7,"href":"https:\/\/riteh.uniri.hr\/en\/wp-json\/wp\/v2\/pages\/41793\/revisions"}],"predecessor-version":[{"id":43973,"href":"https:\/\/riteh.uniri.hr\/en\/wp-json\/wp\/v2\/pages\/41793\/revisions\/43973"}],"up":[{"embeddable":true,"href":"https:\/\/riteh.uniri.hr\/en\/wp-json\/wp\/v2\/pages\/22456"}],"wp:attachment":[{"href":"https:\/\/riteh.uniri.hr\/en\/wp-json\/wp\/v2\/media?parent=41793"}],"curies":[{"name":"wp","href":"https:\/\/api.w.org\/{rel}","templated":true}]}}