{"id":22518,"date":"2024-07-08T11:19:39","date_gmt":"2024-07-08T09:19:39","guid":{"rendered":"http:\/\/127.0.0.1:8080\/en\/science\/research-and-projects\/simmat-en\/"},"modified":"2024-10-09T13:41:17","modified_gmt":"2024-10-09T13:41:17","slug":"simmat-en","status":"publish","type":"page","link":"https:\/\/riteh.uniri.hr\/en\/science\/research-and-projects\/simmat-en\/","title":{"rendered":"SIMMAT"},"content":{"rendered":"\n<h2 class=\"wp-block-heading\">Modelling and simulation in development of advanced materials &#8211; SIMMAT<\/h2>\n\n\n\n<p>01.12.2019. &#8211; 30.11.2023.<\/p>\n\n\n\n<pre class=\"wp-block-code\"><code>This work has been supported by Croatian Science Foundation under the project number IP-2019-04-3607<\/code><\/pre>\n\n\n\n<figure class=\"wp-block-image size-large\"><img decoding=\"async\" src=\"\/media\/filer_public_thumbnails\/filer_public\/20\/0b\/200bb2ef-cdb3-47d9-a631-49976d1dc0fd\/logo_engleski.jpg__880x81_q92_subsampling-2_upscale.jpg\" alt=\"logo engleski.jpg\"\/><\/figure>\n\n\n\n<p>Within the framework of the implementation of the project SIMMAT during the next four years, the developement of a unified methodology for the characterization of the behaviour of composite materials and titanium alloys produced by additive technologies, is expected. The project proposes setting foundations for the research and allows the connection of members of the proposed scientific groups and ensures their international visibility and contributes to the overall development of the field of material research in Croatia.<\/p>\n\n\n\n<p><a href=\"\/media\/filer_public\/1d\/01\/1d01be77-a0b1-4367-ac51-acffa43cae1a\/simmat_poster.pdf\">Presentation<\/a><\/p>\n\n\n\n<h3 class=\"wp-block-heading\">Summary<\/h3>\n\n\n\n<p><a href=\"\">Anisotropy in materials structure is expected in components manufactured using additive technologies and it is expected to further increase by the addition of fibers. As a result, designing and analyzing additively produced composites require &#8230;<\/a><\/p>\n\n\n\n<figure class=\"wp-block-image size-large\"><img decoding=\"async\" src=\"\/media\/filer_public_thumbnails\/filer_public\/09\/63\/09637b52-cdb8-4d5a-ac46-c1e6ea426a64\/4.jpg__864x377_q92_crop_subsampling-2_upscale.jpg\" alt=\"4.jpg\"\/><\/figure>\n\n\n\n<h3 class=\"wp-block-heading\"><\/h3>\n\n\n\n<h3 class=\"wp-block-heading\">News<\/h3>\n\n\n\n<p><\/p>\n\n\n\n<p><\/p>\n\n\n\n<p><\/p>\n\n\n\n<p><\/p>\n\n\n\n<p><\/p>\n\n\n\n<p><a href=\"\/media\/filer_public\/74\/b8\/74b88207-a2db-4154-a05d-66f4e03ba9a3\/motivation.pdf\">Motivation<\/a><\/p>\n\n\n\n<p><a href=\"\/media\/filer_public\/a9\/24\/a924e517-0716-4130-868a-41d789b8e573\/methodology.pdf\">Methodology<\/a><\/p>\n\n\n\n<p><a href=\"\/media\/filer_public\/3a\/dc\/3adc1901-8c83-4835-bd06-ebce291bebe3\/goals.pdf\">Goals<\/a><\/p>\n\n\n\n<p><a href=\"\/media\/filer_public\/c1\/a8\/c1a89ac2-6b68-4ad4-8a2d-67004945a9e5\/results.pdf\">Results<\/a><\/p>\n\n\n\n<p><\/p>\n\n\n\n<p><\/p>\n\n\n\n<h3 class=\"wp-block-heading\">Project team<\/h3>\n\n\n\n<p><a href=\"http:\/\/www.riteh.uniri.hr\/osoba\/marina-franulovic\">Prof. D. Sc. Marina Franulovi\u0107<\/a><\/p>\n\n\n\n<p><a href=\"https:\/\/www.sfsb.unios.hr\/fakultet\/ustroj\/zsk\/dkozak\">Prof. D. Sc. Dra\u017ean Kozak<\/a><\/p>\n\n\n\n<p><a href=\"http:\/\/www.riteh.uniri.hr\/osoba\/kristina-markovic\">Doc. D. Sc. Kristina Markovi\u0107<\/a><\/p>\n\n\n\n<p><a href=\"http:\/\/www.riteh.uniri.hr\/osoba\/matej-gljuscic\">Matej Glju\u0161\u0107i\u0107, mag. ing. nav. arch.<\/a><\/p>\n\n\n\n<p><a href=\"http:\/\/www.riteh.uniri.hr\/osoba\/david-liovic\">David Liovi\u0107, mag. ing. mech.<\/a><\/p>\n\n\n\n<p><a href=\"http:\/\/www.riteh.uniri.hr\/osoba\/maja-dundovic\">Maja Dundovi\u0107, mag. ing. mech.<\/a><\/p>\n","protected":false},"excerpt":{"rendered":"<p>Modelling and simulation in development of advanced materials &#8211; SIMMAT 01.12.2019. &#8211; 30.11.2023. Within the framework of the implementation of the project SIMMAT during the next four years, the developement of a unified methodology for the characterization of the behaviour of composite materials and titanium alloys produced by additive technologies, is expected. The project proposes [&hellip;]<\/p>\n","protected":false},"author":3,"featured_media":0,"parent":22495,"menu_order":0,"comment_status":"closed","ping_status":"closed","template":"","meta":{"_acf_changed":false,"inline_featured_image":false,"footnotes":""},"class_list":["post-22518","page","type-page","status-publish","hentry"],"acf":[],"_links":{"self":[{"href":"https:\/\/riteh.uniri.hr\/en\/wp-json\/wp\/v2\/pages\/22518","targetHints":{"allow":["GET"]}}],"collection":[{"href":"https:\/\/riteh.uniri.hr\/en\/wp-json\/wp\/v2\/pages"}],"about":[{"href":"https:\/\/riteh.uniri.hr\/en\/wp-json\/wp\/v2\/types\/page"}],"author":[{"embeddable":true,"href":"https:\/\/riteh.uniri.hr\/en\/wp-json\/wp\/v2\/users\/3"}],"replies":[{"embeddable":true,"href":"https:\/\/riteh.uniri.hr\/en\/wp-json\/wp\/v2\/comments?post=22518"}],"version-history":[{"count":3,"href":"https:\/\/riteh.uniri.hr\/en\/wp-json\/wp\/v2\/pages\/22518\/revisions"}],"predecessor-version":[{"id":24426,"href":"https:\/\/riteh.uniri.hr\/en\/wp-json\/wp\/v2\/pages\/22518\/revisions\/24426"}],"up":[{"embeddable":true,"href":"https:\/\/riteh.uniri.hr\/en\/wp-json\/wp\/v2\/pages\/22495"}],"wp:attachment":[{"href":"https:\/\/riteh.uniri.hr\/en\/wp-json\/wp\/v2\/media?parent=22518"}],"curies":[{"name":"wp","href":"https:\/\/api.w.org\/{rel}","templated":true}]}}