{"id":22513,"date":"2024-07-08T11:19:38","date_gmt":"2024-07-08T09:19:38","guid":{"rendered":"http:\/\/127.0.0.1:8080\/en\/science\/research-and-projects\/hexener\/results\/"},"modified":"2025-02-17T09:39:01","modified_gmt":"2025-02-17T08:39:01","slug":"results","status":"publish","type":"page","link":"https:\/\/riteh.uniri.hr\/en\/science\/research-and-projects\/hexener\/results\/","title":{"rendered":"Results"},"content":{"rendered":"\n<h2 class=\"wp-block-heading\"><br>\nRESULTS<\/h2>\n\n\n\n<p><\/p>\n\n\n\n<h3 class=\"wp-block-heading\"><strong>Doctoral dissertations<\/strong><\/h3>\n\n\n\n<p>Batista, Josip: <em>Analysis of fin-and-tube heat exchanger performance enhancement by installing vortex generators<\/em>, 2022.<\/p>\n\n\n\n<p>Torbarina, Fran: <em>Energy efficiency analysis of thermal systems with latent thermal energy storage<\/em>, 2022.<\/p>\n\n\n\n<p>Kirin\u010di\u0107, Mateo: <em>Experimental and numerical analysis of the latent thermal energy storage performance enhancement<\/em>, 2021.<\/p>\n\n\n\n<p><\/p>\n\n\n\n<h3 class=\"wp-block-heading\"><strong>Published papers<\/strong><\/h3>\n\n\n\n<p>Batista, Josip; Trp, Anica; Leni\u0107, Kristian; Kirin\u010di\u0107, Mateo: <em>The influence of geometry parameters of rectangular vortex generators on the air-to-water fin-and-tube heat exchanger efficiency enhancement,<\/em> International communications in heat and mass transfer, 162, 108647, 2025.<\/p>\n\n\n\n<p>Kirin\u010di\u0107, Mateo; Trp, Anica; Leni\u0107, Kristian; Batista, Josip: <em>Assessment of Fin Thickness Influence on Melting and Solidification Processes Inside Longitudinally Finned Latent Thermal Energy Storage, <\/em>Proceedings of the 15<sup>th<\/sup> International Conference on Solar Energy for Buildings and Industry (EuroSun 2024), Limassol, Cyprus, 26.-30.8.2024., 561-572.<\/p>\n\n\n\n<p>Torbarina, Fran; Leni\u0107, Kristian; Trp, Anica; Wolf, Igor: <em>A comparison study of different latent thermal energy storage roles in heating systems with heat pump, <\/em>Proceedings of the International Renewable Energy Storage and Systems Conference (IRES 2023), Aachen, Germany, 28.-30.11.2023., 195-204.<\/p>\n\n\n\n<p>Torbarina, Fran; Leni\u0107, Kristian; Trp, Anica; Kirin\u010di\u0107, Mateo: <em>Parametric analysis of system performance and cost of heating systems with heat pump and latent thermal energy storage<\/em>, Applied Thermal Engineering, 252, 123717, 2024.<\/p>\n\n\n\n<p>Kirin\u010di\u0107, Mateo; Trp, Anica; Leni\u0107, Kristian; Batista, Josip: <em>Latent thermal energy storage performance enhancement through optimization of geometry parameters<\/em>, Applied Energy, 365, 123255, 2024.<\/p>\n\n\n\n<p>Blecich, Paolo; Batista, Josip; Kirin\u010di\u0107, Mateo; Trp, Anica; Leni\u0107, Kristian: <em>Numerical study of heat transfer and fluid flow in the offset strip-fin heat exchanger: A fin-by-fin analysis<\/em>, International Communications in Heat and Mass Transfer, 154, 107434, 2024.<\/p>\n\n\n\n<p>Kirin\u010di\u0107, Mateo; Trp, Anica; Leni\u0107, Kristian; Torbarina, Fran: <em>Numerical analysis of the influence of geometry parameters on charging and discharging performance of shell-and-tube latent thermal energy storage with longitudinal fins<\/em>, Applied Thermal Engineering, 236 (A), 121385, 2024.<\/p>\n\n\n\n<p>Torbarina, Fran; Trp, Anica; Leni\u0107, Kristian: <em>Numerical Analysis of Geometry Influence on Heat Transfer in a Slotted Fin and Tube Heat Exchanger<\/em>, Heat Transfer Engineering, 44 (5), 411-425, 2023.<\/p>\n\n\n\n<p>Kirin\u010di\u0107, Mateo; Trp, Anica; Leni\u0107, Kristian; Batista, Josip: <em>Influence of fin number on paraffin melting and solidification in the longitudinally finned latent thermal energy storage<\/em>, Book of Abstracts of the mESC-IS 2022, 6th International Symposium on Materials for Energy Storage and Conversion, Bol, Croatia, 5.-8.7.2022., 27-27.<\/p>\n\n\n\n<p>Batista, Josip; Trp, Anica; Leni\u0107, Kristian: <em>Experimentally validated numerical modeling of heat transfer in crossflow air-to-water fin-and-tube heat exchanger<\/em>, Applied Thermal Engineering, 212, 118528, 2022.<\/p>\n\n\n\n<p>Torbarina, Fran; Leni\u0107, Kristian; Trp, Anica: <em>Computational Model of Shell and Finned Tube Latent Thermal Energy Storage Developed as a New TRNSYS Type<\/em>, Energies, 15 (7), 2434, 2022.<\/p>\n\n\n\n<p>Batista, Josip; Trp, Anica; Leni\u0107, Kristian: <em>Heat Transfer Enhancement of Crossflow Air-to-Water Fin-and-Tube Heat Exchanger by Using Delta-Winglet Type Vortex Generators<\/em>, Energies, 15 (6), 2070, 2022.<\/p>\n\n\n\n<p>Torbarina, Fran; Leni\u0107, Kristian; Trp, Anica; Kirin\u010di\u0107, Mateo: <i>Numerical Model of System with Heat Pump and Latent Thermal Energy Storage<\/i>, Proceedings of the ISES Solar World Conference \/ Renn\u00e9, Dave &#8211; Freiburgh, International Solar Energy Society, 25.-29.10.2021., 943-949.<\/p>\n\n\n\n<p>Kirin\u010di\u0107, Mateo; Trp, Anica; Leni\u0107, Kristian: <em>Numerical evaluation of the latent heat thermal energy storage performance enhancement by installing longitudinal fins<\/em>, Journal of Energy Storage, 42, 103085, 2021.<\/p>\n\n\n\n<p>Kirin\u010di\u0107, Mateo; Trp, Anica; Leni\u0107, Kristian: <em>Influence of natural convection during melting and solidification of paraffin in a longitudinally finned shell-and-tube latent thermal energy storage on the applicability of developed numerical models<\/em>, Renewable Energy, 179, 1329-1344, 2021.<\/p>\n\n\n\n<p>Blecich, Paolo; Trp, Anica; Leni\u0107, Kristian; <em>Thermal performance analysis of fin-and-tube heat exchangers operating with airflow nonuniformity, <\/em>International Journal of Thermal Sciences, 164 (2021), 106887.<\/p>\n\n\n\n<p>Torbarina, Fran; Trp, Anica; Leni\u0107, Kristian; Kirin\u010di\u0107, Mateo; Dela\u010d, Boris: <em>Modelling of Heat Pump System with Air and Solar Heat Sources Including Latent Thermal Energy Storage<\/em>, Proceedings of World Renewable Energy Congress (WREC) 2020, Lisbon, Portugal, 26.-30.7.2021.<\/p>\n\n\n\n<p>Kirin\u010di\u0107, Mateo; Trp, Anica; Leni\u0107, Kristian; Torbarina, Fran: <em>Latent thermal energy storage charging and discharging: a numerical study<\/em>, Book of Abstracts of the ENERSTOCK 2021, 15th International Virtual Conference on Energy Storage, Ljubljana, Slovenia, 9.-11.6.2021., 82-83.<\/p>\n\n\n\n<p>Batista, Josip; Trp, Anica; <em>Optimization of fin-and-tube heat exchanger by response surface methodology and genetic algorithm<\/em>, Proceedings of 4th annual conference for doctoral students of engineering and technology My First Conference, 2020, University of Rijeka, Faculty of Engineering, Rijeka.<\/p>\n\n\n\n<p>Torbarina, Fran; Leni\u0107, Kristian; Bonefa\u010di\u0107, Igor; <em>Thermodynamic analysis of air source compression heat pump<\/em>, Proceedings of 4th annual conference for doctoral students of engineering and technology My First Conference, 2020, University of Rijeka, Faculty of Engineering, Rijeka.<\/p>\n\n\n\n<p>Kirin\u010di\u0107, Mateo; Trp, Anica; <em>Numerical analysis of the influence of baffles on heat transfer and pressure drop in a shell-and-tube heat exchanger<\/em>, Proceedings of 4th annual conference for doctoral students of engineering and technology My First Conference, 2020, University of Rijeka, Faculty of Engineering, Rijeka.<\/p>\n\n\n\n<p>Kirin\u010di\u0107, Mateo; Trp, Anica; Leni\u0107, Kristian; Torbarina, Fran; <em>Experimental analysis of latent thermal energy storage charging and discharging<\/em>, Proceedings of ISES Conference EuroSun 2020, Athens, Greece, 1.-3.9.2020, 678-686.<\/p>\n\n\n\n<p>Gla\u017ear, Vladimir; Trp, Anica; Leni\u0107, Kristian; <em>Optimization of air-water microchannel heat exchanger using response surface methodology, <\/em>International Journal of Heat and Mass Transfer, 157 (2020), 119887.<\/p>\n\n\n\n<p>Batista, Josip; Leni\u0107, Kristian; Trp, Anica; Torbarina, Fran; <em>A comparison study of sensible and latent thermal energy storage used in domestic hot water solar heating system<\/em>, Proceedings of the 14th International Renewable Energy Storage Conference (IRES), 2020, Duesseldorf, Germany, 199-205.<\/p>\n\n\n\n<p>Kirin\u010di\u0107, Mateo; Trp, Anica; Leni\u0107, Kristian; Wolf, Igor; <em>Experimental investigation on melting of paraffin in latent thermal energy storage<\/em>, Proceedings of the 14th International Renewable Energy Storage Conference (IRES), 2020, Duesseldorf, Germany, 193-198.<\/p>\n\n\n\n<p>Torbarina, Fran; Leni\u0107, Kristian; Wolf, Igor; <em>High efficiency domestic hot water system powered by solar energy<\/em>, Proceedings of 3rd annual conference for doctoral students of engineering and technology My First Conference, 2019, University of Rijeka, Faculty of Civil Engineering, Rijeka.<\/p>\n\n\n\n<p>Batista, Josip; Trp, Anica; Leni\u0107, Kristian; <em>Numerical investigation of heat transfer and fluid flow in plain fin-and-tube heat exchanger<\/em>, Proceedings of 3rd annual conference for doctoral students of engineering and technology My First Conference, 2019, University of Rijeka, Faculty of Civil Engineering, Rijeka.<\/p>\n\n\n\n<p>Kirin\u010di\u0107, Mateo; Trp, Anica; Leni\u0107, Kristian; <em>Optimization of a small size shell and tube heat exchanger using response surface methodology<\/em>, Proceedings of 3rd annual conference for doctoral students of engineering and technology My First Conference, 2019, University of Rijeka, Faculty of Civil Engineering, Rijeka.<\/p>\n\n\n\n<p>Blecich, Paolo; Trp, Anica; Leni\u0107, Kristian; Batista, Josip; <em>The Effects of Airflow Nonuniformity on Fin-and-Tube Heat Exchangers: An Experimental Study<\/em>, Proceedings of 14th International Conference on Heat Transfer, Fluid Mechanics and Thermodynamics (HEFAT 2019), Wicklow, Ireland, 22-24.7.2019, 1416-1421.<\/p>\n\n\n\n<p>Gla\u017ear, Vladimir; Trp, Anica; Leni\u0107, Kristian; <em>Microchannel heat exchanger air side heat transfer analysis and optimization<\/em>, Proceedings of 14th International Conference on Heat Transfer, Fluid Mechanics and Thermodynamics (HEFAT 2019), Wicklow, Ireland, 22-24.7.2019, 978-983.<\/p>\n\n\n\n<p>Blecich, Paolo; Trp, Anica; Leni\u0107, Kristian: Calculation Method for Fin-and-Tube Heat Exchangers Operating with Nonuniform Airflow, Proceedings of 8th International Conference on Energy and Sustainability, 2019, WIT Press, Coimbra, Portugal, 3-5.7.2019, 13-24.<\/p>\n\n\n\n<p>Gla\u017ear, Vladimir; Trp, Anica; Leni\u0107, Kristian; Torbarina, Fran; <em>Numerical analysis of heat transfer in air-water heat exchanger with microchannel coil<\/em>, Proceedings of the 3rd International Conference on Power, Energy and Mechanical Engineering (ICPEME 2019), Prague, Czech Republic, 2019.<\/p>\n\n\n\n<p>Gla\u017ear, Vladimir; Trp, Anica; Leni\u0107, Kristian; Kirin\u010di\u0107, Mateo; <em>Experimental Analysis of Air-Water Heat Exchanger with Microchannel Coil Exposed to Different Working Parameters<\/em>, Proceedings of ISES Conference EuroSun 2018, Rapperswill, Switzerland, 2018., 235-356.<\/p>\n\n\n\n<p>Ma\u0111eri\u0107, Damir; Pavkovi\u0107, Branimir; Leni\u0107, Kristian; <em>An experimental research on energy efficiency of a beverage cooler with the latent heat storage<\/em> , Applied Thermal Engineering, 148 (2018) 5, 270-277.<\/p>\n\n\n\n<p>Blecich, Paolo; Sen\u010di\u0107, Tomislav; Wolf, Igor; Bonefa\u010di\u0107, Igor; <em>Numerical investigation of heat and mass transfer inside a wet cooling tower<\/em>, Tehni\u010dki glasnik, 12 (2018) 3, 131-138.<\/p>\n\n\n\n<p><\/p>\n","protected":false},"excerpt":{"rendered":"<p>RESULTS Doctoral dissertations Batista, Josip: Analysis of fin-and-tube heat exchanger performance enhancement by installing vortex generators, 2022. Torbarina, Fran: Energy efficiency analysis of thermal systems with latent thermal energy storage, 2022. Kirin\u010di\u0107, Mateo: Experimental and numerical analysis of the latent thermal energy storage performance enhancement, 2021. Published papers Batista, Josip; Trp, Anica; Leni\u0107, Kristian; Kirin\u010di\u0107, [&hellip;]<\/p>\n","protected":false},"author":3,"featured_media":0,"parent":22509,"menu_order":0,"comment_status":"closed","ping_status":"closed","template":"","meta":{"_acf_changed":false,"inline_featured_image":false,"footnotes":""},"class_list":["post-22513","page","type-page","status-publish","hentry"],"acf":[],"_links":{"self":[{"href":"https:\/\/riteh.uniri.hr\/en\/wp-json\/wp\/v2\/pages\/22513","targetHints":{"allow":["GET"]}}],"collection":[{"href":"https:\/\/riteh.uniri.hr\/en\/wp-json\/wp\/v2\/pages"}],"about":[{"href":"https:\/\/riteh.uniri.hr\/en\/wp-json\/wp\/v2\/types\/page"}],"author":[{"embeddable":true,"href":"https:\/\/riteh.uniri.hr\/en\/wp-json\/wp\/v2\/users\/3"}],"replies":[{"embeddable":true,"href":"https:\/\/riteh.uniri.hr\/en\/wp-json\/wp\/v2\/comments?post=22513"}],"version-history":[{"count":5,"href":"https:\/\/riteh.uniri.hr\/en\/wp-json\/wp\/v2\/pages\/22513\/revisions"}],"predecessor-version":[{"id":38450,"href":"https:\/\/riteh.uniri.hr\/en\/wp-json\/wp\/v2\/pages\/22513\/revisions\/38450"}],"up":[{"embeddable":true,"href":"https:\/\/riteh.uniri.hr\/en\/wp-json\/wp\/v2\/pages\/22509"}],"wp:attachment":[{"href":"https:\/\/riteh.uniri.hr\/en\/wp-json\/wp\/v2\/media?parent=22513"}],"curies":[{"name":"wp","href":"https:\/\/api.w.org\/{rel}","templated":true}]}}