{"id":22508,"date":"2024-07-08T11:19:37","date_gmt":"2024-07-08T09:19:37","guid":{"rendered":"http:\/\/127.0.0.1:8080\/en\/science\/research-and-projects\/gasdorp\/"},"modified":"2024-09-04T13:09:27","modified_gmt":"2024-09-04T13:09:27","slug":"gasdorp","status":"publish","type":"page","link":"https:\/\/riteh.uniri.hr\/en\/science\/research-and-projects\/gasdorp\/","title":{"rendered":"Gasdorp"},"content":{"rendered":"\n\n<h1 class=\"wp-block-heading\"> Greener Approach to Ship Design and Optimal Route Planning (GASDORP)<\/h1>\n\n\n<figure class=\"wp-block-image size-large\"><img decoding=\"async\" alt=\"hrzz_logo.png\" src=\"\/media\/filer_public_thumbnails\/filer_public\/aa\/84\/aa849526-1548-409d-b3dc-bc78735cb580\/hrzz_logo.png__214x81_q92_crop_subsampling-2_upscale.png\"\/><\/figure>\n\n\n<pre class=\"wp-block-preformatted\">Funded by: Croatian Science Foundation - HRZZ-IP-2013-11-8722<\/pre>\n\n\n<p>   Principal researcher: Prof. Jasna Prpi\u0107-Or\u0161i\u0107<br\/>\nHost institution: University of Rijeka, Faculty of Engineering, Rijeka, Croatia<br\/>\nProject duration: 2014-2018<br\/>\nFunding: Croatian Science Foundation (HRZZ-IP-2013-11-8722) <br\/><\/p>\n\n\n<p><u>Contact<\/u><br\/>\nProf. Jasna Prpi\u0107-Or\u0161i\u0107, PhD<br\/>\nUniversity of Rijeka, Faculty of Engineering<br\/>\nDepartment of Naval Architecture and Ocean Engineering<br\/>\nVukovarska 58, 51000 Rijeka, Croatia<br\/>\ne. jasnapo@riteh.hr<br\/>\nt. +385 51 651 452 <\/p>\n\n\n<h2 class=\"wp-block-heading\">Project summary<\/h2>\n\n\n<p>The accurate calculation of attainable ship speed at actual sea is essential from economical and also environmental aspects. Reliable ship speed loss estimation under real environmental conditions allows a more accurate prediction of the power increase and fuel consumption as well as gas emissions from ships. Nowadays this second issue becomes very important because of the problem of global warming. Following the increasing awareness of the environmental and human health concerns of shipping, legislative actions have been taken on global and national levels making mandatory (from January 1st 2013) that new ships over 400 gross tonnage, to comply with the regulations, should have emissions of CO<sub>2<\/sub> under limiting value. Technological enhancement to ships like improved hull designs as well as improvement in power and propulsion systems could potentially reduce CO<sub>2<\/sub> emission up to 35 %. These measures could effectively be combined with several other operational measures, such as weather routing and voyage planning, in order to ensure that fuel consumption and CO<sub>2<\/sub> emissions from ships are minimized on every voyage. The proposed research has been conducted in three main areas:<\/p>\n\n\n<ol class=\"wp-block-list\">\n\n<li>Improvement of the methodology of ship speed, fuel consumption and greenhouse gases (GHG) emission (especially CO<sub>2<\/sub>) calculation on actual weather conditions<\/li>\n\n\n<li>Optimization of the ship hull (bow and stern) and ship propulsion system operating in actual weather condition<\/li>\n\n\n<li>Optimization of ship route by taking into account all relevant parameters: weather prediction, attainable ship speed on waves, main engine performance and navigation constrains.<\/li>\n\n<\/ol>\n\n\n<p>The main objective was to improve ship design and performance taking into accounts the environmental issue, creating a so-called eco-efficient or &#8220;green&#8221; ship design. The project team consisted of the scientists who are experts in the naval architecture, mechanical engineering and marine engineering field, which allow solving this problem in a multidisciplinary way.<\/p>\n\n\n<p><strong>Keywords:<\/strong> seakeeping, ship speed, ship resistance, ship propulsion, fuel consumption, GHG emission, weather routing<\/p>\n\n\n<h2 class=\"wp-block-heading\">Research areas<\/h2>\n\n\n<ul class=\"wp-block-list\">\n\n<li>Ship design<\/li>\n\n\n<li>Ship hydrodynamics<\/li>\n\n\n<li>Wind and wave modelling<\/li>\n\n\n<li>Ship resistance and propulsion<\/li>\n\n\n<li>Operability<\/li>\n\n\n<li>Route planning and Optimization<\/li>\n\n\n<li>Software development<\/li>\n\n\n<li>Dynamics of a ship engine<\/li>\n\n\n<li>Uncertainty and reliability<\/li>\n\n\n<li>Measurements<\/li>\n\n<\/ul>\n\n\n<h2 class=\"wp-block-heading\">Research activities<\/h2>\n\n\n<ul class=\"wp-block-list\">\n\n<li>Ship engine-propeller dynamics in rough seas<\/li>\n\n\n<li>Wind and wave loads<\/li>\n\n\n<li>Sensitivity and stability of the new method for wind load estimation <\/li>\n\n\n<li>Uncertainty and sensitivity analysis of speed loss model<\/li>\n\n\n<li>Development of voluntary speed loss model<\/li>\n\n\n<li>Analysis of the effect of operability criteria on attainable ship speed estimation<\/li>\n\n<\/ul>\n\n\n<h2 class=\"wp-block-heading\">Team members<\/h2>\n\n\n<p><strong>University of Rijeka, Faculty of Engineering, Rijeka, Croatia<\/strong><br\/>\nProf. Jasna Prpi\u0107-Or\u0161i\u0107<br\/>\nProf. Roko Dejhalla<br\/>\nProf. Vladimir Medica<br\/>\nProf. Tomislav Mrakov\u010di\u0107<br\/>\nProf. Du\u0161ko Pavleti\u0107<br\/>\nAssist. Prof. Ozren Bukovac<br\/>\nAssist. Prof. Dunja Legovi\u0107<br\/>\nNatalija Vitali, PhD Student<\/p>\n\n\n<p><strong>Norwegian University of Science and Technology (NTNU), Trondheim, Norway<\/strong><br\/>\nProf. Odd Magnus Faltinsen<\/p>\n\n\n<p><strong>University of Rijeka, Faculty of Maritime Studies, Rijeka, Croatia<\/strong><br\/>\nAssoc. Prof. Igor Rudan<br\/>\nAssist. Prof. Marko Val\u010di\u0107<\/p>\n\n\n<p><strong>University of Split, Faculty of Maritime Studies, Rijeka, Croatia<\/strong><br\/>\nAssoc. Prof. Nikola Ra\u010di\u0107<\/p>\n\n\n<h2 class=\"wp-block-heading\">Journal papers (2014-2018)<\/h2>\n\n\n<p>Vettor, R., Prpi\u0107-Or\u0161i\u0107, J., Guedes Soares, C. (2018). <strong>Impact of wind loads on long-term fuel consumption and emissions in trans-oceanic shipping<\/strong>. Brodogradnja : \u010casopis brodogradnje i brodogra\u0111evne industrije, 69 (4), pp. 15-28. doi:10.21278\/brod69402<br\/>\nMrzljak, V., Prpi\u0107-Or\u0161i\u0107, J., Sen\u010di\u0107, T. (2018). <strong>Change in Steam Generators Main and Auxiliary Energy Flow Streams During the Load Increase of LNG Carrier Steam Propulsion System<\/strong>. Pomorstvo &#8211; Journal of maritime studies, 32 (1), pp. 121-131.<br\/>\nMrzljak, V., Prpi\u0107-Or\u0161i\u0107, J., Poljak, I. (2018). <strong>Energy Power Losses and Efficiency of Low Power Steam Turbine for the Main Feed Water Pump Drive in the Marine Steam Propulsion System<\/strong>. Pomorski zbornik, 54 (1), pp. 37-51. doi:10.18048\/2018.54.03<br\/>\nSasa, K., Minami Machi, F., Faltinsen, O.M., Lu, L.-F., Sasaki, W., Prpi\u0107-Or\u0161i\u0107, J., Kashiwagi, M., Ikebuchi, T. (2017). <strong>Development and validation of speed loss for a blunt-shaped ship in two rough sea voyages in the Southern Hemisphere<\/strong>. Ocean engineering, 142, pp. 577-596. doi:10.1016\/j.oceaneng.2017.07.029<br\/>\nVal\u010di\u0107, M., Prpi\u0107-Or\u0161i\u0107, J., Vu\u010dini\u0107, D. (2017). <strong>Application of a pattern recognition method to estimate wind loads on ships and marine objects<\/strong>. Materialwissenschaft und Werkstofftechnik, 48 (5), pp. 387-399. doi:10.1002\/mawe.201700009<br\/>\nPrpi\u0107-Or\u0161i\u0107, J., Vettor, R., Faltinsen, O.M., Guedes Soares, C. (2016). <strong>The influence of route choice and operating conditions on fuel consumption and CO<sub>2<\/sub> emission of ships<\/strong>. Journal of marine science and technology, 21, pp. 1-24. doi:10.1007\/s00773-015-0367-5<br\/>\nVal\u010di\u0107, M., Prpi\u0107-Or\u0161i\u0107, J. (2016). <strong>Hybrid method for estimating wind loads on ships based on elliptic Fourier analysis and radial basis neural networks<\/strong>. Ocean engineering, 122, pp. 227-240. doi:10.1016\/j.oceaneng.2016.06.031<br\/>\nPrpi\u0107-Or\u0161i\u0107, J., Faltinsen, O.M., Parunov, J. (2016).<strong> Influence of operability criteria limiting values on ship speed<\/strong>. Brodogradnja &#8211; \u010casopis brodogradnje i brodogra\u0111evne industrije, 67 (3), pp. 37-58. doi:10.21278\/brod67303<br\/>\nMrzljak, V., Mrakov\u010di\u0107, T. (2016). <strong>Comparison of COGES and diesel-electric ship propulsion systems<\/strong>. Pomorski zbornik, 1, pp. 131-148. doi:10.18048\/2016-00.131<br\/>\nBukovac, O., Medica, V., Mrzljak, V. (2015). <strong>Steady state performances analysis of modern marine two-stroke low speed diesel engine using MLP neural network model<\/strong>. Brodogradnja &#8211; \u010casopis brodogradnje i brodogra\u0111evne industrije, 66 (4), pp. 57-70.<br\/>\nMrzljak, V., Medica, V., Mrakov\u010di\u0107, T. (2015). <strong>Simulation of diesel engine cylinder process using quasi-dimensional numerical model<\/strong>. Pomorstvo &#8211; Journal of maritime studies, 29 (2), pp. 165-169.<br\/>\nVal\u010di\u0107, M., Dejhalla, R. (2015). <strong>Neural Network Prediction of Open Water Characteristics of Ducted Propeller<\/strong>. Pomorski zbornik, 49-50, pp. 101-115.<br\/>\nPrpi\u0107-Or\u0161i\u0107, J., Parunov, J., \u0160iki\u0107, I. (2014). <strong>Operation of ULCS &#8211; real life<\/strong>. International Journal of Naval Architecture and Ocean Engineering, 6 (4), pp. 1014-1023. doi:10.2478\/IJNAOE-2013-0228<\/p>\n\n\n<h2 class=\"wp-block-heading\">Conference papers (2014-2018)<\/h2>\n\n\n<p>Prpi\u0107-Or\u0161i\u0107, J., Sasa, K., Val\u010di\u0107; M., Faltinsen, O.M. (2018). <strong>Uncertainties of Ship Speed Loss Evaluation under Real Weather Conditions<\/strong>. In: Proceedings of the ASME 2018 37th International Conference on Ocean, Offshore and Arctic Engineering &#8211; OMAE 2018, Madrid, Spain.<br\/>\nBraidotti, L., Prpi\u0107-Or\u0161i\u0107, J., Val\u010di\u0107, M., Trincas, G., Bucci, V. (2018). <strong>Fuzzy Analytical Hierarchical Process to Assess Weights of Importance in Ship Operation Risk Assessment<\/strong>. In: Proceedings of NAV 2018: 19th International Conference on Ship &amp; Maritime Research &#8211; Technology and Science for the Ships of the Future, Trieste, Italy, pp. 88-96. doi:10.3233\/978-1-61499-870-9-88<br\/>\nMrzljak, V., Sen\u010di\u0107, T., Prpi\u0107-Or\u0161i\u0107, J. (2018). <strong>Energy efficiency and energy power losses of the turbo-generator steam turbine from LNG carrier propulsion system<\/strong>. In: International Scientific Conference &#8211; Machines. Technologies. Materials &#8211; 2018 &#8211; Winter Session &#8211; Proceedings, Sofia, Bulgaria, pp. 27-30.<br\/>\nMrzljak, V., Prpi\u0107-Or\u0161i\u0107, J., \u017darkovi\u0107, B. (2018). <strong>Mean pressure of mechanical losses equation for marine slow speed two-stroke diesel engine. International Scientific Conference &#8211; High Technologies. Business<\/strong>. Society &#8211; 2018 \u2013 Proceedings, Sofia, Bulgaria, pp. 60-63.<br\/>\nMrzljak, V., Prpi\u0107-Or\u0161i\u0107, J., Poljak, I. (2018). <strong>Comparison of fuel costs between COGES and diesel-electric propulsion systems for conventional passenger cruiser propulsion<\/strong>. International Scientific Conference &#8211; Technics. Technologies. Education. Safety. 2018 \u2013 Proceedings, Sofia, Bulgaria, pp. 129-132. <br\/>\nMrzljak, V., \u017darkovi\u0107, B., Prpi\u0107-Or\u0161i\u0107, J. (2018). <strong>Liquid fuel temperature, pressure and injection rate influence on injector nozzle Reynolds number and contraction coefficient<\/strong>. XXVI International Scientific Conference &#8211; Trans &amp; MOTAUTO &#8217;18 \u2013 Proceedings, Sofia, Bulgaria, pp. 64-67.<br\/>\nVal\u010di\u0107, M., Prpi\u0107-Or\u0161i\u0107, J. (2017). <strong>Forbidden zone handling in optimal thrust allocation of DP vessels<\/strong>. In: Proceedings of the 17th International Congress of the International Maritime Association of the Mediterranean IMAM 2017 &#8211; Maritime Transportation and Harvesting of Sea Resources, Lisbon, Portugal, pp. 1043-1050.<br\/>\nRandi\u0107, M., Pavleti\u0107, D., Turkalj, G. (2017). <strong>The Measurement of Weld Surface Geometry<\/strong>. In: Proceedings of the 17th International Congress of the International Maritime Association of the Mediterranean IMAM 2017 &#8211; Maritime Transportation and Harvesting of Sea Resources, Lisbon, Portugal, pp. 655-662.<br\/>\nPavleti\u0107, D., Sokovi\u0107, M., Vidolin, T. (2017). <strong>Learning outcomes an laboru market needs, Welding engineering case study<\/strong>. The 9th International Working Conference, Total Quality Management, Advanced and Intelligent Approaches, Proceedings, Belgrade, Serbia, pp. 138-144.<br\/>\nMrzljak, V., \u017darkovi\u0107, B., Prpi\u0107-Or\u0161i\u0107, J. (2017). <strong>Marine Slow Speed Two-Stroke Diesel Engine &#8211; Numerical Analysis of Efficiencies and Important Operating Parameters<\/strong>. International Scientific Conference Industry 4.0 Proceedings, Sofia, Bulgaria, pp. 65-68.<br\/>\nVitali, N., Prpi\u0107-Or\u0161i\u0107, J., Guedes Soares, C. (2016). <strong>Uncertainties related to the estimation of added resistance of a ship in waves<\/strong>. In: Proceedings of the 3rd International Conference on Maritime Technology and Engineering (MARTECH 2016), Lisbon, Portugal, pp. 391-399.<br\/>\nPrpi\u0107-Or\u0161i\u0107, J., Val\u010di\u0107, M. (2016). <strong>Sensitivity analysis of wind load estimation method based on elliptic Fourier descriptors<\/strong>. In: Proceedings of the 3rd International Conference on Maritime Technology and Engineering (MARTECH 2016), Lisbon, Portugal, pp. 151-160.<br\/>\nVal\u010di\u0107, M., Prpi\u0107-Or\u0161i\u0107, J. (2016). <strong>The effect of forbidden zone handling on optimal thrust allocation<\/strong>. In: Proceedings of the 22nd Symposium on Theory and Practice of Shipbuilding, In Memoriam prof. Leopold Sorta (SORTA 2016), Trogir, Croatia, pp. 163-173.<br\/>\nRandi\u0107, M., Pavleti\u0107, D., Sedmak, F. (2016). <strong>Utvr\u0111ivanje utjecajnih parametara na kvalitetu zavarenog spoja primjenom potpunog plana pokusa<\/strong>. In: Proceedings of the 22nd Symposium on Theory and Practice of Shipbuilding, In Memoriam prof. Leopold Sorta (SORTA 2016), Trogir, Croatia, pp. 427-434.<br\/>\nPavleti\u0107, D., Vidolin, T., \u0160uper, M., Vu\u010dkovi\u0107, \u017d. (2016). <strong>Ishodi u\u010denja i potrebe tr\u017ei\u0161ta rada \u2013 primjer iz podru\u010dja zavarivanja<\/strong>. In: Proceedings of the 22nd Symposium on Theory and Practice of Shipbuilding, In Memoriam prof. Leopold Sorta (SORTA 2016), Trogir, Croatia, pp. 601-609.<br\/>\nPrpi\u0107-Or\u0161i\u0107, J., Mandi\u0107, D., Beni\u0107, N., Radi\u0107, \u017d. (2016). <strong>Involuntary speed loss of a tanker in sea waves<\/strong>. In: Proceedings of the 22nd Symposium on Theory and Practice of Shipbuilding, In Memoriam prof. Leopold Sorta (SORTA 2016), Trogir, Croatia, pp. 73-80.<br\/>\nVitali, N., Prpi\u0107-Or\u0161i\u0107, J., Guedes Soares, C. (2016). <strong>Methods for added resistance estimation in head and oblique waves<\/strong>. In: Proceedings of the 22nd Symposium on Theory and Practice of Shipbuilding, In Memoriam prof. Leopold Sorta (SORTA 2016), Trogir, Croatia.<br\/>\nLegovi\u0107, D., Dejhalla, R. (2016). <strong>An overview of measures for ship&#8217;s energy efficiency improvement<\/strong>. In: Proceedings of the 22nd Symposium on Theory and Practice of Shipbuilding, In Memoriam prof. Leopold Sorta (SORTA 2016), Trogir, Croatia.<br\/>\nMrakov\u010di\u0107, T., Bukovac, O., Prpi\u0107-Or\u0161i\u0107, J. (2016). <strong>Numerical simulation of two-stroke low speed turbocharged engine in heavy sea conditions<\/strong>. In: Proceedings of the 22nd Symposium on Theory and Practice of Shipbuilding, In Memoriam prof. Leopold Sorta (SORTA 2016), Trogir, Croatia.<br\/>\nVal\u010di\u0107, M., Prpi\u0107-Or\u0161i\u0107, J. (2015). <strong>Wind load estimation method based on Elliptic Fourier Descriptors<\/strong>. In: Proceedings of the 16th International Congress of the International Maritime Association of the Mediterranean IMAM 2015 &#8211; Towards Green Marine Technology and Transport, Pula, Croatia, pp. 883-890.<br\/>\nPrpi\u0107-Or\u0161i\u0107, J., Faltinsen, O.M., Parunov, J. (2015). <strong>The effect of voluntary speed reduction criteria on attainable ship speed<\/strong>. In: Proceedings of the 16th International Congress of the International Maritime Association of the Mediterranean IMAM 2015, Pula, Croatia, pp. 143-149.<br\/>\nLegovi\u0107, D., Dejhalla, R. (2015). <strong>Numerical Hydrodynamic Optimization of a Tanker Hull Form<\/strong>. In: Proceedings of the 16th International Congress of the International Maritime Association of the Mediterranean IMAM 2015 &#8211; Towards Green Marine Technology and Transport, Pula, Croatia. <br\/>\nVettor, R., Prpi\u0107-Or\u0161i\u0107, J., Guedes Soares, C. (2015). <strong>The effect of wind loads on the attainable ship speed on seaways<\/strong>. In: Proceedings of the 16th International Congress of the International Maritime Association of the Mediterranean IMAM 2015 &#8211; Towards Green Marine Technology and Transport, Pula, Croatia, pp. 867-875.<br\/>\nPrpi\u0107-Or\u0161i\u0107, J., Vettor, R., Faltinsen, O.M., Guedes Soares, C. (2014). <strong>Influence of ship routes on fuel consumption and CO<sub>2<\/sub> emission<\/strong>. In: Proceedings of the 2nd International Conference on Maritime Technology and Engineering (MARTECH 2014), Lisbon, Portugal, pp. 857-864.<br\/>\nBuk\u0161a, T., Pavleti\u0107, D., Forempoher \u0160kuver, M. (2014). <strong>Approach to Quality Assurance of Repetitive Projects in Shipbuilding Industry<\/strong>. In: Proceedings of the 2nd International Conference on Maritime Technology and Engineering (MARTECH 2014), Lisbon, Portugal, pp. 255-260.<br\/>\nPrpi\u0107-Or\u0161i\u0107, J., Faltinsen, O.M., Val\u010di\u0107, M., Vu\u010dini\u0107, D. (2014). <strong>Energy efficiency approach to ship design and route planning<\/strong>. In: Proceedings of the 8th AIGE National Conference Reggio Emilia: Universita di Modena e Reggio Emilia, Modena, Italy. <br\/>\nNabergoj, R., Prpi\u0107-Or\u0161i\u0107, J., Val\u010di\u0107, M. (2014). <strong>Sensitivity of Thrust Efficiency Loss in Dynamic Positioning Predictions<\/strong>. In: Proceedings of the 2nd International Symposium on Naval Architecture and Maritime INT-NAM 2014, Istanbul, Turkey, pp. 81-90.<br\/>\nPrpi\u0107-Or\u0161i\u0107, J., Faltinsen, O.M., Val\u010di\u0107, M. (2014). <strong>Development Strategies for Greener Shipping<\/strong>. In: Proceedings of ELMAR-2014, Zadar, Croatia, pp. 83-86.<br\/>\nPrpi\u0107-Or\u0161i\u0107, J., Faltinsen, O.M., Mrakov\u010di\u0107, T. (2014). <strong>A methodology for estimating the ship fuel consumption at sea waves<\/strong>. In: Proceedings of the 21st Symposium on Theory and Practice of Shipbuilding, In Memoriam prof. Leopold Sorta (SORTA 2014), Ba\u0161ka, Island of Krk, Croatia, pp. 237-245.<br\/>\nVal\u010di\u0107, M., Prpi\u0107-Or\u0161i\u0107, J., Nabergoj, R. (2014). <strong>Impact of Thruster Interaction Effects on Optimal Thrust Allocation in Dynamic Positioning Systems<\/strong>. In: Proceedings of the 21st Symposium on Theory and Practice of Shipbuilding, In Memoriam prof. Leopold Sorta (SORTA 2014), Ba\u0161ka, Island of Krk, Croatia, pp. 347-356.<br\/>\nVal\u010di\u0107, M., Dejhalla, R. (2014). <strong>Determination of Hydrodynamic Characteristics of Ducted Propeller Using an Artificial Neural Network<\/strong>. In: Proceedings of the 21st Symposium on Theory and Practice of Shipbuilding, In Memoriam prof. Leopold Sorta (SORTA 2014), Ba\u0161ka, Island of Krk, Croatia, pp. 357-368.<\/p>\n\n\n<h2 class=\"wp-block-heading\">Plenary sessions<\/h2>\n\n\n<p>Val\u010di\u0107, M., Prpi\u0107-Or\u0161i\u0107, J., Vu\u010dini\u0107, D. (2017). <strong>Sensitivity of Pattern Recognition Method for Estimating Wind Loads on Ships and Marine Objects<\/strong>. In: 11th International Conference on Advanced Computational Engineering and Experimenting (ACE-X 2017), 4 July 2017, Wien, Austria.<br\/>\nVal\u010di\u0107, M., Prpi\u0107-Or\u0161i\u0107, J., Vu\u010dini\u0107, D. (2016). <strong>Application of pattern recognition method for estimating wind loads on ships and marine objects<\/strong>. In: 10th International Conference on Advanced Computational Engineering and Experimenting (ACE-X 2016), 4 July 2016, Split, Croatia.<\/p>\n\n","protected":false},"excerpt":{"rendered":"<p>Greener Approach to Ship Design and Optimal Route Planning (GASDORP) Funded by: Croatian Science Foundation &#8211; HRZZ-IP-2013-11-8722 Principal researcher: Prof. Jasna Prpi\u0107-Or\u0161i\u0107 Host institution: University of Rijeka, Faculty of Engineering, Rijeka, Croatia Project duration: 2014-2018 Funding: Croatian Science Foundation (HRZZ-IP-2013-11-8722) Contact Prof. Jasna Prpi\u0107-Or\u0161i\u0107, PhD University of Rijeka, Faculty of Engineering Department of Naval Architecture [&hellip;]<\/p>\n","protected":false},"author":3,"featured_media":0,"parent":22495,"menu_order":0,"comment_status":"closed","ping_status":"closed","template":"","meta":{"_acf_changed":false,"inline_featured_image":false,"footnotes":""},"class_list":["post-22508","page","type-page","status-publish","hentry"],"acf":[],"_links":{"self":[{"href":"https:\/\/riteh.uniri.hr\/en\/wp-json\/wp\/v2\/pages\/22508","targetHints":{"allow":["GET"]}}],"collection":[{"href":"https:\/\/riteh.uniri.hr\/en\/wp-json\/wp\/v2\/pages"}],"about":[{"href":"https:\/\/riteh.uniri.hr\/en\/wp-json\/wp\/v2\/types\/page"}],"author":[{"embeddable":true,"href":"https:\/\/riteh.uniri.hr\/en\/wp-json\/wp\/v2\/users\/3"}],"replies":[{"embeddable":true,"href":"https:\/\/riteh.uniri.hr\/en\/wp-json\/wp\/v2\/comments?post=22508"}],"version-history":[{"count":1,"href":"https:\/\/riteh.uniri.hr\/en\/wp-json\/wp\/v2\/pages\/22508\/revisions"}],"predecessor-version":[{"id":23476,"href":"https:\/\/riteh.uniri.hr\/en\/wp-json\/wp\/v2\/pages\/22508\/revisions\/23476"}],"up":[{"embeddable":true,"href":"https:\/\/riteh.uniri.hr\/en\/wp-json\/wp\/v2\/pages\/22495"}],"wp:attachment":[{"href":"https:\/\/riteh.uniri.hr\/en\/wp-json\/wp\/v2\/media?parent=22508"}],"curies":[{"name":"wp","href":"https:\/\/api.w.org\/{rel}","templated":true}]}}