{"id":22507,"date":"2024-07-08T11:19:37","date_gmt":"2024-07-08T09:19:37","guid":{"rendered":"http:\/\/127.0.0.1:8080\/en\/science\/research-and-projects\/dessert\/"},"modified":"2024-09-04T13:09:28","modified_gmt":"2024-09-04T13:09:28","slug":"dessert","status":"publish","type":"page","link":"https:\/\/riteh.uniri.hr\/en\/science\/research-and-projects\/dessert\/","title":{"rendered":"DESSERT"},"content":{"rendered":"\n\n<h1 class=\"wp-block-heading\"> DEcision Support System for green and safE ship RouTing (DESSERT)<\/h1>\n\n\n<figure class=\"wp-block-image size-large\"><img decoding=\"async\" alt=\"hrzz_logo.png\" src=\"\/media\/filer_public_thumbnails\/filer_public\/aa\/84\/aa849526-1548-409d-b3dc-bc78735cb580\/hrzz_logo.png__214x81_q92_crop_subsampling-2_upscale.png\"\/><\/figure>\n\n\n<pre class=\"wp-block-preformatted\">Funded by: Croatian Science Foundation - HRZZ-IP-2018-01-3739<\/pre>\n\n\n<p>   Principal researcher: Prof. Jasna Prpi\u0107-Or\u0161i\u0107<br\/>\nHost institution: University of Rijeka, Faculty of Engineering, Rijeka, Croatia<br\/>\nProject duration: 2019-2023<br\/>\nFunding: Croatian Science Foundation (HRZZ-IP-2018-01-3739) <br\/><\/p>\n\n\n<p><u>Contact<\/u><br\/>\nProf. Jasna Prpi\u0107-Or\u0161i\u0107, PhD<br\/>\nUniversity of Rijeka, Faculty of Engineering<br\/>\nDepartment of Naval Architecture and Ocean Engineering<br\/>\nVukovarska 58, 51000 Rijeka, Croatia<br\/>\ne. jasnapo@riteh.hr<br\/>\nt. +385 51 651 452 <\/p>\n\n\n<h2 class=\"wp-block-heading\">Project summary<\/h2>\n\n\n<p>The goal of the research in a frame of project DEcision Support System for green and safE ship RouTing \u2013 DESSERT is the development of an effective Decision Support System (DSS) is planned for ship captains as well as machine commanders, which would contribute to &#8220;greener&#8221; and safer navigation of ships. The ultimate impact of such a DSS would be to make human error as small as possible, or to provide responsible persons on board the most credible data and guidance during navigation to reduce environmental pollution and make people and cargo safer.<br\/>\nResearch related to the development of DSS will take place in two main directions: energy-efficient navigation along with reduction of greenhouse gas emissions; and increase sailing safety by collision avoidance as well as from timely reactions in the event of flooding. Within the scope of the survey, the design, implementation and analysis of questionnaires (surveys) designed for captains and engineers on ships are planned. The intention is to get the most credible data on the crew response to the individual dynamic effects caused by the worsening of weather conditions. Survey analysis is designed to get feedback on the criteria and limit values of the criteria that are relevant to deliberate speed or course change due to excessive ship motions on waves, and to develop a &#8220;virtual captain&#8221; model to be used when simulating and planning the navigation route. Significant scientific contribution to research is related to ship propulsion plants. It is planned to develop new or a combination of existing methods that will significantly affect the reduction of harmful emissions both from marine diesel engines and from marine steam turbine plants. If possible, measurements with the acquired measuring equipment will also be carried out on ships using gas-turbine propulsion, so that significant scientific contributions can be expected.<br\/>\nThe research will provide a framework to assess in an objective and reliable manner the safety state of the ship in a generic operative condition. The framework can be used inside DSS to monitor safety and reduce risk during navigation, as well as in emergencies. By means of simulations and\/or predictions, it can allow a simple comparison of different loading conditions, ship routes and weather scenarios being the base for the minimization of risk in intact condition as well as for the evaluation of countermeasures during an emergency. By including all the aspects connected to ship safety in a unique tool, it could reduce human errors occurring when a great amount of data has to be processed at the same time (a critical operation especially during an emergency).<br\/>\nThe objective is to develop decision support system on board taking into accounts the environmental issue, creating a so-called safe and eco-efficient or \u201cgreen\u201d ship. The project team consists of the scientists who are experts in the naval architecture, mechanical engineering, marine engineering field and computational sciences, which allow solving this problem multidisciplinary.<\/p>\n\n\n<p><strong>Keywords:<\/strong> decision support system, seakeeping, sea wave spectra, route optimization, measurements, GHG emissions<\/p>\n\n\n<h2 class=\"wp-block-heading\">Project overview<\/h2>\n\n\n<p> <\/p>\n\n\n<figure class=\"wp-block-image size-large\"><img decoding=\"async\" alt=\"Drawing1b.png\" src=\"\/media\/filer_public_thumbnails\/filer_public\/c1\/28\/c128f5ba-03be-41e2-9a6f-5b2e206a8088\/drawing1b.png__4450x1969_q92_crop_subsampling-2_upscale.jpg\"\/><\/figure>\n\n\n<h2 class=\"wp-block-heading\">Research areas<\/h2>\n\n\n<ul class=\"wp-block-list\">\n\n<li>Marine Hydrodynamics<\/li>\n\n\n<li>Energy-efficient Navigation<\/li>\n\n\n<li>Ship Engine Dynamics<\/li>\n\n\n<li>Decision Support Systems<\/li>\n\n\n<li>Environment Modelling<\/li>\n\n\n<li>Signal Analysis<\/li>\n\n\n<li>Measurements on Ship<\/li>\n\n\n<li>Uncertainty and Reliability of Measurements<\/li>\n\n<\/ul>\n\n\n<h2 class=\"wp-block-heading\">Research activities<\/h2>\n\n\n<ul class=\"wp-block-list\">\n\n<li>Wave Spectrum Modeling from Measurements<\/li>\n\n\n<li>Wind Loads Modeling<\/li>\n\n\n<li>Uncertainty and Sensitivity of Speed Loss Model<\/li>\n\n\n<li>Ship Engine Dynamics in Rough Weather<\/li>\n\n<\/ul>\n\n\n<h2 class=\"wp-block-heading\">Team members<\/h2>\n\n\n<p><strong>University of Rijeka, Faculty of Engineering, Rijeka, Croatia<\/strong><br\/>\nProf. Jasna Prpi\u0107-Or\u0161i\u0107<br\/>\nProf. Du\u0161ko Pavleti\u0107<br\/>\nProf. Tomislav Mrakov\u010di\u0107<br\/>\nAssist. Prof. Jonatan Lerga<br\/>\nAssist. Prof. Vedran Mrzljak<br\/>\nAssist. Prof. Marko Val\u010di\u0107<br\/>\nNatalija Vitali, PhD Candidate<br\/>\nDenis Selimovi\u0107, PhD Student<br\/> <br\/> <strong>University of Rijeka, Faculty of Maritime Studies, Rijeka, Croatia<\/strong><br\/>\nAssoc. Prof. Igor Rudan<br\/>\nAssist. Prof. Sr\u0111an \u017du\u0161kin<\/p>\n\n\n<p><strong>Kobe University, Department of Maritime Sciences, Kobe, Japan<\/strong><br\/>\nProf. Kenji Sasa<br\/> <br\/> <strong>Norwegian University of Science and Technology, Trondheim, Norway<\/strong><br\/>\nProf. Odd Magnus Faltinsen<br\/> <br\/> <strong>University of Trieste, Department of Engineering and Architecture, Trieste, Italy<\/strong><br\/>\nFrancesco Mauro, PhD<br\/>\nLuca Braidotti, PhD Student<\/p>\n\n\n<h2 class=\"wp-block-heading\">Publications<\/h2>\n\n\n<h4 class=\"wp-block-heading\"><strong>2020<\/strong><\/h4>\n\n\n<h5 class=\"wp-block-heading\"><strong>Journal papers<\/strong><\/h5>\n\n\n<p>Prpi\u0107-Or\u0161i\u0107, J., Sasa, K., Val\u010di\u0107, M., Faltinsen, O.M. (2020). <strong>Uncertainties of ship speed loss evaluation under real weather conditions.<\/strong> Journal of offshore mechanics and arctic engineering &#8211; Transactions of the ASME, 142 (3), 031106, 5. <a href=\"https:\/\/doi.org\/10.1115\/1.4045790\">doi:10.1115\/1.4045790<\/a><br\/>\nParunov, J., \u0106orak, M., Guedes Soares, C., Jafaryeganeh, H., Kalske, S., Lee, Y., Liu, S., Papanikolaou, A., Prentice, D., Prpi\u0107-Or\u0161i\u0107, J. (2020). <strong>Benchmark study and uncertainty assessment of numerical predictions of global wave loads on damaged ships.<\/strong> Ocean engineering, 197, 106876, 24. <a href=\"https:\/\/doi.org\/10.1016\/j.oceaneng.2019.106876\">doi:10.1016\/j.oceaneng.2019.106876<\/a><br\/>\nPoljak, I., Orovi\u0107, J., Mrzljak, V., Berne\u010di\u0107, D. (2020). <strong>Energy and Exergy Evaluation of a Two-Stage Axial Vapour Compressor on the LNG Carrier.<\/strong> Entropy, 22 (1), pp. 1-20. <a href=\"https:\/\/doi.org\/10.3390\/e22010115\">doi:10.3390\/e22010115<\/a><br\/>\nFabi\u0107, M., Pavleti\u0107, D., \u0160terpin Vali\u0107, G. (2020). <strong>Factors in Turnaround Refinery (TAR) Project Management Process.<\/strong> Tehni\u010dki vjesnik &#8211; Znanstveno-stru\u010dni \u010dasopis tehni\u010dkih fakulteta Sveu\u010dili\u0161ta u Osijeku, 27 (5), TV-20180720181243, 12. <a href=\"http:\/\/dx.doi.org\/10.17559\/TV-20180720181243\">doi:10.17559\/TV-20180720181243<\/a><br\/>\nVal\u010di\u0107, M., Prpi\u0107-Or\u0161i\u0107, J. (2020). <strong>Derivative Free Optimal Thrust Allocation in Ship Dynamic Positioning Based on Direct Search Algorithms.<\/strong> TransNav (accepted). <br\/>\nRudan, I., Fran\u010di\u0107, V., Val\u010di\u0107, M., Sumner, M. (2020). <strong>Early Detection of Vessel Collision Situations in a VTS Area.<\/strong> Transport (accepted). <a href=\"https:\/\/doi.org\/10.3846\/transport.2019.11464\">doi:10.3846\/transport.2019.11464<\/a><\/p>\n\n\n<h5 class=\"wp-block-heading\"><strong>Book chapters<\/strong><\/h5>\n\n\n<p>Val\u010di\u0107, M., Prpi\u0107-Or\u0161i\u0107, J., Vu\u010dini\u0107, D. (2020). <strong>Application of Pattern Recognition Method for Estimating Wind Loads on Ships and Marine Objects.<\/strong> In: Advances in Visualization and Optimization Techniques for Multidisciplinary Research, Trends in Modelling and Simulations for Engineering Applications, Eds. Vucinic, D., Rodrigues Leta, F., Janardhanan, S., Springer, Singapore. <a href=\"https:\/\/doi.org\/10.1007\/978-981-13-9806-3_5\">doi:10.1007\/978-981-13-9806-3_5<\/a><\/p>\n\n\n<h4 class=\"wp-block-heading\"><br\/> <strong>2019<\/strong><\/h4>\n\n\n<h5 class=\"wp-block-heading\"><strong>Journal papers<\/strong><\/h5>\n\n\n<p>Sasa, K., Takeuchi, K., Chen, C., Faltinsen, O.M., Prpi\u0107-Or\u0161i\u0107, J., Val\u010di\u0107, M., Mrakov\u010di\u0107, T., Herai, N. (2019). <strong>Evaluation of Speed Loss in Bulk Carriers with Actual Data from Rough Sea Voyages.<\/strong> Ocean engineering, 187, pp. 1-19. <a href=\"https:\/\/doi.org\/10.1016\/j.oceaneng.2019.106162\">doi:10.1016\/j.oceaneng.2019.106162<\/a><br\/>\nSaulig, N., Lerga, J., Milanovi\u0107, \u017d., Ioana, C. (2019). <strong>Extraction of Useful Information Content from Noisy Signals Based on Structural Affinity of Clustered TFDs&#8217; Coefficients.<\/strong> IEEE Transactions on Signal Processing, 67 (12), pp. 3154-3167. <a href=\"https:\/\/doi.org\/10.1109\/TSP.2019.2912134\">doi:10.1109\/TSP.2019.2912134<\/a><br\/>\nKirin\u010di\u0107, V., \u010ceperi\u0107, E., Vlahini\u0107, S., Lerga, J. (2019). <strong>Support Vector Machine State Estimation.<\/strong> Applied artificial intelligence, 33 (6), pp. 517-530. <a href=\"https:\/\/doi.org\/10.1080\/08839514.2019.1583452\">doi:10.1080\/08839514.2019.1583452<\/a><br\/>\nHr\u017ei\u0107, F., \u0160tajduhar, I., Tschauner, S., Sorantin, E., Lerga, J. (2019). <strong>Local-Entropy Based Approach for X-Ray Image Segmentation and Fracture Detection.<\/strong> Entropy, 21 (4), 338, 18. <a href=\"https:\/\/doi.org\/10.3390\/e21040338\">doi:10.3390\/e21040338<\/a><br\/>\nRandi\u0107, M., Pavleti\u0107, D., Turkalj, G. (2019). <strong>Multiparametric Investigation of Welding Techniques on Toe Radius of High Strength Steel at Low-Temperature Levels Using 3D-Scanning Techniques.<\/strong> Metals, 9, 1355, 18. <a href=\"https:\/\/doi.org\/10.3390\/met9121355\">doi:10.3390\/met9121355<\/a><br\/>\nFabi\u0107, M., Pavleti\u0107, D., \u0160terpin Vali\u0107, G., Markovi\u0107, M. (2019). <strong>Moderating impact of complexity on process management of turnaround project.<\/strong> Management and Production Engineering Review, 10 (4), pp. 25-36. <a href=\"https:\/\/doi.org\/10.24425\/mper.2019.131442\">doi:10.24425\/mper.2019.131442<\/a><br\/>\nBla\u017eevi\u0107, S., Mrzljak, V., An\u0111eli\u0107, N., Car, Z. (2019). <strong>Comparison of energy flow stream and isentropic method for steam turbine energy analysis.<\/strong> Acta Polytechnica, 59 (2), pp. 109-125. <a href=\"https:\/\/doi.org\/10.14311\/AP.2019.59.0109\">doi:10.14311\/AP.2019.59.0109<\/a><br\/>\nMrzljak, V., Poljak, I., Prpi\u0107-Or\u0161i\u0107, J. (2019). <strong>Exergy analysis of the main propulsion steam turbine from marine propulsion plant. <\/strong>Brodogradnja &#8211; \u010casopis brodogradnje i brodogra\u0111evne industrije, 70 (1), pp. 59-77. <a href=\"https:\/\/doi.org\/10.21278\/brod70105\">doi:10.21278\/brod70105<\/a><br\/>\nBr\u010di\u0107, D., Filjar, R., Kos, S., Val\u010di\u0107, M. (2019). <strong>On Global Ionospheric Maps based winter- time GPS ionospheric delay with reference to the Klobuchar model: Case study of the Northern Adriatic.<\/strong> Pomorstvo &#8211; Scientific journal of maritime research, 33 (2), pp. 210-221. <a href=\"https:\/\/doi.org\/10.31217\/p.33.2.11\">doi:10.31217\/p.33.2.11<\/a><br\/>\nLorencin, I., An\u0111eli\u0107, N., Mrzljak, V., Car, Z. (2019). <strong>Exergy analysis of marine steam turbine labyrinth (gland) seals.<\/strong> Pomorstvo &#8211; Scientific journal of maritime research, 33 (1), pp. 76-83. <a href=\"https:\/\/doi.org\/10.31217\/p.33.1.8\">doi:10.31217\/p.33.1.8<\/a><br\/>\nMrzljak, V., Poljak, I. (2019). <strong>Energy Analysis of Main Propulsion Steam Turbine from Conventional LNG Carrier at Three Different Loads.<\/strong> Na\u0161e more &#8211; Znanstveni \u010dasopis za more i pomorstvo, 66 (1), pp. 10-18. <a href=\"https:\/\/doi.org\/10.17818\/NM\/2019\/1.2\">doi:10.17818\/NM\/2019\/1.2<\/a><br\/>\nKocijel, L., Mrzljak, V., \u010cohodar Husi\u0107, M., \u010ceki\u0107, A. (2019). <strong>Numerical Analysis of Fuel Injector Nozzle Geometry &#8211; Influence on Liquid Fuel Contraction Coefficient and Reynolds Number.<\/strong> Pomorski zbornik, 57 (1), pp. 23-45. <a href=\"https:\/\/doi.org\/10.18048\/2019.57.02\">doi:10.18048\/2019.57.02<\/a><br\/>\nMrzljak, V., An\u0111eli\u0107, N., Lorencin, I., Car, Z. (2019). <strong>Analysis of Gas Turbine Operation before and after Major Maintenance.<\/strong> Pomorski zbornik, 57 (1), pp. 57-70. <a href=\"https:\/\/doi.org\/10.18048\/2019.57.04\">doi:10.18048\/2019.57.04<\/a><br\/>\nMrzljak, V., Blecich, P., An\u0111eli\u0107, N., Lorencin, I. (2019). <strong>Energy and Exergy Analyses of Forced Draft Fan for Marine Steam Propulsion System during Load Change.<\/strong> Journal of marine science and engineering, 7 (11), 381, 26. <a href=\"https:\/\/doi.org\/10.3390\/jmse7110381\">doi:10.3390\/jmse7110381<\/a><br\/>\nMrzljak, V., An\u0111eli\u0107, N., Poljak, I., Orovi\u0107, J. (2019). <strong>Thermodynamic analysis of marine steam power plant pressure reduction valves.<\/strong> Pomorski zbornik, 56 (1), pp. 9-30. <a href=\"https:\/\/doi.org\/10.18048\/2019.56.01\">doi:10.18048\/2019.56.01<\/a><\/p>\n\n\n<h5 class=\"wp-block-heading\"><strong>Conference papers<\/strong><\/h5>\n\n\n<p>Mauro, F., Braidotti, L., Prpi\u0107-Or\u0161i\u0107, J. (2019). <strong>Extreme loads estimation using genetic algorithm approach.<\/strong> In: Proceedings of MARSTRUCT 2019, Dubrovnik, Croatia, pp. 3-11.<br\/>\nVal\u010di\u0107, M., Prpi\u0107-Or\u0161i\u0107, J. (2019). <strong>Derivative Free Optimal Thrust Allocation in Ship Dynamic Positioning Based on Direct Search Algorithms.<\/strong> 13th International Conference on Marine Navigation and Safety of Sea Transportation &#8211; TransNav 2019, Gdynia, Poland. <br\/>\n\u0160akan, D., \u017du\u0161kin, S., Val\u010di\u0107, M., Pavleti\u0107, D. (2019). <strong>Challenges of adaptive coastal voyage planning.<\/strong> In: Proceedings of the 13th Annual Ba\u0161ka GNSS Conference, Ba\u0161ka, Island of Krk, Croatia, pp. 87-106.<br\/>\nMrzljak, V., Poljak, I., Prpi\u0107-Or\u0161i\u0107, J. (2019). <strong>Numerical analysis of turbo-generator steam turbine energy efficiency and energy power losses change during the variation in developed power. <\/strong> International Scientific Conference Machines. Technologies. Materials 2019 &#8211; Winter Session &#8211; Volume 1 \u2013 Proceeding, Sofia, Bulgaria, pp. 22-25.<br\/>\nMrzljak, V., Poljak, I., Orovi\u0107, J., Prpi\u0107-Or\u0161i\u0107, J. (2019).<strong> Influence of the ambient temperature change on steam pressure reduction valve exergy destruction and exergy efficiency.<\/strong> International Scientific Conference Machines. Technologies. Materials 2019 &#8211; Winter Session &#8211; Volume 1 \u2013 Proceedings, Sofia, Bulgaria, pp. 26-29.<br\/>\nMrzljak, V., Poljak, I., Orovi\u0107, J., Prpi\u0107-Or\u0161i\u0107, J. (2019). <strong>Numerical analysis of real open cycle gas turbine.<\/strong> International Scientific Conference High Technologies. Business. Society 2019 &#8211; Volume 1 \u2013 Proceedings, Sofia, Bulgaria, pp. 51-54.<br\/>\nMrzljak, V., Poljak, I., Orovi\u0107, J., Prpi\u0107-Or\u0161i\u0107, J. (2019). <strong>Thermodynamical analysis of heat exchange and fuel consumption in marine re-heat steam generator.<\/strong> International Scientific Conference High Technologies. Business. Society 2019 &#8211; Volume 1 \u2013 Proceedings, Sofia, Bulgaria, pp. 55-58.<br\/>\nMrzljak, V., \u017darkovi\u0107, B., Prpi\u0107-Or\u0161i\u0107, J. (2019). <strong>Air cooling influence on the performance and characteristics of turbocharged direct injection gasoline engine.<\/strong> International Conference Technical Sciences. Industrial Management 2019 \u2013 Proceedings, Sofia, Bulgaria, pp. 3-6.<br\/>\nMrzljak, V., Orovi\u0107, J., Poljak, I., Kne\u017eevi\u0107, V. (2019). <strong>Exergy analysis of low-pressure condensate heating system from cogeneration power plant.<\/strong> VII International Scientific Conference &#8211; Engineering. Techologies. Education. Security. 2019 &#8211; Proceedings &#8211; Volume 1, Sofia, Bulgaria, pp. 12-15.<br\/>\nMrzljak, V., Orovi\u0107, J., Poljak, I., Kocijel, L. (2019). <strong>Exergy analysis of wet cooling tower at various loads and ambient temperatures.<\/strong> VII International Scientific Conference &#8211; Engineering. Techologies. Education. Security. 2019 &#8211; Proceedings &#8211; Volume 1, Sofia, Bulgaria, pp. 16-19.<br\/>\nMrzljak, V., \u017darkovi\u0107, B., Prpi\u0107-Or\u0161i\u0107, J., An\u0111eli\u0107, N. (2019). <strong>Numerical analysis of in-cylinder pressure and temperature change for naturally aspirated and upgraded gasoline engine.<\/strong> XXVII International Scientific Conference trans &amp; MOTAUTO &#8217;19 &#8211; Proceedings, Sofia, Bulgaria, pp. 95-98.<br\/>\nMrzljak, V., Orovi\u0107, J., Poljak, I., Lorencin, I. (2019). <strong>Exergy analysis of steam turbine governing valve from a super critical thermal power plant.<\/strong> XXVII International Scientific Conference trans &amp; MOTAUTO &#8217;19 \u2013 Proceedings, Sofia, Bulgaria, pp. 99-102.<br\/>\nMrzljak, V., Orovi\u0107, J., Poljak, I., \u010culin, J. (2019). <strong>Exergy analysis of two water pumps from steam power plant at four different loads.<\/strong> IV International Scientific Conference Industry 4.0 &#8211; Summer Session &#8211; 2019 \u2013 Proceedings, Sofia, Bulgaria, pp. 65-68.<br\/>\nMrzljak, V., Orovi\u0107, J., Poljak, I., \u010culin, J. (2019). <strong>The ambient temperature influence on deaerator exergy efficiency and exergy losses.<\/strong> IV International Scientific Conference Industry 4.0 &#8211; Summer Session &#8211; 2019 \u2013 Proceedings, Sofia, Bulgaria, pp. 69-72.<br\/>\nGlazar, V., Mrzljak, V., Gubic, T. (2019). <strong>Thermodynamic analysis of combined cycle power plant.<\/strong> In: Proceedings of the 14th International Conference Heat Transfer, Fluid Mechanics and Thermodynamics, Wicklow, Ireland.<br\/>\nLerga, J., Saulig, N., \u017du\u0161kin, M., Panjkota, A. (2019). <strong>Denoising Accuracy of Adaptive ICI-Based Estimators with Regards to Sampling Rate.<\/strong> 4th International Conference on Smart and Sustainable Technologies (SpliTech), Split, Croatia, pp. 1-6.<br\/>\nSaulig, N., Lerga, J., Baracskai, Z., Dakovi\u0107, M. (2019). <strong>Adaptive Thresholding in Extracting Useful Information from Noisy Time-Frequency Distributions.<\/strong> 11th International Symposium on Image and Signal Processing and Analysis, Dubrovnik, Croatia, pp. 1-6.<br\/>\nMrzljak, V., Car, Z., Kudl\u00e1\u010dek, J., An\u0111eli\u0107, N., Lorencin, I., Bla\u017eevi\u0107, S. (2019). <strong>Analysis of two methods for steam turbine developed power calculation in Industry 4.0.<\/strong> 10th International Technical Conference &#8211; Technological Forum 2019 \u2013 Proceedings, Prague, Czech Republic, pp. 103-110.<br\/>\nOrovi\u0107, J., Mrzljak, V., Poljak, I. (2019). <strong>Analys\u0131s of aux\u0131l\u0131ary exergy flow stream dur\u0131ng the change \u0131n mar\u0131ne steam propuls\u0131on system load.<\/strong> 1st International Conference of Maritime Science &amp; Technology, Conference Proceedings &#8211; Na\u0161e more 2019, Dubrovnik, Croatia, pp. 470-480.<br\/>\nMarkovi\u0107, M., Dobovi\u010dek, S., Pavleti\u0107, D., Runje, B. (2019).<strong> Concept of reconfigurable inspection system.<\/strong> 9th International Conference Mechanical Technologies and Structural Materials, Split, Croatia, pp. 121-126.<\/p>\n\n\n<h5 class=\"wp-block-heading\"><strong>Keynote Speeches and Plenary Sessions<\/strong><\/h5>\n\n\n<p>Prpi\u0107-Or\u0161i\u0107, J., Sasa, K., Val\u010di\u0107, M., Faltinsen, O.M. (2019). <strong>Uncertainties of Ship Speed Loss Estimation.<\/strong> The 4th International Symposium of Maritime Sciences &#8211; ISMS 2019, 7 February 2019, Kobe University, Kobe, Japan. (Keynote speech by Prof. Jasna Prpi\u0107-Or\u0161i\u0107).<br\/>\nPavleti\u0107, D., Randi\u0107, M. (2019). <strong>Effect of Welding Parameters on Weld Quality for High-Strength Steel Used at Low Temperature (EH36).<\/strong> The 4th International Symposium of Maritime Sciences &#8211; ISMS 2019, 7 February 2019, Kobe University, Kobe, Japan. (Keynote speech by Prof. Du\u0161ko Pavleti\u0107).<\/p>\n\n\n<h5 class=\"wp-block-heading\"><strong>Poster sessions<\/strong><\/h5>\n\n\n<p>Lerga, J., Prpi\u0107-Or\u0161i\u0107, J. (2019). <strong>Introduction to Time-Frequency Analysis of Signals in Ship Guidance, Navigation and Control.<\/strong> 13th International Conference on Advanced Computational Engineering and Experimenting (ACE-X 2019), Athens, Greece, pp. 21. <\/p>\n\n\n<h5 class=\"wp-block-heading\"><strong>PhD and MSc theses<\/strong><\/h5>\n\n\n<p>Bevandi\u0107, M. (2019). <strong>GNSS, INS and RTK positioning methods in maritime navigation.<\/strong> MSc thesis, Supervisors: Assist. Prof. Marko Val\u010di\u0107 and Assist. Prof. David Br\u010di\u0107, University of Rijeka, Faculty of Maritime Studies, Rijeka, Croatia.<\/p>\n\n","protected":false},"excerpt":{"rendered":"<p>DEcision Support System for green and safE ship RouTing (DESSERT) Funded by: Croatian Science Foundation &#8211; HRZZ-IP-2018-01-3739 Principal researcher: Prof. Jasna Prpi\u0107-Or\u0161i\u0107 Host institution: University of Rijeka, Faculty of Engineering, Rijeka, Croatia Project duration: 2019-2023 Funding: Croatian Science Foundation (HRZZ-IP-2018-01-3739) Contact Prof. Jasna Prpi\u0107-Or\u0161i\u0107, PhD University of Rijeka, Faculty of Engineering Department of Naval Architecture [&hellip;]<\/p>\n","protected":false},"author":3,"featured_media":0,"parent":22495,"menu_order":0,"comment_status":"closed","ping_status":"closed","template":"","meta":{"_acf_changed":false,"inline_featured_image":false,"footnotes":""},"class_list":["post-22507","page","type-page","status-publish","hentry"],"acf":[],"_links":{"self":[{"href":"https:\/\/riteh.uniri.hr\/en\/wp-json\/wp\/v2\/pages\/22507","targetHints":{"allow":["GET"]}}],"collection":[{"href":"https:\/\/riteh.uniri.hr\/en\/wp-json\/wp\/v2\/pages"}],"about":[{"href":"https:\/\/riteh.uniri.hr\/en\/wp-json\/wp\/v2\/types\/page"}],"author":[{"embeddable":true,"href":"https:\/\/riteh.uniri.hr\/en\/wp-json\/wp\/v2\/users\/3"}],"replies":[{"embeddable":true,"href":"https:\/\/riteh.uniri.hr\/en\/wp-json\/wp\/v2\/comments?post=22507"}],"version-history":[{"count":1,"href":"https:\/\/riteh.uniri.hr\/en\/wp-json\/wp\/v2\/pages\/22507\/revisions"}],"predecessor-version":[{"id":23477,"href":"https:\/\/riteh.uniri.hr\/en\/wp-json\/wp\/v2\/pages\/22507\/revisions\/23477"}],"up":[{"embeddable":true,"href":"https:\/\/riteh.uniri.hr\/en\/wp-json\/wp\/v2\/pages\/22495"}],"wp:attachment":[{"href":"https:\/\/riteh.uniri.hr\/en\/wp-json\/wp\/v2\/media?parent=22507"}],"curies":[{"name":"wp","href":"https:\/\/api.w.org\/{rel}","templated":true}]}}