{"id":22498,"date":"2024-07-08T11:19:35","date_gmt":"2024-07-08T09:19:35","guid":{"rendered":"http:\/\/127.0.0.1:8080\/en\/science\/research-and-projects\/adria_tinn\/adriatinn-co-lab\/"},"modified":"2024-09-04T13:09:36","modified_gmt":"2024-09-04T13:09:36","slug":"adriatinn-co-lab","status":"publish","type":"page","link":"https:\/\/riteh.uniri.hr\/en\/science\/research-and-projects\/adria_tinn\/adriatinn-co-lab\/","title":{"rendered":"ADRIATInn Co-lab"},"content":{"rendered":"\n\n<p> <\/p>\n\n\n<h1 class=\"wp-block-heading\">Natje\u010daj<\/h1>\n\n\n<p>Tehni\u010dki fakultet Sveu\u010dili\u0161ta u Rijeci objavljuje natje\u010daj za odabir osobe za obavljanje administrativnih poslova u okviru Projekta IPA CBC ADRIATinn &#8211; An Adriatic Network for Advancing Research Development and Innovation towards the Creation of new Policies for Sustainable Competiveness and Technological Capacity of SMEs- s Ugovorom o radu na odre\u0111eno s punim radnim vremenom na Projektu za podr\u0161ku u realizaciji aktivnosti koje su predvi\u0111ene projektom za Tehni\u010dki fakultet Sveu\u010dili\u0161ta u Rijeci.<\/p>\n\n\n<p>Poziv na iskaz interesa za ADRIATinn administratora preuzmite sa <a href=\"\/media\/filer_public\/dc\/3e\/dc3e9d1c-b3f8-4cc5-be74-c657667a5c0d\/poziv_na_iskaz_interesa_za_adriatinn_administratora.pdf\">LINK<\/a>-a.<\/p>\n\n\n<p> <\/p>\n\n\n<p> <\/p>\n\n\n<hr class=\"wp-block-separator has-alpha-channel-opacity\"\/>\n\n\n<p> <\/p>\n\n\n<p>Welcome to the ADRIATinn co-labs webpage. Co-labs are part of ADRIATinn ecosystem which is developed in 8 countries in the Adriatic area (please visit <a href=\"http:\/\/www.adriatinn.eu\">www.adriatinn.eu<\/a> for more details).<br\/> <br\/>\nCollaborative workplaces (co-labs) are addressed to individuals (freelancers or potential entrepreneurs), SMEs, startups etc. They enable all these actors exchange knowledge, connect and network, while the events organized in these workplaces address identified market and societal needs through R&amp;D. The collaborative workspaces (1 in each participating country) are interconnected with each other thus creating an interactive, cross border environment. The environment is supported by electronic communications and groupware which enable participants to overcome space and time differentials.<\/p>\n\n\n<p> <\/p>\n\n\n<p> <\/p>\n\n\n<p> <\/p>\n\n\n<p> <\/p>\n\n\n<hr class=\"wp-block-separator has-alpha-channel-opacity\"\/>\n\n\n<p>Programme link:<\/p>\n\n\n<p><a href=\"http:\/\/www.adriaticipacbc.org\/\">http:\/\/www.adriaticipacbc.org\/<\/a><\/p>\n\n\n<p> <\/p>\n\n\n<p> <\/p>\n\n\n<p>This web site has been produced with the financial assistance of the IPA Adriatic Cross-Border Cooperation Programme. The contents of this web site are the sole responsibility of University of Rijeka \u2013 Faculty of Engineering and can under no circumstances be regarded as reflecting the position of the IPA Adriatic Cross-Border Cooperation Programme Authorities.<\/p>\n\n","protected":false},"excerpt":{"rendered":"<p>Natje\u010daj Tehni\u010dki fakultet Sveu\u010dili\u0161ta u Rijeci objavljuje natje\u010daj za odabir osobe za obavljanje administrativnih poslova u okviru Projekta IPA CBC ADRIATinn &#8211; An Adriatic Network for Advancing Research Development and Innovation towards the Creation of new Policies for Sustainable Competiveness and Technological Capacity of SMEs- s Ugovorom o radu na odre\u0111eno s punim radnim vremenom [&hellip;]<\/p>\n","protected":false},"author":3,"featured_media":0,"parent":22497,"menu_order":0,"comment_status":"closed","ping_status":"closed","template":"","meta":{"_acf_changed":false,"inline_featured_image":false,"footnotes":""},"class_list":["post-22498","page","type-page","status-publish","hentry"],"acf":[],"_links":{"self":[{"href":"https:\/\/riteh.uniri.hr\/en\/wp-json\/wp\/v2\/pages\/22498","targetHints":{"allow":["GET"]}}],"collection":[{"href":"https:\/\/riteh.uniri.hr\/en\/wp-json\/wp\/v2\/pages"}],"about":[{"href":"https:\/\/riteh.uniri.hr\/en\/wp-json\/wp\/v2\/types\/page"}],"author":[{"embeddable":true,"href":"https:\/\/riteh.uniri.hr\/en\/wp-json\/wp\/v2\/users\/3"}],"replies":[{"embeddable":true,"href":"https:\/\/riteh.uniri.hr\/en\/wp-json\/wp\/v2\/comments?post=22498"}],"version-history":[{"count":1,"href":"https:\/\/riteh.uniri.hr\/en\/wp-json\/wp\/v2\/pages\/22498\/revisions"}],"predecessor-version":[{"id":23486,"href":"https:\/\/riteh.uniri.hr\/en\/wp-json\/wp\/v2\/pages\/22498\/revisions\/23486"}],"up":[{"embeddable":true,"href":"https:\/\/riteh.uniri.hr\/en\/wp-json\/wp\/v2\/pages\/22497"}],"wp:attachment":[{"href":"https:\/\/riteh.uniri.hr\/en\/wp-json\/wp\/v2\/media?parent=22498"}],"curies":[{"name":"wp","href":"https:\/\/api.w.org\/{rel}","templated":true}]}}