{"id":22487,"date":"2024-07-08T11:19:57","date_gmt":"2024-07-08T09:19:57","guid":{"rendered":"http:\/\/127.0.0.1:8080\/en\/organisation\/professional-administrative-staff\/ured-za-projekte\/"},"modified":"2025-11-11T14:40:30","modified_gmt":"2025-11-11T13:40:30","slug":"ured-za-projekte","status":"publish","type":"page","link":"https:\/\/riteh.uniri.hr\/en\/organisation\/professional-administrative-staff\/ured-za-projekte\/","title":{"rendered":"PROJECTS AND TECHNOLOGY TRANSFER OFFICE"},"content":{"rendered":"\n<h2 class=\"wp-block-heading\">Contact Information<\/h2>\n\n\n\n<p>Head <a href=\"\/en\/osoba\/sara-volaric\">Sara Volari\u0107, Grad. Economist<\/a><\/p>\n\n\n\n<p>Address <a href=\"https:\/\/riteh.uniri.hr\/en\/organisation\/professional-administrative-staff\/ured-za-projekte\/\">PROJECTS AND TECHNOLOGY TRANSFER OFFICE<\/a> <br>Professional Administrative Staff<br>Faculty of Engineering<br>Vukovarska 58<br>HR-51000 Rijeka<\/p>\n\n\n\n<div class=\"wp-block-group is-layout-constrained wp-block-group-is-layout-constrained\">\n<hr class=\"wp-block-separator has-alpha-channel-opacity\"\/>\n\n\n\n<h2 class=\"wp-block-heading\">Members<\/h2>\n\n\n<ul class=\"members\"><li><a href=\"https:\/\/riteh.uniri.hr\/en\/osoba\/sara-volaric-vucic\/\"><img decoding=\"async\" src=\"https:\/\/riteh.uniri.hr\/wp-content\/uploads\/sara-volaric-150x150.jpg\" alt=\"Sara Volari\u0107 Vu\u010di\u0107\"> Sara Volari\u0107 Vu\u010di\u0107 dipl. oec.<\/a><\/li><li><a href=\"https:\/\/riteh.uniri.hr\/en\/osoba\/kristina-juric-grzeta\/\"><img decoding=\"async\" src=\"https:\/\/riteh.uniri.hr\/wp-content\/uploads\/Kristina-Juric-Grzeta-150x150.jpg\" alt=\"Kristina Juri\u0107 Gr\u017eeta\"> Kristina Juri\u0107 Gr\u017eeta univ. spec. pol.<\/a><\/li><li><a href=\"https:\/\/riteh.uniri.hr\/en\/osoba\/ivana-kosovac\/\"><img decoding=\"async\" src=\"https:\/\/riteh.uniri.hr\/wp-content\/uploads\/Ivana-Kosovac_cjelovita-1-150x150.jpg\" alt=\"Ivana Kosovac\"> Ivana Kosovac mag. ing. traff.<\/a><\/li><\/ul>\n<\/div>\n","protected":false},"excerpt":{"rendered":"<p>Contact Information Head Sara Volari\u0107, Grad. Economist Address PROJECTS AND TECHNOLOGY TRANSFER OFFICE Professional Administrative StaffFaculty of EngineeringVukovarska 58HR-51000 Rijeka Members<\/p>\n","protected":false},"author":3,"featured_media":0,"parent":22482,"menu_order":0,"comment_status":"closed","ping_status":"closed","template":"","meta":{"_acf_changed":false,"inline_featured_image":false,"footnotes":""},"class_list":["post-22487","page","type-page","status-publish","hentry"],"acf":[],"_links":{"self":[{"href":"https:\/\/riteh.uniri.hr\/en\/wp-json\/wp\/v2\/pages\/22487","targetHints":{"allow":["GET"]}}],"collection":[{"href":"https:\/\/riteh.uniri.hr\/en\/wp-json\/wp\/v2\/pages"}],"about":[{"href":"https:\/\/riteh.uniri.hr\/en\/wp-json\/wp\/v2\/types\/page"}],"author":[{"embeddable":true,"href":"https:\/\/riteh.uniri.hr\/en\/wp-json\/wp\/v2\/users\/3"}],"replies":[{"embeddable":true,"href":"https:\/\/riteh.uniri.hr\/en\/wp-json\/wp\/v2\/comments?post=22487"}],"version-history":[{"count":10,"href":"https:\/\/riteh.uniri.hr\/en\/wp-json\/wp\/v2\/pages\/22487\/revisions"}],"predecessor-version":[{"id":46281,"href":"https:\/\/riteh.uniri.hr\/en\/wp-json\/wp\/v2\/pages\/22487\/revisions\/46281"}],"up":[{"embeddable":true,"href":"https:\/\/riteh.uniri.hr\/en\/wp-json\/wp\/v2\/pages\/22482"}],"wp:attachment":[{"href":"https:\/\/riteh.uniri.hr\/en\/wp-json\/wp\/v2\/media?parent=22487"}],"curies":[{"name":"wp","href":"https:\/\/api.w.org\/{rel}","templated":true}]}}