{"id":22485,"date":"2024-07-08T11:19:57","date_gmt":"2024-07-08T09:19:57","guid":{"rendered":"http:\/\/127.0.0.1:8080\/en\/organisation\/professional-administrative-staff\/general-and-personnel-office\/"},"modified":"2025-11-11T14:41:43","modified_gmt":"2025-11-11T13:41:43","slug":"general-and-personnel-office","status":"publish","type":"page","link":"https:\/\/riteh.uniri.hr\/en\/organisation\/professional-administrative-staff\/general-and-personnel-office\/","title":{"rendered":"HUMAN RESOURCES, LEGAL AFFAIRS, CIVIL SERVICE RELATIONS AND ADMINISTRATION OFFICE"},"content":{"rendered":"\n<h2 class=\"wp-block-heading\">Contact Information<\/h2>\n\n\n\n<p>Head <a href=\"\/en\/osoba\/marijana-buric-redzovic\">Marijana Buri\u0107 Red\u017eovi\u0107, Grad. Law.<\/a><\/p>\n\n\n\n<p>Address <a href=\"https:\/\/riteh.uniri.hr\/en\/organisation\/professional-administrative-staff\/general-and-personnel-office\/\">HUMAN RESOURCES, LEGAL AFFAIRS, CIVIL SERVICE RELATIONS, AND ADMINISTRATION OFFICE<\/a> <br>Faculty of Engineering<br>Vukovarska 58<br>HR-51000 Rijeka<\/p>\n\n\n\n<div class=\"wp-block-group is-layout-constrained wp-block-group-is-layout-constrained\">\n<hr class=\"wp-block-separator has-alpha-channel-opacity\"\/>\n\n\n\n<h2 class=\"wp-block-heading\">Members<\/h2>\n\n\n<ul class=\"members\"><li><a href=\"https:\/\/riteh.uniri.hr\/en\/osoba\/marijana-buric-redzovic\/\"><img decoding=\"async\" src=\"https:\/\/riteh.uniri.hr\/wp-content\/uploads\/004-150x150.jpg\" alt=\"Marijana Buri\u0107 Red\u017eovi\u0107\"> Marijana Buri\u0107 Red\u017eovi\u0107 dipl. iur.<\/a><\/li><li><a href=\"https:\/\/riteh.uniri.hr\/en\/osoba\/snjezana-mikulicic\/\"><img decoding=\"async\" src=\"https:\/\/riteh.uniri.hr\/wp-content\/uploads\/snjezana-mikulicic-150x150.jpg\" alt=\"Snje\u017eana Mikuli\u010di\u0107\"> Snje\u017eana Mikuli\u010di\u0107 <\/a><\/li><li><a href=\"https:\/\/riteh.uniri.hr\/en\/osoba\/ivana-petrovic\/\"><img decoding=\"async\" src=\"https:\/\/riteh.uniri.hr\/wp-content\/uploads\/ivana-petrovic-150x150.jpg\" alt=\"Ivana Petrovi\u0107\"> Ivana Petrovi\u0107 <\/a><\/li><li><a href=\"https:\/\/riteh.uniri.hr\/en\/osoba\/lovorka-malinic\/\"><img decoding=\"async\" src=\"https:\/\/riteh.uniri.hr\/wp-content\/uploads\/lovorka-malinic-150x150.jpg\" alt=\"Lovorka Malini\u0107\"> Lovorka Malini\u0107 <\/a><\/li><li><a href=\"https:\/\/riteh.uniri.hr\/en\/osoba\/valnea-buric-marohnic\/\"><img decoding=\"async\" src=\"https:\/\/riteh.uniri.hr\/wp-content\/uploads\/valnea-buric-marohnic-150x150.jpg\" alt=\"Valnea Buri\u0107 Marohni\u0107\"> Valnea Buri\u0107 Marohni\u0107 mag.cult.<\/a><\/li><li><a href=\"https:\/\/riteh.uniri.hr\/en\/osoba\/natalija-forgic\/\"><img decoding=\"async\" src=\"https:\/\/riteh.uniri.hr\/wp-content\/uploads\/natalija-forgic-150x150.jpg\" alt=\"Natalija Forgi\u0107\"> Natalija Forgi\u0107 <\/a><\/li><li><a href=\"https:\/\/riteh.uniri.hr\/en\/osoba\/martina-pavelic\/\"><img decoding=\"async\" src=\"https:\/\/riteh.uniri.hr\/wp-content\/uploads\/slika_Martina-Pavelic-150x150.jpg\" alt=\"Martina Paveli\u0107\"> Martina Paveli\u0107 mag.oec.<\/a><\/li><li><a href=\"https:\/\/riteh.uniri.hr\/en\/osoba\/patricija-vukic\/\"><img decoding=\"async\" src=\"https:\/\/riteh.uniri.hr\/wp-content\/uploads\/patricija-vukic-150x150.jpg\" alt=\"Patricija Vuki\u0107\"> Patricija Vuki\u0107 <\/a><\/li><\/ul>\n<\/div>\n","protected":false},"excerpt":{"rendered":"<p>Contact Information Head Marijana Buri\u0107 Red\u017eovi\u0107, Grad. Law. Address HUMAN RESOURCES, LEGAL AFFAIRS, CIVIL SERVICE RELATIONS, AND ADMINISTRATION OFFICE Faculty of EngineeringVukovarska 58HR-51000 Rijeka Members<\/p>\n","protected":false},"author":3,"featured_media":0,"parent":22482,"menu_order":0,"comment_status":"closed","ping_status":"closed","template":"","meta":{"_acf_changed":false,"inline_featured_image":false,"footnotes":""},"class_list":["post-22485","page","type-page","status-publish","hentry"],"acf":[],"_links":{"self":[{"href":"https:\/\/riteh.uniri.hr\/en\/wp-json\/wp\/v2\/pages\/22485","targetHints":{"allow":["GET"]}}],"collection":[{"href":"https:\/\/riteh.uniri.hr\/en\/wp-json\/wp\/v2\/pages"}],"about":[{"href":"https:\/\/riteh.uniri.hr\/en\/wp-json\/wp\/v2\/types\/page"}],"author":[{"embeddable":true,"href":"https:\/\/riteh.uniri.hr\/en\/wp-json\/wp\/v2\/users\/3"}],"replies":[{"embeddable":true,"href":"https:\/\/riteh.uniri.hr\/en\/wp-json\/wp\/v2\/comments?post=22485"}],"version-history":[{"count":12,"href":"https:\/\/riteh.uniri.hr\/en\/wp-json\/wp\/v2\/pages\/22485\/revisions"}],"predecessor-version":[{"id":46285,"href":"https:\/\/riteh.uniri.hr\/en\/wp-json\/wp\/v2\/pages\/22485\/revisions\/46285"}],"up":[{"embeddable":true,"href":"https:\/\/riteh.uniri.hr\/en\/wp-json\/wp\/v2\/pages\/22482"}],"wp:attachment":[{"href":"https:\/\/riteh.uniri.hr\/en\/wp-json\/wp\/v2\/media?parent=22485"}],"curies":[{"name":"wp","href":"https:\/\/api.w.org\/{rel}","templated":true}]}}