{"id":22480,"date":"2024-07-08T11:19:32","date_gmt":"2024-07-08T09:19:32","guid":{"rendered":"http:\/\/127.0.0.1:8080\/en\/organisation\/departments\/ztm\/laboratories\/laboratory-vibration-noise\/"},"modified":"2025-10-23T11:03:34","modified_gmt":"2025-10-23T09:03:34","slug":"laboratory-vibration-noise","status":"publish","type":"page","link":"https:\/\/riteh.uniri.hr\/en\/organisation\/departments\/ztm\/laboratory-vibration-noise\/","title":{"rendered":"Laboratory for Vibration and Noise"},"content":{"rendered":"\n<p>Researchers:<\/p>\n\n\n\n<ul class=\"wp-block-list\">\n<li><a href=\"\/en\/osoba\/ante-skoblar\/\">Assoc. Prof. Ante Skoblar<\/a> (head of the laboratory)<\/li>\n\n\n\n<li>Prof. dr. sc. Sanjin Braut<\/li>\n\n\n\n<li>Prof. dr. sc. Roberto \u017diguli\u0107<\/li>\n\n\n\n<li>Assoc. Prof. Goranka \u0160timac-Ron\u010devi\u0107<\/li>\n<\/ul>\n\n\n\n<p>Equipment:<\/p>\n\n\n\n<p>_1. Active magnetic bearings and appropriate control unit <\/p>\n\n\n\n<figure class=\"wp-block-image size-large\"><img decoding=\"async\" src=\"\/media\/filer_public\/03\/06\/03065a00-7a8e-445b-a83d-81d0b99e4aff\/01_slika.jpg\" alt=\"01_slika.jpg\"\/><\/figure>\n\n\n\n<p><\/p>\n\n\n\n<p><\/p>\n\n\n\n<p><\/p>\n\n\n\n<p><\/p>\n\n\n\n<p><\/p>\n\n\n\n<p><\/p>\n\n\n\n<p><\/p>\n\n\n\n<p>_2. CompactRIO Real-time Controller NI cRIO-9024 and different NI input and output modules <\/p>\n\n\n\n<figure class=\"wp-block-image size-large\"><img decoding=\"async\" src=\"\/media\/filer_public\/14\/cd\/14cd89d0-edd9-4e35-944d-53f9807d50ff\/02_slika.jpg\" alt=\"02_slika.jpg\"\/><\/figure>\n\n\n\n<p><\/p>\n\n\n\n<p><\/p>\n\n\n\n<p><\/p>\n\n\n\n<p><\/p>\n\n\n\n<p><\/p>\n\n\n\n<p><\/p>\n\n\n\n<p>_3. Siglent signal generator and oscilloscope, Focus DC power supply <\/p>\n\n\n\n<figure class=\"wp-block-image size-large\"><img decoding=\"async\" src=\"\/media\/filer_public\/e3\/2b\/e32bd7f8-06e6-4e41-ab0c-3ac1f538a2bc\/03_slika.jpg\" alt=\"03_slika.jpg\"\/><\/figure>\n\n\n\n<p><\/p>\n\n\n\n<p><\/p>\n\n\n\n<p><\/p>\n\n\n\n<p><\/p>\n\n\n\n<p><\/p>\n\n\n\n<p>_4. Two channel Bruel &amp; Kjaer Sound Level Meter 2270 <\/p>\n\n\n\n<figure class=\"wp-block-image size-large\"><img decoding=\"async\" src=\"\/media\/filer_public\/80\/5f\/805fac76-a4ae-4fe1-8725-184344c5ca8d\/04_slika.jpg\" alt=\"04_slika.jpg\"\/><\/figure>\n\n\n\n<p><\/p>\n\n\n\n<p><\/p>\n\n\n\n<p><\/p>\n\n\n\n<p><\/p>\n\n\n\n<p><\/p>\n\n\n\n<p><\/p>\n\n\n\n<p><\/p>\n\n\n\n<p><\/p>\n\n\n\n<p><\/p>\n\n\n\n<p><\/p>\n\n\n\n<p>_5. Roga Plug.n.DAQ, compact 2 channel in\/out data acquisition device <\/p>\n\n\n\n<figure class=\"wp-block-image size-large\"><img decoding=\"async\" src=\"\/media\/filer_public\/20\/1f\/201f1030-6e98-440c-9528-9a43aa8f5806\/05_slika_roga_plug_n_daq2.jpg\" alt=\"05_slika_Roga_plug_n_daq2.jpg\"\/><\/figure>\n\n\n\n<p><\/p>\n\n\n\n<p><\/p>\n\n\n\n<p><\/p>\n\n\n\n<p><\/p>\n\n\n\n<p><\/p>\n\n\n\n<p><\/p>\n\n\n\n<p><\/p>\n\n\n\n<p><\/p>\n\n\n\n<p><\/p>\n\n\n\n<p>_6. B&amp;K Sound Calibrator Type 4231 and PCB Vibration Calibrator <\/p>\n\n\n\n<figure class=\"wp-block-image size-large\"><img decoding=\"async\" src=\"\/media\/filer_public\/38\/2f\/382fda14-d157-42a4-8aad-01c6388f408c\/06_slika.jpg\" alt=\"06_slika.jpg\"\/><\/figure>\n\n\n\n<p><\/p>\n\n\n\n<p><\/p>\n\n\n\n<p><\/p>\n\n\n\n<p>_7. Different sound field exciters <\/p>\n\n\n\n<figure class=\"wp-block-image size-large\"><img decoding=\"async\" src=\"\/media\/filer_public\/bf\/73\/bf733263-0819-4c1a-bccb-9756c89d2931\/07_slike.jpg\" alt=\"07_slike.jpg\"\/><\/figure>\n\n\n\n<p><\/p>\n\n\n\n<p><\/p>\n\n\n\n<p><\/p>\n\n\n\n<p><\/p>\n\n\n\n<p><\/p>\n\n\n\n<p>_8. Small echoic chamber <\/p>\n\n\n\n<figure class=\"wp-block-image size-large\"><img decoding=\"async\" src=\"\/media\/filer_public\/de\/3f\/de3f6c76-23db-41a3-bf0f-fa85af903dc2\/08_slike.jpg\" alt=\"08_slike.jpg\"\/><\/figure>\n","protected":false},"excerpt":{"rendered":"<p>Researchers: Equipment: _1. Active magnetic bearings and appropriate control unit _2. CompactRIO Real-time Controller NI cRIO-9024 and different NI input and output modules _3. Siglent signal generator and oscilloscope, Focus DC power supply _4. Two channel Bruel &amp; Kjaer Sound Level Meter 2270 _5. Roga Plug.n.DAQ, compact 2 channel in\/out data acquisition device _6. B&amp;K [&hellip;]<\/p>\n","protected":false},"author":3,"featured_media":0,"parent":22474,"menu_order":0,"comment_status":"closed","ping_status":"closed","template":"","meta":{"_acf_changed":false,"inline_featured_image":false,"footnotes":""},"class_list":["post-22480","page","type-page","status-publish","hentry"],"acf":[],"_links":{"self":[{"href":"https:\/\/riteh.uniri.hr\/en\/wp-json\/wp\/v2\/pages\/22480","targetHints":{"allow":["GET"]}}],"collection":[{"href":"https:\/\/riteh.uniri.hr\/en\/wp-json\/wp\/v2\/pages"}],"about":[{"href":"https:\/\/riteh.uniri.hr\/en\/wp-json\/wp\/v2\/types\/page"}],"author":[{"embeddable":true,"href":"https:\/\/riteh.uniri.hr\/en\/wp-json\/wp\/v2\/users\/3"}],"replies":[{"embeddable":true,"href":"https:\/\/riteh.uniri.hr\/en\/wp-json\/wp\/v2\/comments?post=22480"}],"version-history":[{"count":4,"href":"https:\/\/riteh.uniri.hr\/en\/wp-json\/wp\/v2\/pages\/22480\/revisions"}],"predecessor-version":[{"id":45074,"href":"https:\/\/riteh.uniri.hr\/en\/wp-json\/wp\/v2\/pages\/22480\/revisions\/45074"}],"up":[{"embeddable":true,"href":"https:\/\/riteh.uniri.hr\/en\/wp-json\/wp\/v2\/pages\/22474"}],"wp:attachment":[{"href":"https:\/\/riteh.uniri.hr\/en\/wp-json\/wp\/v2\/media?parent=22480"}],"curies":[{"name":"wp","href":"https:\/\/api.w.org\/{rel}","templated":true}]}}