{"id":22478,"date":"2024-07-08T11:20:48","date_gmt":"2024-07-08T09:20:48","guid":{"rendered":"http:\/\/127.0.0.1:8080\/en\/organisation\/departments\/ztm\/laboratories\/laboratory-machine-dynamics\/"},"modified":"2025-10-23T09:57:29","modified_gmt":"2025-10-23T07:57:29","slug":"laboratory-machine-dynamics","status":"publish","type":"page","link":"https:\/\/riteh.uniri.hr\/en\/organisation\/departments\/ztm\/laboratory-machine-dynamics\/","title":{"rendered":"Laboratory for Machine Dynamics"},"content":{"rendered":"\n<p>Istra\u017eiva\u010di \/ Researchers:<\/p>\n\n\n\n<ul class=\"wp-block-list\">\n<li><a href=\"\/en\/osoba\/goranka-stimac\">Assoc. Prof. Goranka \u0160timac-Ron\u010devi\u0107<\/a> (head of the laboratory)<\/li>\n\n\n\n<li>Prof. Sanjin Braut<\/li>\n\n\n\n<li>Prof. Roberto \u017diguli\u0107<\/li>\n\n\n\n<li>Assoc. Prof. Ante Skoblar<\/li>\n<\/ul>\n\n\n\n<p>Equipment:<\/p>\n\n\n\n<p>_1. Industrial computer and Hermolab equipment for signal conditioning <\/p>\n\n\n\n<figure class=\"wp-block-image size-large\"><img decoding=\"async\" src=\"\/media\/filer_public\/92\/f0\/92f0ec73-b34b-4b30-95b0-bda62bbdc723\/slika01.jpg\" alt=\"slika01.jpg\"\/><\/figure>\n\n\n\n<p><\/p>\n\n\n\n<p><\/p>\n\n\n\n<p><\/p>\n\n\n\n<p><\/p>\n\n\n\n<p><\/p>\n\n\n\n<p>_2. Schenck Vibroport 41, portable battery-powered two channel measuring instrument for machine diagnostics <\/p>\n\n\n\n<figure class=\"wp-block-image size-large\"><img decoding=\"async\" src=\"\/media\/filer_public\/bc\/da\/bcda8b35-a463-464e-9d28-9787d246bac3\/slika02.jpg\" alt=\"slika02.jpg\"\/><\/figure>\n\n\n\n<p><\/p>\n\n\n\n<p><\/p>\n\n\n\n<p><\/p>\n\n\n\n<p>_3. Signal generator Vibropower 41 with power amplifier for electrodynamic exciter Vibroexciter 41 <\/p>\n\n\n\n<figure class=\"wp-block-image size-large\"><img decoding=\"async\" src=\"\/media\/filer_public\/ce\/95\/ce95499a-4643-431d-ac20-024f7755c3a2\/slika03.jpg\" alt=\"slika03.jpg\"\/><\/figure>\n\n\n\n<p><\/p>\n\n\n\n<p><\/p>\n\n\n\n<p><\/p>\n\n\n\n<p><\/p>\n\n\n\n<p><\/p>\n\n\n\n<p>_4. Rotor dynamic test rig with active magnetic bearings and corresponding control unit <\/p>\n\n\n\n<figure class=\"wp-block-image size-large\"><img decoding=\"async\" src=\"\/media\/filer_public\/6b\/d0\/6bd04d0b-29b6-4e8a-9757-8823275588a3\/slika04.jpg\" alt=\"slika04.jpg\"\/><\/figure>\n\n\n\n<p><\/p>\n\n\n\n<p><\/p>\n\n\n\n<p><\/p>\n\n\n\n<p><\/p>\n\n\n\n<p>_5. Rotor dynamic test rig for rotor\/stator contact dynamics research <\/p>\n\n\n\n<figure class=\"wp-block-image size-large\"><img decoding=\"async\" src=\"\/media\/filer_public\/86\/09\/8609156f-ceae-4469-be33-8a80bc07e236\/slika05.jpg\" alt=\"slika05.jpg\"\/><\/figure>\n\n\n\n<p><\/p>\n\n\n\n<p><\/p>\n\n\n\n<p><\/p>\n\n\n\n<p><\/p>\n\n\n\n<p><\/p>\n\n\n\n<p>_6. Kistler Quartz impulse force hammer, Bruel&amp;Kjaer non-contacting displacement pickups, Schenck acceleration sensors <\/p>\n\n\n\n<figure class=\"wp-block-image size-large\"><img decoding=\"async\" src=\"\/media\/filer_public\/14\/8a\/148a8db4-1248-4f9a-a656-71af0c1ec836\/slika06.jpg\" alt=\"slika06.jpg\"\/><\/figure>\n\n\n\n<p><\/p>\n\n\n\n<p><\/p>\n\n\n\n<p><\/p>\n\n\n\n<p>_7. National Instruments multi-channel data acquisition system for measurements of sound and vibration <\/p>\n\n\n\n<figure class=\"wp-block-image size-large\"><img decoding=\"async\" src=\"\/media\/filer_public\/b0\/a1\/b0a1f52a-268d-481e-a7ed-3c9cbc33999a\/slika07.jpg\" alt=\"slika07.jpg\"\/><\/figure>\n\n\n\n<p><\/p>\n\n\n\n<p><\/p>\n\n\n\n<p><\/p>\n\n\n\n<p><\/p>\n\n\n\n<p>_8. Dewesoft Sirius multi-channel data acquisition system <\/p>\n\n\n\n<figure class=\"wp-block-image size-large\"><img decoding=\"async\" src=\"\/media\/filer_public\/db\/64\/db64c4b9-238d-4ccf-85d9-687e6afe6430\/slika08.jpg\" alt=\"slika08.jpg\"\/><\/figure>\n","protected":false},"excerpt":{"rendered":"<p>Istra\u017eiva\u010di \/ Researchers: Equipment: _1. Industrial computer and Hermolab equipment for signal conditioning _2. Schenck Vibroport 41, portable battery-powered two channel measuring instrument for machine diagnostics _3. Signal generator Vibropower 41 with power amplifier for electrodynamic exciter Vibroexciter 41 _4. Rotor dynamic test rig with active magnetic bearings and corresponding control unit _5. Rotor dynamic [&hellip;]<\/p>\n","protected":false},"author":3,"featured_media":0,"parent":22474,"menu_order":0,"comment_status":"closed","ping_status":"closed","template":"","meta":{"_acf_changed":false,"inline_featured_image":false,"footnotes":""},"class_list":["post-22478","page","type-page","status-publish","hentry"],"acf":[],"_links":{"self":[{"href":"https:\/\/riteh.uniri.hr\/en\/wp-json\/wp\/v2\/pages\/22478","targetHints":{"allow":["GET"]}}],"collection":[{"href":"https:\/\/riteh.uniri.hr\/en\/wp-json\/wp\/v2\/pages"}],"about":[{"href":"https:\/\/riteh.uniri.hr\/en\/wp-json\/wp\/v2\/types\/page"}],"author":[{"embeddable":true,"href":"https:\/\/riteh.uniri.hr\/en\/wp-json\/wp\/v2\/users\/3"}],"replies":[{"embeddable":true,"href":"https:\/\/riteh.uniri.hr\/en\/wp-json\/wp\/v2\/comments?post=22478"}],"version-history":[{"count":3,"href":"https:\/\/riteh.uniri.hr\/en\/wp-json\/wp\/v2\/pages\/22478\/revisions"}],"predecessor-version":[{"id":45060,"href":"https:\/\/riteh.uniri.hr\/en\/wp-json\/wp\/v2\/pages\/22478\/revisions\/45060"}],"up":[{"embeddable":true,"href":"https:\/\/riteh.uniri.hr\/en\/wp-json\/wp\/v2\/pages\/22474"}],"wp:attachment":[{"href":"https:\/\/riteh.uniri.hr\/en\/wp-json\/wp\/v2\/media?parent=22478"}],"curies":[{"name":"wp","href":"https:\/\/api.w.org\/{rel}","templated":true}]}}