{"id":22474,"date":"2024-07-08T11:19:31","date_gmt":"2024-07-08T09:19:31","guid":{"rendered":"http:\/\/127.0.0.1:8080\/en\/organisation\/departments\/ztm\/"},"modified":"2025-10-23T12:12:07","modified_gmt":"2025-10-23T10:12:07","slug":"ztm","status":"publish","type":"page","link":"https:\/\/riteh.uniri.hr\/en\/organisation\/departments\/ztm\/","title":{"rendered":"Department of Engineering Mechanics"},"content":{"rendered":"\n<h2 class=\"wp-block-heading\">Contact Information<\/h2>\n\n\n\n<p>Head <a href=\"\/en\/osoba\/roberto-zigulic\/\">Prof. Roberto \u017diguli\u0107<\/a><br>Contact person <a href=\"\/en\/osoba\/natalija-forgic\">Natalija Forgi\u0107<\/a><br>Address <strong><a href=\"\/en\/organisation\/departments\/ztm\/\">Department of Engineering Mechanics<\/a><\/strong> <br>Faculty of Engineering<br>Vukovarska 58<br>HR-51000 Rijeka<\/p>\n\n\n\n<p>The Department of Engineering Mechanics was founded at the same time as the Faculty, in 1960. The scientific, teaching and professional activity of the Department has developed through time and today is based on nonlinear numerical, especially finite element and experimental analysis of constructions and engines, in the fields of elastomechanics and plastomechanics, viscoplasticity, stability, thermomechanics, dynamics and vibrations, durability and reliability, optimization in design and production, plastic metal forming, kinematics and dynamics of the robot and acoustics. The newest softwares such as Abaqus, Patran\/Nastran, Dytran, Fatigue, Ideas, as well as personally created softwares offer a great possibility in numerical modelling and in response analysis of the structures and machines in various service conditions. The members of the Department have published a great number of scientific papers in prestigious international and national journals, presented papers at international and national conferences and published over 20 books and textbooks among which some abroad. The publication of books by members of the Department covered almost the entire teaching activities of the Department. A large number of candidates gained their academic title of doctor and master&#8217;s degree at the Department of Engineering Mechanics. The Department has taken an active part in all forms of scientific-teaching activity at postgraduate doctoral study, as well as at university and vocational studies of Mechanical Engineering, Naval Architecture and Electrical Engineering. The Department consistently works (or has worked) on scientific research projects financially supported by Croatian Science Foundation, on international scientific research projects (Austria, Slovenia, China, etc), on research projects financially supported by Ministry of Science, Education and Sports of the Republic of Croatia. Also, the Department maintains intensive cooperation with related Departments of the Faculties in Vienna, Brno, Prague, Budapest, Kaiserslautern, Darmstadt, Zlin, Trnava, Cluj-Napoca, Ljubljana, Maribor, Zagreb, Split, Slavonski Brod and Mostar. The activities of the Department are directed also towards a collaboration with the economy, in the field of experimental testing and numerical analysis of structures and machines.<\/p>\n\n\n\n<p>Within the Department there are three chairs: Chair of Structural Analysis, Chair head Prof. D. Sc. Goran Turkalj, Chair of Machine Dynamics, Chair head, Assoc. Prof. D. Sc. Roberto \u017diguli\u0107 and Chair of Solid Mechanics, Chair head Prof. D. Sc. Marko \u010cana\u0111ija. As a part of the Department there are also laboratories: Laboratory for Structural Strength Testing, Laboratory for Structural Fatigue Strength Measurement, Laboratory for Numerical Structural Analysis, Laboratory for Measurement and Analysis of Strain, Laboratory for Machine Dynamics and Laboratory for Mechatronics in Mechanical Engineering.<\/p>\n\n\n\n<figure class=\"wp-block-image size-large\"><img fetchpriority=\"high\" decoding=\"async\" width=\"1024\" height=\"576\" src=\"https:\/\/riteh.uniri.hr\/wp-content\/uploads\/ZTM_IMG_20251016_110404-1024x576.jpg\" alt=\"\" class=\"wp-image-44665\" srcset=\"https:\/\/riteh.uniri.hr\/wp-content\/uploads\/ZTM_IMG_20251016_110404-1024x576.jpg 1024w, https:\/\/riteh.uniri.hr\/wp-content\/uploads\/ZTM_IMG_20251016_110404-400x225.jpg 400w, https:\/\/riteh.uniri.hr\/wp-content\/uploads\/ZTM_IMG_20251016_110404-768x432.jpg 768w, https:\/\/riteh.uniri.hr\/wp-content\/uploads\/ZTM_IMG_20251016_110404-1536x864.jpg 1536w, https:\/\/riteh.uniri.hr\/wp-content\/uploads\/ZTM_IMG_20251016_110404-2048x1152.jpg 2048w\" sizes=\"(max-width: 1024px) 100vw, 1024px\" \/><\/figure>\n\n\n\n<div class=\"wp-block-group is-layout-constrained wp-block-group-is-layout-constrained\">\n<hr class=\"wp-block-separator has-alpha-channel-opacity\"\/>\n\n\n\n<h2 class=\"wp-block-heading\">Members<\/h2>\n\n\n<ul class=\"members\"><li><a href=\"https:\/\/riteh.uniri.hr\/en\/osoba\/roberto-zigulic\/\"><img decoding=\"async\" src=\"https:\/\/riteh.uniri.hr\/wp-content\/uploads\/roberto-zigulic-150x150.jpg\" alt=\"Roberto \u017diguli\u0107\">prof. dr. sc. Roberto \u017diguli\u0107 <\/a><\/li><li><a href=\"https:\/\/riteh.uniri.hr\/en\/osoba\/sanjin-braut\/\"><img decoding=\"async\" src=\"https:\/\/riteh.uniri.hr\/wp-content\/uploads\/sanjin-braut-150x150.jpg\" alt=\"Sanjin Braut\">prof. dr. sc. Sanjin Braut <\/a><\/li><li><a href=\"https:\/\/riteh.uniri.hr\/en\/osoba\/domagoj-lanc\/\"><img decoding=\"async\" src=\"https:\/\/riteh.uniri.hr\/wp-content\/uploads\/domagoj-lanc-150x150.jpg\" alt=\"Domagoj Lanc\">prof. dr. sc. Domagoj Lanc <\/a><\/li><li><a href=\"https:\/\/riteh.uniri.hr\/en\/osoba\/marko-canadija\/\"><img decoding=\"async\" src=\"https:\/\/riteh.uniri.hr\/wp-content\/uploads\/marko-canadija-150x150.jpg\" alt=\"Marko \u010cana\u0111ija\">prof. dr. sc. Marko \u010cana\u0111ija <\/a><\/li><li><a href=\"https:\/\/riteh.uniri.hr\/en\/osoba\/goran-turkalj\/\"><img decoding=\"async\" src=\"https:\/\/riteh.uniri.hr\/wp-content\/uploads\/goran-turkalj-150x150.jpg\" alt=\"Goran Turkalj\">prof. dr. sc. Goran Turkalj <\/a><\/li><li><a href=\"https:\/\/riteh.uniri.hr\/en\/osoba\/marino-brcic\/\"><img decoding=\"async\" src=\"https:\/\/riteh.uniri.hr\/wp-content\/uploads\/marino-brcic-150x150.jpg\" alt=\"Marino Br\u010di\u0107\">prof. dr. sc. Marino Br\u010di\u0107 <\/a><\/li><li><a href=\"https:\/\/riteh.uniri.hr\/en\/osoba\/igor-pesic\/\"><img decoding=\"async\" src=\"https:\/\/riteh.uniri.hr\/wp-content\/uploads\/igor-pesic-150x150.jpg\" alt=\"Igor Pe\u0161i\u0107\">izv. prof. dr. sc. Igor Pe\u0161i\u0107 <\/a><\/li><li><a href=\"https:\/\/riteh.uniri.hr\/en\/osoba\/ante-skoblar\/\"><img decoding=\"async\" src=\"https:\/\/riteh.uniri.hr\/wp-content\/uploads\/ante-skoblar-150x150.jpg\" alt=\"Ante Skoblar\">izv. prof. dr. sc. Ante Skoblar <\/a><\/li><li><a href=\"https:\/\/riteh.uniri.hr\/en\/osoba\/goranka-stimac-roncevic\/\"><img decoding=\"async\" src=\"https:\/\/riteh.uniri.hr\/wp-content\/uploads\/goranka-stimac-roncevic-150x150.jpg\" alt=\"Goranka \u0160timac Ron\u010devi\u0107\">izv. prof. dr. sc. Goranka \u0160timac Ron\u010devi\u0107 <\/a><\/li><li><a href=\"https:\/\/riteh.uniri.hr\/en\/osoba\/sanjin-krscanski\/\"><img decoding=\"async\" src=\"https:\/\/riteh.uniri.hr\/wp-content\/uploads\/sanjin-krscanski-150x150.jpg\" alt=\"Sanjin Kr\u0161\u0107anski\">izv. prof. dr. sc. Sanjin Kr\u0161\u0107anski <\/a><\/li><li><a href=\"https:\/\/riteh.uniri.hr\/en\/osoba\/damjan-banic\/\"><img decoding=\"async\" src=\"https:\/\/riteh.uniri.hr\/wp-content\/uploads\/damjan-banic-150x150.jpg\" alt=\"Damjan Bani\u0107\">v. asist. dr. sc. Damjan Bani\u0107 <\/a><\/li><li><a href=\"https:\/\/riteh.uniri.hr\/en\/osoba\/sandra-kvaternik-simonetti\/\"><img decoding=\"async\" src=\"https:\/\/riteh.uniri.hr\/wp-content\/uploads\/sandra-kvaternik-150x150.jpg\" alt=\"Sandra Kvaternik Simonetti\">v. asist. dr. sc. Sandra Kvaternik Simonetti <\/a><\/li><li><a href=\"https:\/\/riteh.uniri.hr\/en\/osoba\/martin-zlatic\/\"><img decoding=\"async\" src=\"https:\/\/riteh.uniri.hr\/wp-content\/uploads\/martin-zlatic-150x150.jpg\" alt=\"Martin Zlati\u0107\">v. asist. dr. sc. Martin Zlati\u0107 <\/a><\/li><li><a href=\"https:\/\/riteh.uniri.hr\/en\/osoba\/natalija-forgic\/\"><img decoding=\"async\" src=\"https:\/\/riteh.uniri.hr\/wp-content\/uploads\/natalija-forgic-150x150.jpg\" alt=\"Natalija Forgi\u0107\"> Natalija Forgi\u0107 <\/a><\/li><li><a href=\"https:\/\/riteh.uniri.hr\/en\/osoba\/dominik-salma\/\"><img decoding=\"async\" src=\"https:\/\/riteh.uniri.hr\/wp-content\/uploads\/Dominik-Salma-150x150.jpg\" alt=\"Dominik Salma\">asist. Dominik Salma <\/a><\/li><li><a href=\"https:\/\/riteh.uniri.hr\/en\/osoba\/josip-brnic\/\"><img decoding=\"async\" src=\"https:\/\/riteh.uniri.hr\/wp-content\/uploads\/josip-brnic-150x150.jpg\" alt=\"Josip Brni\u0107\">prof. dr. sc. Josip Brni\u0107 professor emeritus<\/a><\/li><li><a href=\"https:\/\/riteh.uniri.hr\/en\/osoba\/raul-ivan-gasljevic\/\"><img decoding=\"async\" src=\"https:\/\/riteh.uniri.hr\/wp-content\/uploads\/Raul-Ivan-Gasljevic-150x150.jpg\" alt=\"Raul Ivan Ga\u0161ljevi\u0107\">asist. Raul Ivan Ga\u0161ljevi\u0107 <\/a><\/li><\/ul>\n<\/div>\n\n\n\n<div class=\"wp-block-group is-layout-constrained wp-block-group-is-layout-constrained\">\n<hr class=\"wp-block-separator has-alpha-channel-opacity\"\/>\n\n\n\n<h2 class=\"wp-block-heading\">Sections and Laboratories<\/h2>\n<\/div>\n","protected":false},"excerpt":{"rendered":"<p>Contact Information Head Prof. Roberto \u017diguli\u0107Contact person Natalija Forgi\u0107Address Department of Engineering Mechanics Faculty of EngineeringVukovarska 58HR-51000 Rijeka The Department of Engineering Mechanics was founded at the same time as the Faculty, in 1960. The scientific, teaching and professional activity of the Department has developed through time and today is based on nonlinear numerical, especially [&hellip;]<\/p>\n","protected":false},"author":3,"featured_media":0,"parent":22419,"menu_order":0,"comment_status":"closed","ping_status":"closed","template":"","meta":{"_acf_changed":false,"inline_featured_image":false,"footnotes":""},"class_list":["post-22474","page","type-page","status-publish","hentry"],"acf":[],"_links":{"self":[{"href":"https:\/\/riteh.uniri.hr\/en\/wp-json\/wp\/v2\/pages\/22474","targetHints":{"allow":["GET"]}}],"collection":[{"href":"https:\/\/riteh.uniri.hr\/en\/wp-json\/wp\/v2\/pages"}],"about":[{"href":"https:\/\/riteh.uniri.hr\/en\/wp-json\/wp\/v2\/types\/page"}],"author":[{"embeddable":true,"href":"https:\/\/riteh.uniri.hr\/en\/wp-json\/wp\/v2\/users\/3"}],"replies":[{"embeddable":true,"href":"https:\/\/riteh.uniri.hr\/en\/wp-json\/wp\/v2\/comments?post=22474"}],"version-history":[{"count":11,"href":"https:\/\/riteh.uniri.hr\/en\/wp-json\/wp\/v2\/pages\/22474\/revisions"}],"predecessor-version":[{"id":45090,"href":"https:\/\/riteh.uniri.hr\/en\/wp-json\/wp\/v2\/pages\/22474\/revisions\/45090"}],"up":[{"embeddable":true,"href":"https:\/\/riteh.uniri.hr\/en\/wp-json\/wp\/v2\/pages\/22419"}],"wp:attachment":[{"href":"https:\/\/riteh.uniri.hr\/en\/wp-json\/wp\/v2\/media?parent=22474"}],"curies":[{"name":"wp","href":"https:\/\/api.w.org\/{rel}","templated":true}]}}