{"id":22473,"date":"2024-07-08T11:20:09","date_gmt":"2024-07-08T09:20:09","guid":{"rendered":"http:\/\/127.0.0.1:8080\/en\/organisation\/departments\/zae\/laboratory-electronics\/"},"modified":"2025-10-29T08:38:26","modified_gmt":"2025-10-29T07:38:26","slug":"laboratory-electronics","status":"publish","type":"page","link":"https:\/\/riteh.uniri.hr\/en\/organisation\/departments\/zae\/laboratory-electronics\/","title":{"rendered":"Laboratory for Electronics"},"content":{"rendered":"\n<p>Head: <a href=\"\/en\/osoba\/vedran-jurdana\/\">Postdoc. Vedran Jurdana<\/a><\/p>\n\n\n\n<p><strong>Equipment of the Electronics Laboratory<\/strong><\/p>\n\n\n\n<p><i>General Remarks<\/i><\/p>\n\n\n\n<p>This list is intended to give an impression of the equipment that is available on the Electronics Laboratory. <\/p>\n\n\n\n<p><\/p>\n\n\n\n<p><i>Equipment list<\/i><\/p>\n\n\n\n<table> <tbody> <tr> <td> <p>Type<\/p> <\/td> <td> <p>Manufacturer<\/p> <\/td> <td> <p>Specificatioins<\/p> <\/td> <\/tr> <tr> <td> <p>Oscilloscope DSOX2004A<\/p> <\/td> <td> <p>Keysight Technology<\/p> <\/td> <td> <p>4 CH, 70 MHz<\/p> <\/td> <\/tr> <tr> <td> <p>Oscilloscope GDS-2004<\/p> <\/td> <td> <p>GDS<\/p> <\/td> <td> <p>200MHz, 4CH<\/p> <\/td> <\/tr> <tr> <td> <p>DMM 6 \u00bd digit 34461A<\/p> <\/td> <td> <p>Keysight Technology<\/p> <\/td> <td> <p>6 \u00bd digit 600 VDC, 440 VAC<\/p> <\/td> <\/tr> <tr> <td> <p>DMM 5 \u00bd digit 34450A<\/p> <\/td> <td> <p>Agilent <\/p> <\/td> <td> <p>5 \u00bd digit<\/p> <\/td> <\/tr> <tr> <td> <p>DSOX2000-001 <\/p> <\/td> <td> <p>WaveGen 20 MHz functin generator<\/p> <\/td> <td> <p> <\/p> <\/td> <\/tr> <tr> <td> <p>Function generator Protek 9302 <\/p> <\/td> <td> <p>Protec<\/p> <\/td> <td> <p>31 MHz, 2CH<\/p> <\/td> <\/tr> <tr> <td> <p>Power Supply E3631A <\/p> <\/td> <td> <p>Agilent<\/p> <\/td> <td> <p>3 Output\/6V,5A\/+25V,1A\/-25V, 1A<\/p> <\/td> <\/tr> <tr> <td> <p>Power Supply E3630A <\/p> <\/td> <td> <p>Agilent<\/p> <\/td> <td> <p>3 Output \/6V, 2.5A\/20V, 0.5A<\/p> <\/td> <\/tr> <tr> <td> <p>Red Pitaya Diagnostic Kit model V1.1<\/p> <\/td> <td> <p>Red Pitaya<\/p> <\/td> <td> <p>CH 2, 50 MHz, 125 Msps, ADC 14 bits<\/p> <\/td> <\/tr> <tr> <td> <p>Handheld DMM U1232A<\/p> <\/td> <td> <p>Keysight Technology<\/p> <\/td> <td> <p>True RMS 6000 count handheld DMM<\/p> <\/td> <\/tr> <\/tbody> <\/table>\n\n\n\n<p><\/p>\n\n\n\n<p><\/p>\n\n\n\n<figure class=\"wp-block-image size-large\"><img decoding=\"async\" src=\"\/media\/filer_public_thumbnails\/filer_public\/7a\/b9\/7ab91a6e-05b2-4431-91b0-6b5a27d7cdac\/prod-2270273-01.jpg__880x660_q92_crop_subsampling-2_upscale.jpg\" alt=\"PROD-2270273-01.jpg\"\/><\/figure>\n\n\n\n<figure class=\"wp-block-image size-large\"><img decoding=\"async\" src=\"\/media\/filer_public_thumbnails\/filer_public\/83\/4c\/834c0f68-9370-4210-9ca1-507ab0508ac1\/prod-1945042-01osc.jpg__880x660_q92_crop_subsampling-2_upscale.jpg\" alt=\"PROD-1945042-01OSC.jpg\"\/><\/figure>\n\n\n\n<figure class=\"wp-block-image size-large\"><img decoding=\"async\" src=\"\/media\/filer_public_thumbnails\/filer_public\/f6\/cc\/f6cc3ba8-4f10-4ff8-b7cb-dc4f547c65fc\/prod-836433-01_power_supply.jpg__880x660_q92_crop_subsampling-2_upscale.jpg\" alt=\"PROD-836433-01_Power_Supply.jpg\"\/><\/figure>\n\n\n\n<figure class=\"wp-block-image size-large\"><img decoding=\"async\" src=\"\/media\/filer_public_thumbnails\/filer_public\/47\/1c\/471cc3d2-95d3-4e68-a93f-6e6d6717c3c7\/prod-2000224-01dmmhand.jpg__880x660_q92_crop_subsampling-2_upscale.jpg\" alt=\"PROD-2000224-01DMMHand.jpg\"\/><\/figure>\n\n\n\n<p><\/p>\n\n\n\n<p><i>Software<\/i><\/p>\n\n\n\n<table> <tbody> <tr> <td> <p>Type<\/p> <\/td> <td> <p>Manufacturer<\/p> <\/td> <td> <p>Specificatioins<\/p> <\/td> <\/tr> <tr> <td> <p>MATLAB<\/p> <\/td> <td> <p>The MathWorks<\/p> <\/td> <td> <p>Numerical Computing<\/p> <\/td> <\/tr> <\/tbody> <\/table>\n\n\n\n<p><\/p>\n\n\n\n<p>Research activity of the Electronics Laboratory in the field of optoelectronic, semiconductor devices and their applications. <\/p>\n\n\n\n<p>Specific research areas include<\/p>\n\n\n\n<p>&#8211; Color detection with an a-Si:H p-i-n photodiode<\/p>\n\n\n\n<p>&#8211; Characterization of a-Si:H p-i-n solar cells and photodiodes<\/p>\n\n\n\n<p>&#8211; Study of the defect density of states in the intrinsic layer of a-Si:H &#8211; based photodiodes and solar cells.<\/p>\n\n\n\n<p>&#8211; a-si:H p-i-n photodiode as optical biosensor.<\/p>\n\n\n\n<p><\/p>\n\n\n\n<p>50 square meters of laboratory space are available for the students&#8217; laboratory exercises. <\/p>\n\n\n\n<p><\/p>\n\n\n\n<p><i>Latest publications<\/i><\/p>\n\n\n\n<p><i>Journal papers<\/i><\/p>\n\n\n\n<p><\/p>\n\n\n\n<p>Gradi\u0161nik, Vera; Gumbarevi\u0107, Darko<br>\nThe Blue Light Defects Activation in A-Si:H Pin Photodiode as a Biosensor. \/\/ Key Engineering Materials, 843 (2020), 64-69 doi:10.4028\/www.scientific.net\/kem.843.64 (me\u0111unarodna recenzija, \u010dlanak, znanstveni)<br> <\/p>\n\n\n\n<p>Gradi\u0161nik, Vera; Lini\u0107, Antonio<br>\nDefects characterization in p-i-n a-Si:H photodiode i-layer. \/\/ Journal of non-crystalline solids, 363 (2013), 193-198 doi:10.1016\/j.jnoncrysol.2012.12.032 (me\u0111unarodna recenzija, pregledni rad, znanstveni)<br> <\/p>\n\n\n\n<p>Gradi\u0161nik, Vera<br>\nCharacterization of a-Si:H P-I-N Photodiode Response. \/\/ INFORMACIJE MIDEM-JOURNAL OF MICROELECTRONICS ELECTRONIC COMPONENTS AND MATERIALS, 42 (2012), 1; 23-28 (me\u0111unarodna recenzija, \u010dlanak, znanstveni)<br> <\/p>\n\n\n\n<p>Gradi\u0161nik, Vera; Lini\u0107, Antonio; \u0160verko, Mladen<br>\nEffect of Dangling Bonds on Transient Response of p- i-n a-Si:H Photodiode. \/\/ Informacije MIDEM, 41 (2011), 3; 161-167 (me\u0111unarodna recenzija, \u010dlanak, znanstveni)<br> <\/p>\n\n\n\n<p>Gradi\u0161nik, Vera; Pavlovi\u0107, Mladen; Pivac, Branko; Zulim, Ivan; <br>\nTransient Response Times of a-Si:H p-i-n Color Detector. \/\/ IEEE Transactions on Electron devices, 53 (2006), 10; 2485-2491 (me\u0111unarodna recenzija, \u010dlanak, znanstveni)<br> <\/p>\n\n\n\n<p><i>Pepers in Conferences Proceedings<\/i><\/p>\n\n\n\n<p><\/p>\n\n\n\n<p>Gradi\u0161nik, Vera; Gumbarevi\u0107, Darko; Caputo, Domenico; de Cesare, Giampiero; Kraljevi\u0107 Paveli\u0107, Sandra<br>\nDetection of photoresponse of cell culture medium by a:Si:H photodiode under blue light exposure. \/\/ MIDEM Conference 2017 Proceedings on 53nd International Conference on Microelectronics, Devices and Materials &amp; The Workshop on Materials for Energy Conversion and Their Applications: Electrocalorics and Thermoelectrics \/ Bernik, S. ; Topi\u010d, M. ; Mali\u010d, B. (ur.).<br>\nLjubljana: MIDEM Society for Microelectronics, Electronic, Components and Materials, 2017. str. 50-53 (predavanje, me\u0111unarodna recenzija, cjeloviti rad (in extenso), znanstveni)<br> <\/p>\n\n\n\n<p>\u010covi\u0107, Marko; Gradi\u0161nik, Vera; Jeri\u010devi\u0107, \u017deljko<br>\nThe investigation of influence of localized states on a-Si:H p-i-n photodiode transient response to blue light impulse with blue light optical bias. \/\/ Proceedings of the 39th International Convention MIPRO 2016 \/ Biljanovi\u0107, Petar (ur.).<br>\nRijeka: Croatian Society MIPRO, 2016., 2016. str. 24-27 (predavanje, me\u0111unarodna recenzija, cjeloviti rad (in extenso), znanstveni)<br> <\/p>\n\n\n\n<p>\u0160verko, Mladen; Lini\u0107, Antonio; Gradi\u0161nik, Vera<br>\nA Comparative Study of Parameters Extraction Four- and Five-Points Methods for a-Si:H Solar Cell. \/\/ Proceedings of 47th International Conference on Microelectronics, Devices and Materials and the Workshop on Organic Semiconductors, Technologies and Devices \/ Bratina, G. ; \u0160orli, Iztok (ur.).<br>\nLjubljana: MIDEM &#8211; Society for Microelectronics, Electronic Components and Materials, 2011. str. 213-216 (predavanje, me\u0111unarodna recenzija, cjeloviti rad (in extenso), znanstveni)<br> <\/p>\n\n\n\n<p>Gradi\u0161nik, Vera<br>\nObserved similar behaviour of a-Si:H p-i-n photodiode and retina response. \/\/ Proceeding of the Seventh IASTED International Conference on Biomedical Engineering \/ Hierlemann, Andreas (ur.).<br>\nInnsbruck: IASTED, 2010. str. 176-180 (predavanje, me\u0111unarodna recenzija, cjeloviti rad (in extenso), znanstveni)<br> <\/p>\n\n\n\n<p>Gradi\u0161nik, Vera; Milanovi\u0107, \u017deljka<br>\nEffect of Light and Voltage-Induced Defects on a-Si:H Three-Color Detector Transient Response. \/\/ Proceedings of 45th International Conference on Microelectronics, Devices and Materials and the Workshop on Advanced Photovoltaic Devices and Technologies \/ M. Topi\u010d, J. Kr\u010d, I. \u0160orli (ur.).<br>\nLjubljana: MIDEM Society for Microelectronics, Electronic Componentes and Materials, 1000 Ljubljana, Stegne 7, Slovenia, 2009. str. 301-304 (predavanje, me\u0111unarodna recenzija, cjeloviti rad (in extenso), znanstveni)<br> <\/p>\n\n\n\n<p>Gradi\u0161nik, Vera; Pavlovi\u0107, Mladen<br>\nCharacteristic Transient Response Shapes of a-Si:H Three-Colour Detectors. \/\/ Proceedings of 44th International Conference on Microelectronics, Devices and Materials and the Workshop on Advanced Plasma Technologies, Sept 17.-19.2008, Fiesa, Slovenia \/ S. Amon, M. Mozeti\u010d, I. \u0160orli (ur.).<br>\nLjubljana: MIDEM Society for Microelectronics, Electronic Componentes and Materials, 1000 Ljubljana, Stegne 7, Slovenia, 2008. str. 297-300 (predavanje, me\u0111unarodna recenzija, cjeloviti rad (in extenso), znanstveni)<br> <\/p>\n\n\n\n<p>This website contains information about the members, students and external associates of Electronics Laboratory and their research. It also contains links to various other related websites and laboratories.<\/p>\n\n\n\n<p><\/p>\n\n\n\n<p><i>General Links<\/i><\/p>\n\n\n\n<p><\/p>\n\n\n\n<ul class=\"wp-block-list\">\n<li><a href=\"https:\/\/riteh.uniri.hr\/en\/organisation\/departments\/zae\/\">Dept. of Automation and Electronics Engineering<\/a><\/li>\n\n\n\n<li><a href=\"\/en\/\">Faculty of Engineering<\/a><\/li>\n\n\n\n<li><a href=\"https:\/\/uniri.hr\/en\/home\/\">University of Rijeka, Croatia<\/a><\/li>\n\n\n\n<li><u>External collaborators<\/u><\/li>\n\n\n\n<li><a href=\"https:\/\/web.uniroma1.it\/dip_diet\/users\/caputo\">Department of Information Engineering, Electronics and Telecommunications, Sapienza Universit\u00e0 di Roma, Prof. Domenico Caputo<\/a><\/li>\n\n\n\n<li><a href=\"https:\/\/www.biotech.uniri.hr\/en\">Department of Biotechnology<\/a> &#8211; <a href=\"https:\/\/www.labsexplorer.com\/lab\/laboratory-for-colloids-polyelectrolytes-and-interfaces_103109\">Laboratory for colloids polyelectrolytes and interfaces<\/a><u> &#8211; <\/u><a href=\"https:\/\/portal.uniri.hr\/portfelj\/1505\">Prof. Du\u0161ko \u010cakara<\/a><u> <\/u><\/li>\n<\/ul>\n\n\n\n<p><\/p>\n\n\n\n<p><\/p>\n\n\n\n<p>Contact us<\/p>\n\n\n\n<p><i>Location<\/i><\/p>\n\n\n\n<p>Electronics Laboratory is in the Faculty of Engineering building on the bridge in 1<sup>st<\/sup> floor.<\/p>\n\n\n\n<p><i>Address:<\/i><\/p>\n\n\n\n<p>Faculty of Engineering<\/p>\n\n\n\n<p>University of Rijeka<\/p>\n\n\n\n<p>Electronics Laboratory<\/p>\n\n\n\n<p>Vukovrska 58<\/p>\n\n\n\n<p>HR-51000 Rijeka<\/p>\n\n\n\n<p>Croatia<\/p>\n","protected":false},"excerpt":{"rendered":"<p>Head: Postdoc. Vedran Jurdana Equipment of the Electronics Laboratory General Remarks This list is intended to give an impression of the equipment that is available on the Electronics Laboratory. Equipment list Type Manufacturer Specificatioins Oscilloscope DSOX2004A Keysight Technology 4 CH, 70 MHz Oscilloscope GDS-2004 GDS 200MHz, 4CH DMM 6 \u00bd digit 34461A Keysight Technology 6 [&hellip;]<\/p>\n","protected":false},"author":3,"featured_media":0,"parent":22468,"menu_order":0,"comment_status":"closed","ping_status":"closed","template":"","meta":{"_acf_changed":false,"inline_featured_image":false,"footnotes":""},"class_list":["post-22473","page","type-page","status-publish","hentry"],"acf":[],"_links":{"self":[{"href":"https:\/\/riteh.uniri.hr\/en\/wp-json\/wp\/v2\/pages\/22473","targetHints":{"allow":["GET"]}}],"collection":[{"href":"https:\/\/riteh.uniri.hr\/en\/wp-json\/wp\/v2\/pages"}],"about":[{"href":"https:\/\/riteh.uniri.hr\/en\/wp-json\/wp\/v2\/types\/page"}],"author":[{"embeddable":true,"href":"https:\/\/riteh.uniri.hr\/en\/wp-json\/wp\/v2\/users\/3"}],"replies":[{"embeddable":true,"href":"https:\/\/riteh.uniri.hr\/en\/wp-json\/wp\/v2\/comments?post=22473"}],"version-history":[{"count":4,"href":"https:\/\/riteh.uniri.hr\/en\/wp-json\/wp\/v2\/pages\/22473\/revisions"}],"predecessor-version":[{"id":45204,"href":"https:\/\/riteh.uniri.hr\/en\/wp-json\/wp\/v2\/pages\/22473\/revisions\/45204"}],"up":[{"embeddable":true,"href":"https:\/\/riteh.uniri.hr\/en\/wp-json\/wp\/v2\/pages\/22468"}],"wp:attachment":[{"href":"https:\/\/riteh.uniri.hr\/en\/wp-json\/wp\/v2\/media?parent=22473"}],"curies":[{"name":"wp","href":"https:\/\/api.w.org\/{rel}","templated":true}]}}