{"id":22472,"date":"2024-07-08T11:19:59","date_gmt":"2024-07-08T09:19:59","guid":{"rendered":"http:\/\/127.0.0.1:8080\/en\/organisation\/departments\/zae\/laboratories\/laboratory\/"},"modified":"2025-10-24T14:10:12","modified_gmt":"2025-10-24T12:10:12","slug":"laboratory","status":"publish","type":"page","link":"https:\/\/riteh.uniri.hr\/en\/organisation\/departments\/zae\/laboratory\/","title":{"rendered":"Asistive Technology Laboratory"},"content":{"rendered":"\n<p>Location: 2-50 , LABORATORY L13<\/p>\n\n\n\n<h1 class=\"wp-block-heading\">Head<\/h1>\n\n\n\n<p><a href=\"\/en\/osoba\/miroslav-vrankic\/\">Prof. Miroslav Vranki\u0107<\/a><\/p>\n\n\n\n<p>miroslav.vrankic@riteh.hr<\/p>\n\n\n\n<p>+385 51 651441, int. 2441 (Office 1-10)<\/p>\n\n\n\n<p><em><strong>Researchers:<\/strong><\/em><\/p>\n\n\n\n<p>Prof. Miroslav Vranki\u0107<\/p>\n\n\n\n<p>Prof. Sa\u0161a Vlahini\u0107<\/p>\n\n\n\n<p>Postdoc. Ivan Markovinovi\u0107<\/p>\n\n\n\n<p>The focus of the Asistive Technology Laboratory is technology which makes life easier for people with disabilities. People with various forms of physical disability are often highly dependent on the help of other people. Therefore, an appropriate choice of assistive technology is crucial to make them more independent. Assistive technology allows people with severe disabilities to perform various activities such as controlling the environment for people who are immobile, communicating for those who cannot speak, or using computers for people with motor disabilities or for the blind. Assistive technology always finds alternative ways to use some devices through alternative user interfaces. Just as there is a wide range of different types of disability, so is a wide range of different types of assistive devices. Managing the environment through speech for immobile people, eyegaze controlled communication devices, and thought-controlled systems (using EEG signals) are just some of the examples from a wide range of technologies designed to make people with disabilities more independent.<\/p>\n\n\n\n<p><\/p>\n\n\n\n<h1 class=\"wp-block-heading\">List of major laboratory equipment<\/h1>\n\n\n\n<p><em><strong>EEG equipment:<\/strong><\/em><\/p>\n\n\n\n<p>&#8211; EEG system &#8211; V-Amp 16 Brain Products + activeCAP with active electrodes \u2013 (software: BrainVision Recorder, BrainVision RecView)<br> <br> &#8211; EEG system OpenBCI + Headset with wet and dry electrodes (OpenBCI GUI v4.1.7.)<br> <br> &#8211; EEG system Emotiv EPOC<br> <\/p>\n\n\n\n<figure class=\"wp-block-image size-large\"><img decoding=\"async\" src=\"\/media\/filer_public_thumbnails\/filer_public\/e5\/38\/e538a8f8-e7ea-4fcb-b9ba-4376d6801c99\/v-amp-v2.jpg__300x400_q92_crop_subsampling-2_upscale.jpg\" alt=\"V-Amp-v2.jpg\"\/><\/figure>\n\n\n\n<figure class=\"wp-block-image size-large\"><img decoding=\"async\" src=\"\/media\/filer_public_thumbnails\/filer_public\/b3\/07\/b307666f-daf9-47de-a7b8-62d2e582b712\/openbci-v2.jpg__300x300_q92_crop_subsampling-2_upscale.jpg\" alt=\"OpenBCI-v2.jpg\"\/><\/figure>\n\n\n\n<figure class=\"wp-block-image size-large\"><img decoding=\"async\" src=\"\/media\/filer_public_thumbnails\/filer_public\/82\/11\/82117ca9-e6d5-4c54-96ad-30b344b0d0ae\/emotiv-v2.jpg__300x400_q92_crop_subsampling-2_upscale.jpg\" alt=\"Emotiv-v2.jpg\"\/><\/figure>\n\n\n\n<h1 class=\"wp-block-heading\">Proof of concept (PoC):<\/h1>\n\n\n\n<ul class=\"wp-block-list\">\n<li>PoC8 \n\n\n<p>Neurofeedback (here in after referred to as NF) is a therapy based on real electrical brain activity with giving feedback. The basis of NF is improvement of brain work in certain frequency ranges and disabling other frequency ranges. With this method it is possible to permanently change undesirable behaviour patterns by persons with disorders such as epilepsy, ADD\/ADHD, dementia etc.<br> <br>\nPhotobiomodulation (hereinafter referred to as PBM) is a therapy that applies light of different wave lengths to treat certain parts of the body with aim to treat numerous disorders and diseases such as Alzheimer&#8217;s, dementia, multiple sclerosis etc. The therapy uses constant intensity light or pulsed light using frequency pulses. The aim of the project is to test (prove) an innovative concept of system design that utilizes the synergistic effect of NF and PBM to treat primarily neurodegenerative diseases specific for elderly people such as Alzheimer&#8217;s and dementia.<\/p>\n<\/li>\n\n\n\n<li>PoC7<br> Autism spectrum disorder (ASD) is a range of neuro-developmental disorders characterized by problems in social communication and social interaction and restricted, repetitive patterns of behavior, interests or activities.<br> <br>\nNeurofeedback is a therapeutic method that uses real-time displays of brain activity, most commonly electroencephalography (EEG), to teach self-regulation of brain function. With this method, it is possible to change challenging behaviors and reduce the symptoms of ASD.<br>\nPersons with ASD often also suffer from sensory processing disorder. This means that the multisensory integration is not adequately processed in order to provide appropriate responses to the demands of the environment. As a result of that, persons develop repetitive and challenging behaviors. Multisensory environments (so-called sensory rooms) help with the sensory processing and therefore reduce challenging behaviors of persons with ASD.<br>\nThe goal of this project is to prove that it is possible to create a system that implements the neurofeedback concept within the multisensory environment. That system would provide a better quality therapeutical work with children with ASD.<\/li>\n\n\n\n<li>PoC6 \n\n\n\n\n\n<p>Locked-in syndrome is a state in which person can\u2019t consciously control his or her own body, nor it can<br>\ncommunicate in any way with others. The person is literally locked-in in his own body. This state could be the consequence of some progressive disease, such as ALS, or the consequence of a stroke or brain injury due to an accident. For some of these patients it is hard to establish the state of consciousness because it is impossible for them to show to others that they are conscious and that they understand what others are saying. Therefore, rates of misdiagnosis, confusing the state of these patients with a state of a coma or a semi-coma, are very high. In these states, complete immobility is a big problem, but even a bigger problem is inability to communicate with others.<\/p>\n\n\n\n<p>The aim of this project is to prove that it is possible to realize a communication assistance device based on the analyses of brain signals (EEG) of the patients. This type of device would enable the patients with locked-in syndrome to communicate with others.<\/p>\n<\/li>\n<\/ul>\n\n\n\n<h1 class=\"wp-block-heading\">Publications (2015 &#8211; ):<\/h1>\n\n\n\n<p>\u0160verko, Zoran; Vlahini\u0107, Sa\u0161a; Vranki\u0107, Miroslav; Markovinovi\u0107, Ivan<\/p>\n\n\n\n<p>EEG DATA PROCESSING IN ADHD DIAGNOSIS AND NEUROFEEDBACK<i> \/\/ Engineering review (Technical Faculty University of Rijeka)<\/i> (2020) doi:10.30765\/er.40.3.12 (me\u0111unarodna recenzija, prihva\u0107en) <\/p>\n\n\n\n<p><\/p>\n\n\n\n<p>Markovinovi\u0107, Ivan; Vlahini\u0107 Sa\u0161a; Vranki\u0107 Miroslav<\/p>\n\n\n\n<p>Removal of eye-blink artifacts from EEG signal <i>\/\/ Engineering review (Technical Faculty University of Rijeka)<\/i> (2020) doi:10.30765\/er.40.2.11 (me\u0111unarodna recenzija, prihva\u0107en)<\/p>\n\n\n\n<p><\/p>\n\n\n\n<p>VLAHINIC, Sasa; BATISTIC, Luka; JADAV, Guruprasad Madhale; VRANKIC, Miroslav<\/p>\n\n\n\n<p>Brain Computer Interface Based Communicator for Persons in Locked-in State<i> \/\/ Informatica,<\/i> 30 (2019), 4; 781-798 doi:10.15388\/informatica.2019.229 (me\u0111unarodna recenzija, \u010dlanak, ostalo)<\/p>\n\n\n\n<p><\/p>\n\n\n\n<p>\u0160verko, Zoran; Jurdana, Vedran<\/p>\n\n\n\n<p>Different Analysis Procedures In EEG Data Signal Processing<i> \/\/ MY FIRST CONFERENCE 2019 \u2013 BOOK OF ABSTRACTS<\/i> \/ \u010cana\u0111ija, Marko ; Trava\u0161, Vanja ; Vukeli\u0107, Goran ; Pranji\u0107, Ivana (ur.).<br>\nRijeka, 2019. str. 26-26 (predavanje, doma\u0107a recenzija, sa\u017eetak, znanstveni)<\/p>\n\n\n\n<p><\/p>\n\n\n\n<p>Markovinovi\u0107, Ivan<\/p>\n\n\n\n<p>Blind source separation<i> \/\/ 2nd Conference on Machine Learning for Gravitational Waves, Geophysics and Constrol Systems + 3rd g2net MC Meeting<\/i><br> Rijeka, Hrvatska, 2019. (predavanje, pp prezentacija, znanstveni)<\/p>\n\n\n\n<p><\/p>\n\n\n\n<p>\u0160verko, Zoran<\/p>\n\n\n\n<p>EEG data processing in neurofeedback<i> \/\/ Book of Abstracts \u2013 My First Conference 2018<\/i> \/ Jardas, Mladen ; Gluji\u0107, Darko ; Vukeli\u0107, Goran ; \u010cana\u0111ija, Marko ; Trava\u0161, Vanja (ur.).<br>\nRijeka, 2018. str. 30-30 (predavanje, doma\u0107a recenzija, sa\u017eetak, znanstveni)<\/p>\n\n\n\n<p><\/p>\n\n\n\n<p>Jadav, Guruprasad Madhale; Batisti\u0107, Luka; Vlahini\u0107, Sa\u0161a; Vranki\u0107, Miroslav<\/p>\n\n\n\n<p>Brain Computer Interface Communicator : A Response to Auditory Stimuli Experiment<i> \/\/ MIPRO 2017, 40th International Convention Proceedings<\/i> \/ Biljanovi\u0107, Petar (ur.).<br>\nRijeka: Croatian Society for Information and Communication Technology, Electronics and Microelectronics &#8211; MIPRO, 2017. str. 534-537 (predavanje, me\u0111unarodna recenzija, cjeloviti rad (in extenso), znanstveni)<\/p>\n\n\n\n<p><\/p>\n\n\n\n<p>Jadav, Guruprasad Madhale; Vranki\u0107, Miroslav; Vlahini\u0107, Sa\u0161a<\/p>\n\n\n\n<p>Monitoring Cerebral Processing of Gustatory Stimulation and Perception using Emotiv Epoc<i> \/\/ MIPRO 2015, 38th International ConventionProceedings of International Conference on Telecommunications and Information ( CIT )<\/i><br> Rijeka, 2015. str. 736-738 (predavanje, me\u0111unarodna recenzija, cjeloviti rad (in extenso), znanstveni)<\/p>\n\n\n\n<p><\/p>\n","protected":false},"excerpt":{"rendered":"<p>Location: 2-50 , LABORATORY L13 Head Prof. Miroslav Vranki\u0107 miroslav.vrankic@riteh.hr +385 51 651441, int. 2441 (Office 1-10) Researchers: Prof. Miroslav Vranki\u0107 Prof. Sa\u0161a Vlahini\u0107 Postdoc. Ivan Markovinovi\u0107 The focus of the Asistive Technology Laboratory is technology which makes life easier for people with disabilities. People with various forms of physical disability are often highly dependent [&hellip;]<\/p>\n","protected":false},"author":3,"featured_media":0,"parent":22468,"menu_order":0,"comment_status":"closed","ping_status":"closed","template":"","meta":{"_acf_changed":false,"inline_featured_image":false,"footnotes":""},"class_list":["post-22472","page","type-page","status-publish","hentry"],"acf":[],"_links":{"self":[{"href":"https:\/\/riteh.uniri.hr\/en\/wp-json\/wp\/v2\/pages\/22472","targetHints":{"allow":["GET"]}}],"collection":[{"href":"https:\/\/riteh.uniri.hr\/en\/wp-json\/wp\/v2\/pages"}],"about":[{"href":"https:\/\/riteh.uniri.hr\/en\/wp-json\/wp\/v2\/types\/page"}],"author":[{"embeddable":true,"href":"https:\/\/riteh.uniri.hr\/en\/wp-json\/wp\/v2\/users\/3"}],"replies":[{"embeddable":true,"href":"https:\/\/riteh.uniri.hr\/en\/wp-json\/wp\/v2\/comments?post=22472"}],"version-history":[{"count":3,"href":"https:\/\/riteh.uniri.hr\/en\/wp-json\/wp\/v2\/pages\/22472\/revisions"}],"predecessor-version":[{"id":45151,"href":"https:\/\/riteh.uniri.hr\/en\/wp-json\/wp\/v2\/pages\/22472\/revisions\/45151"}],"up":[{"embeddable":true,"href":"https:\/\/riteh.uniri.hr\/en\/wp-json\/wp\/v2\/pages\/22468"}],"wp:attachment":[{"href":"https:\/\/riteh.uniri.hr\/en\/wp-json\/wp\/v2\/media?parent=22472"}],"curies":[{"name":"wp","href":"https:\/\/api.w.org\/{rel}","templated":true}]}}