{"id":22456,"date":"2024-07-08T11:20:10","date_gmt":"2024-07-08T09:20:10","guid":{"rendered":"http:\/\/127.0.0.1:8080\/en\/organisation\/departments\/department-naval-architecture-and-ocean-engineering\/"},"modified":"2025-10-22T14:13:51","modified_gmt":"2025-10-22T12:13:51","slug":"department-naval-architecture-and-ocean-engineering","status":"publish","type":"page","link":"https:\/\/riteh.uniri.hr\/en\/organisation\/departments\/department-naval-architecture-and-ocean-engineering\/","title":{"rendered":"Department of Naval Architecture and Ocean Engineering"},"content":{"rendered":"\n<h2 class=\"wp-block-heading\">Contact information<\/h2>\n\n\n\n<p>Head <a href=\"\/en\/osoba\/marko-hadjina\/\">Prof. Marko Hadjina<\/a><br>Address <strong><a href=\"https:\/\/riteh.uniri.hr\/en\/organisation\/departments\/department-naval-architecture-and-ocean-engineering\/\">Department of Naval Architecture and Ocean Engineering<\/a><\/strong> <br>Faculty of Engineering<br>Vukovarska 58<br>HR-51000 Rijeka<\/p>\n\n\n\n<p>With the founding of the Chair of Naval Architecture in the academic year of 1968-69 at the then Mechanical Engineering Faculty of Rijeka, formal teaching, research and professional activities in the fields of naval architecture also began. The Chair of Naval Architecture had the task to organize, for the first time, teaching from the shipbuilding course \u201cFundamentals of ships and equipment\u201d and \u201cResistance and ship propulsion\u201d with naval mechanics adaptations within the studies of mechanical engineering. Prof. Zlatko Winkler was appointed the head of the Chair. At his incentive studies in naval architecture were established in the academic year of 1969-70, and soon it became apparent that it was necessary to include a larger number of renowned and prominent experts and teaching associates.<\/p>\n\n\n\n<figure class=\"wp-block-image size-large\"><img fetchpriority=\"high\" decoding=\"async\" width=\"1024\" height=\"576\" src=\"https:\/\/riteh.uniri.hr\/wp-content\/uploads\/ZBIMT_IMG_2025-1024x576.jpg\" alt=\"\" class=\"wp-image-44145\" srcset=\"https:\/\/riteh.uniri.hr\/wp-content\/uploads\/ZBIMT_IMG_2025-1024x576.jpg 1024w, https:\/\/riteh.uniri.hr\/wp-content\/uploads\/ZBIMT_IMG_2025-400x225.jpg 400w, https:\/\/riteh.uniri.hr\/wp-content\/uploads\/ZBIMT_IMG_2025-768x432.jpg 768w, https:\/\/riteh.uniri.hr\/wp-content\/uploads\/ZBIMT_IMG_2025-1536x864.jpg 1536w, https:\/\/riteh.uniri.hr\/wp-content\/uploads\/ZBIMT_IMG_2025-2048x1152.jpg 2048w\" sizes=\"(max-width: 1024px) 100vw, 1024px\" \/><\/figure>\n\n\n\n<div class=\"wp-block-group is-layout-constrained wp-block-group-is-layout-constrained\">\n<hr class=\"wp-block-separator has-alpha-channel-opacity\"\/>\n\n\n\n<h2 class=\"wp-block-heading\">Members<\/h2>\n\n\n<ul class=\"members\"><li><a href=\"https:\/\/riteh.uniri.hr\/en\/osoba\/marko-hadjina\/\"><img decoding=\"async\" src=\"https:\/\/riteh.uniri.hr\/wp-content\/uploads\/marko-hadjina-150x150.jpg\" alt=\"Marko Hadjina\">prof. dr. sc. Marko Hadjina <\/a><\/li><li><a href=\"https:\/\/riteh.uniri.hr\/en\/osoba\/jasna-prpic-orsic\/\"><img decoding=\"async\" src=\"https:\/\/riteh.uniri.hr\/wp-content\/uploads\/jasna-prpic-orsic-150x150.jpg\" alt=\"Jasna Prpi\u0107-Or\u0161i\u0107\">prof. dr. sc. Jasna Prpi\u0107-Or\u0161i\u0107 <\/a><\/li><li><a href=\"https:\/\/riteh.uniri.hr\/en\/osoba\/albert-zamarin\/\"><img decoding=\"async\" src=\"https:\/\/riteh.uniri.hr\/wp-content\/uploads\/albert-zamarin-150x150.jpg\" alt=\"Albert Zamarin\">prof. dr. sc. Albert Zamarin <\/a><\/li><li><a href=\"https:\/\/riteh.uniri.hr\/en\/osoba\/tin-matulja\/\"><img decoding=\"async\" src=\"https:\/\/riteh.uniri.hr\/wp-content\/uploads\/tin-matulja-150x150.jpg\" alt=\"Tin Matulja\">prof. dr. sc. Tin Matulja <\/a><\/li><li><a href=\"https:\/\/riteh.uniri.hr\/en\/osoba\/anton-turk\/\"><img decoding=\"async\" src=\"https:\/\/riteh.uniri.hr\/wp-content\/uploads\/anton-turk-150x150.jpg\" alt=\"Anton Turk\">izv. prof. dr. sc. Anton Turk <\/a><\/li><li><a href=\"https:\/\/riteh.uniri.hr\/en\/osoba\/ivica-ancic\/\"><img decoding=\"async\" src=\"https:\/\/riteh.uniri.hr\/wp-content\/uploads\/ivica-ancic-150x150.jpg\" alt=\"Ivica An\u010di\u0107\">izv. prof. dr. sc. Ivica An\u010di\u0107 <\/a><\/li><li><a href=\"https:\/\/riteh.uniri.hr\/en\/osoba\/davor-bolf\/\"><img decoding=\"async\" src=\"https:\/\/riteh.uniri.hr\/wp-content\/uploads\/davor-bolf-150x150.jpg\" alt=\"Davor Bolf\">v. asist. dr. sc. Davor Bolf <\/a><\/li><li><a href=\"https:\/\/riteh.uniri.hr\/en\/osoba\/marijana-marjanovic\/\"><img decoding=\"async\" src=\"https:\/\/riteh.uniri.hr\/wp-content\/uploads\/Marijana-Marjanovic-150x150.jpeg\" alt=\"Marijana Marjanovi\u0107\">asist. dr. sc. Marijana Marjanovi\u0107 <\/a><\/li><li><a href=\"https:\/\/riteh.uniri.hr\/en\/osoba\/mirela-marin\/\"><img decoding=\"async\" src=\"https:\/\/riteh.uniri.hr\/wp-content\/uploads\/mirela-marin-150x150.jpg\" alt=\"Mirela Marin\">asist. Mirela Marin <\/a><\/li><li><a href=\"https:\/\/riteh.uniri.hr\/en\/osoba\/domagoj-vrtovsnik\/\"><img decoding=\"async\" src=\"https:\/\/riteh.uniri.hr\/wp-content\/uploads\/domagoj-vrtovsnik-150x150.jpg\" alt=\"Domagoj Vrtov\u0161nik\">asist. Domagoj Vrtov\u0161nik <\/a><\/li><li><a href=\"https:\/\/riteh.uniri.hr\/en\/osoba\/ivan-sulovsky\/\"><img decoding=\"async\" src=\"https:\/\/riteh.uniri.hr\/wp-content\/uploads\/Ivan-Sulovsky-1-150x150.jpg\" alt=\"Ivan Sulovsky\">asist. dr. sc. Ivan Sulovsky <\/a><\/li><li><a href=\"https:\/\/riteh.uniri.hr\/en\/osoba\/tina-kazic-tadic\/\"><img decoding=\"async\" src=\"https:\/\/riteh.uniri.hr\/wp-content\/uploads\/tina-kazic-150x150.jpg\" alt=\"Tina Ka\u017ei\u0107 Tadi\u0107\"> Tina Ka\u017ei\u0107 Tadi\u0107 mag.oec.<\/a><\/li><li><a href=\"https:\/\/riteh.uniri.hr\/en\/osoba\/sinisa-lucin\/\"><img decoding=\"async\" src=\"https:\/\/riteh.uniri.hr\/wp-content\/uploads\/Sinisa-Lucin-1-150x150.jpg\" alt=\"Sini\u0161a Lu\u010din\"> Sini\u0161a Lu\u010din mag. ing. nav. arch.<\/a><\/li><li><a href=\"https:\/\/riteh.uniri.hr\/en\/osoba\/martina-pavelic\/\"><img decoding=\"async\" src=\"https:\/\/riteh.uniri.hr\/wp-content\/uploads\/slika_Martina-Pavelic-150x150.jpg\" alt=\"Martina Paveli\u0107\"> Martina Paveli\u0107 mag.oec.<\/a><\/li><\/ul>\n<\/div>\n\n\n\n<div class=\"wp-block-group is-layout-constrained wp-block-group-is-layout-constrained\">\n<hr class=\"wp-block-separator has-alpha-channel-opacity\"\/>\n\n\n\n<h2 class=\"wp-block-heading\">Sections and Laboratories<\/h2>\n<\/div>\n","protected":false},"excerpt":{"rendered":"<p>Contact information Head Prof. Marko HadjinaAddress Department of Naval Architecture and Ocean Engineering Faculty of EngineeringVukovarska 58HR-51000 Rijeka With the founding of the Chair of Naval Architecture in the academic year of 1968-69 at the then Mechanical Engineering Faculty of Rijeka, formal teaching, research and professional activities in the fields of naval architecture also began. [&hellip;]<\/p>\n","protected":false},"author":3,"featured_media":0,"parent":22419,"menu_order":0,"comment_status":"closed","ping_status":"closed","template":"","meta":{"_acf_changed":false,"inline_featured_image":false,"footnotes":""},"class_list":["post-22456","page","type-page","status-publish","hentry"],"acf":[],"_links":{"self":[{"href":"https:\/\/riteh.uniri.hr\/en\/wp-json\/wp\/v2\/pages\/22456","targetHints":{"allow":["GET"]}}],"collection":[{"href":"https:\/\/riteh.uniri.hr\/en\/wp-json\/wp\/v2\/pages"}],"about":[{"href":"https:\/\/riteh.uniri.hr\/en\/wp-json\/wp\/v2\/types\/page"}],"author":[{"embeddable":true,"href":"https:\/\/riteh.uniri.hr\/en\/wp-json\/wp\/v2\/users\/3"}],"replies":[{"embeddable":true,"href":"https:\/\/riteh.uniri.hr\/en\/wp-json\/wp\/v2\/comments?post=22456"}],"version-history":[{"count":18,"href":"https:\/\/riteh.uniri.hr\/en\/wp-json\/wp\/v2\/pages\/22456\/revisions"}],"predecessor-version":[{"id":45026,"href":"https:\/\/riteh.uniri.hr\/en\/wp-json\/wp\/v2\/pages\/22456\/revisions\/45026"}],"up":[{"embeddable":true,"href":"https:\/\/riteh.uniri.hr\/en\/wp-json\/wp\/v2\/pages\/22419"}],"wp:attachment":[{"href":"https:\/\/riteh.uniri.hr\/en\/wp-json\/wp\/v2\/media?parent=22456"}],"curies":[{"name":"wp","href":"https:\/\/api.w.org\/{rel}","templated":true}]}}