{"id":22447,"date":"2024-07-08T11:20:42","date_gmt":"2024-07-08T09:20:42","guid":{"rendered":"http:\/\/127.0.0.1:8080\/en\/organisation\/departments\/department-mathematics-physics-and-foreign-languages\/"},"modified":"2026-04-07T13:57:12","modified_gmt":"2026-04-07T11:57:12","slug":"department-mathematics-stem-education-and-foreign-languages","status":"publish","type":"page","link":"https:\/\/riteh.uniri.hr\/en\/organisation\/departments\/department-mathematics-stem-education-and-foreign-languages\/","title":{"rendered":"Department of Mathematics, STEM Education and Foreign Languages"},"content":{"rendered":"\n<h2 class=\"wp-block-heading\">Contact Information<\/h2>\n\n\n\n<p>Head <a href=\"\/en\/osoba\/ivan-drazic\/\">Assoc. Prof. Ivan Dra\u017ei\u0107<\/a><br>Address <a href=\"https:\/\/riteh.uniri.hr\/en\/organisation\/departments\/department-mathematics-stem-education-and-foreign-languages\/\"><strong>Department of Mathematics, STEM Education and Foreign Languages<\/strong><\/a> <br>Faculty of Engineering<br>Vukovarska 58<br>HR-51000 Rijeka<\/p>\n\n\n\n<p>The Department of Mathematics, Physics and Foreign Languages brings together experts working in scientific fields which are the basis of the engineering education. It consists of two sections: the Section of Applied Mathematics and Physics offers courses in mathematics and physics while the Section of Foreign Languages gives students the opportunity to use the foreign language in their profession. It also offers the elective course Physical Education encouraging students to engage in sports activities.<\/p>\n\n\n\n<p>The Section of Applied Mathematics and Physics organises classes in mathematics and physics for all study programmes at the Faculty. Although these are fundamental sciences, classes in mathematics and physics are carried out so that the students get an insight into the usefulness of these subjects for their profession, and therefore the curriculum has been grounded upon this principle. Within the course students gain fundamental knowledge in mathematical analysis, linear algebra, mathematical modelling, numerical mathematics, stochastic mathematics and statistics, as well as fundamental knowledge in all parts of physics. At higher years of study courses are held focusing on specific fields of mathematics and its application in naval architecture, mechanical engineering, electrical engineering and computer engineering. Furthermore, students are given the opportunity to write their final work in applied mathematics and mathematical modelling with emphasis on its application in the profession for which they are being educated.<\/p>\n\n\n\n<p>Within the Section of Foreign Languages, courses in the English and German language are performed, focusing on their usage in the profession. Thus, the curricula follow current language trends in all four study programmes offered at the Faculty. In accordance with their affinities and prior knowledge the students can choose the foreign language that suits them best. Depending on staff availability, students are offered elective courses in the field of kinesiology.<\/p>\n\n\n\n<p>The Department also avails of two laboratories, specifically the Laboratory of Physics and the Phonolaboratory. The purpose of these laboratories is to support the teaching process in physics and foreign language courses, and the existing equipment allows simple research. <\/p>\n\n\n\n<p>The scientific work of the members of the Department is rich. It is carried out through several scientific projects with the focus on applied mathematics and mathematical modelling, numerical mathematics, astrophysics, methodology in teaching mathematics as well as methodology in teaching languages for specific purposes and literature. The professional work of the members of the Department is also worth mentioning, which is being focused on giving support in scientific projects from engineering and other areas.<\/p>\n\n\n\n<figure class=\"wp-block-image size-large\"><img fetchpriority=\"high\" decoding=\"async\" width=\"1024\" height=\"576\" src=\"https:\/\/riteh.uniri.hr\/wp-content\/uploads\/zmfsj_2025-1024x576.jpeg\" alt=\"\" class=\"wp-image-43564\" srcset=\"https:\/\/riteh.uniri.hr\/wp-content\/uploads\/zmfsj_2025-1024x576.jpeg 1024w, https:\/\/riteh.uniri.hr\/wp-content\/uploads\/zmfsj_2025-400x225.jpeg 400w, https:\/\/riteh.uniri.hr\/wp-content\/uploads\/zmfsj_2025-768x432.jpeg 768w, https:\/\/riteh.uniri.hr\/wp-content\/uploads\/zmfsj_2025-1536x864.jpeg 1536w, https:\/\/riteh.uniri.hr\/wp-content\/uploads\/zmfsj_2025.jpeg 1600w\" sizes=\"(max-width: 1024px) 100vw, 1024px\" \/><\/figure>\n\n\n\n<div class=\"wp-block-group is-layout-constrained wp-block-group-is-layout-constrained\">\n<hr class=\"wp-block-separator has-alpha-channel-opacity\"\/>\n\n\n\n<h2 class=\"wp-block-heading\">Members<\/h2>\n\n\n<ul class=\"members\"><li><a href=\"https:\/\/riteh.uniri.hr\/en\/osoba\/ivan-drazic\/\"><img decoding=\"async\" src=\"https:\/\/riteh.uniri.hr\/wp-content\/uploads\/ivan-drazic-150x150.jpg\" alt=\"Ivan Dra\u017ei\u0107\">izv. prof. dr. sc. Ivan Dra\u017ei\u0107 <\/a><\/li><li><a href=\"https:\/\/riteh.uniri.hr\/en\/osoba\/nelida-crnjaric\/\"><img decoding=\"async\" src=\"https:\/\/riteh.uniri.hr\/wp-content\/uploads\/Nelida-Crnjaric-150x150.jpg\" alt=\"Nelida \u010crnjari\u0107\">prof. dr. sc. Nelida \u010crnjari\u0107 <\/a><\/li><li><a href=\"https:\/\/riteh.uniri.hr\/en\/osoba\/senka-macesic\/\"><img decoding=\"async\" src=\"https:\/\/riteh.uniri.hr\/wp-content\/uploads\/Senka-Macesic-1-150x150.jpg\" alt=\"Senka Ma\u0107e\u0161i\u0107\">prof. dr. sc. Senka Ma\u0107e\u0161i\u0107 <\/a><\/li><li><a href=\"https:\/\/riteh.uniri.hr\/en\/osoba\/damir-purkovic\/\"><img decoding=\"async\" src=\"https:\/\/riteh.uniri.hr\/wp-content\/uploads\/damir-purkovic-150x150.jpg\" alt=\"Damir Purkovi\u0107\">izv. prof. dr. sc. Damir Purkovi\u0107 <\/a><\/li><li><a href=\"https:\/\/riteh.uniri.hr\/en\/osoba\/loredana-simcic\/\"><img decoding=\"async\" src=\"https:\/\/riteh.uniri.hr\/wp-content\/uploads\/loredana-simcic-150x150.jpg\" alt=\"Loredana Sim\u010di\u0107\">izv. prof. dr. sc. Loredana Sim\u010di\u0107 <\/a><\/li><li><a href=\"https:\/\/riteh.uniri.hr\/en\/osoba\/angela-basic-sisko\/\"><img decoding=\"async\" src=\"https:\/\/riteh.uniri.hr\/wp-content\/uploads\/angela-basic-sisko-150x150.jpg\" alt=\"Angela Ba\u0161i\u0107-\u0160i\u0161ko\">izv. prof. dr. sc. Angela Ba\u0161i\u0107-\u0160i\u0161ko <\/a><\/li><li><a href=\"https:\/\/riteh.uniri.hr\/en\/osoba\/melita-stefan-trubic\/\"><img decoding=\"async\" src=\"https:\/\/riteh.uniri.hr\/wp-content\/uploads\/melita-stefan-trubic-150x150.jpg\" alt=\"Melita \u0160tefan Trubi\u0107\">mr. sc. Melita \u0160tefan Trubi\u0107 v. pred.<\/a><\/li><li><a href=\"https:\/\/riteh.uniri.hr\/en\/osoba\/elisa-velcic-janjetic\/\"><img decoding=\"async\" src=\"https:\/\/riteh.uniri.hr\/wp-content\/uploads\/elisa-velcic-janjetic-150x150.jpg\" alt=\"Elisa Vel\u010di\u0107 Janjeti\u0107\">mr. sc. Elisa Vel\u010di\u0107 Janjeti\u0107 v. pred.<\/a><\/li><li><a href=\"https:\/\/riteh.uniri.hr\/en\/osoba\/vanja-cotic-poturic\/\"><img decoding=\"async\" src=\"https:\/\/riteh.uniri.hr\/wp-content\/uploads\/vanja-cotic-150x150.jpg\" alt=\"Vanja \u010coti\u0107 Poturi\u0107\"> Vanja \u010coti\u0107 Poturi\u0107 v. pred.<\/a><\/li><li><a href=\"https:\/\/riteh.uniri.hr\/en\/osoba\/igor-lulic\/\"><img decoding=\"async\" src=\"https:\/\/riteh.uniri.hr\/wp-content\/uploads\/igor-lulic-150x150.jpg\" alt=\"Igor Luli\u0107\"> Igor Luli\u0107 v. pred.<\/a><\/li><li><a href=\"https:\/\/riteh.uniri.hr\/en\/osoba\/ivan-lovro-kovacic\/\"><img decoding=\"async\" src=\"https:\/\/riteh.uniri.hr\/wp-content\/uploads\/ivan-lovro-kovacic-150x150.jpg\" alt=\"Ivan Lovro Kova\u010di\u0107\">asist. Ivan Lovro Kova\u010di\u0107 <\/a><\/li><li><a href=\"https:\/\/riteh.uniri.hr\/en\/osoba\/valentino-markovic\/\"><img decoding=\"async\" src=\"https:\/\/riteh.uniri.hr\/wp-content\/uploads\/Valentino-Markovic-1-150x150.jpg\" alt=\"Valentino Markovi\u0107\">asist. Valentino Markovi\u0107 <\/a><\/li><li><a href=\"https:\/\/riteh.uniri.hr\/en\/osoba\/valnea-buric-marohnic\/\"><img decoding=\"async\" src=\"https:\/\/riteh.uniri.hr\/wp-content\/uploads\/valnea-buric-marohnic-150x150.jpg\" alt=\"Valnea Buri\u0107 Marohni\u0107\"> Valnea Buri\u0107 Marohni\u0107 mag.cult.<\/a><\/li><li><a href=\"https:\/\/riteh.uniri.hr\/en\/osoba\/julijan-dobrinic\/\"><img decoding=\"async\" src=\"https:\/\/riteh.uniri.hr\/wp-content\/uploads\/julijan-dobrinic-150x150.jpg\" alt=\"Julijan Dobrini\u0107\">prof. dr. sc. Julijan Dobrini\u0107 professor emeritus<\/a><\/li><\/ul>\n<\/div>\n\n\n\n<div class=\"wp-block-group is-layout-constrained wp-block-group-is-layout-constrained\">\n<hr class=\"wp-block-separator has-alpha-channel-opacity\"\/>\n\n\n\n<h2 class=\"wp-block-heading\">Sections and Laboratories<\/h2>\n<\/div>\n","protected":false},"excerpt":{"rendered":"<p>Contact Information Head Assoc. Prof. Ivan Dra\u017ei\u0107Address Department of Mathematics, STEM Education and Foreign Languages Faculty of EngineeringVukovarska 58HR-51000 Rijeka The Department of Mathematics, Physics and Foreign Languages brings together experts working in scientific fields which are the basis of the engineering education. It consists of two sections: the Section of Applied Mathematics and Physics [&hellip;]<\/p>\n","protected":false},"author":3,"featured_media":0,"parent":22419,"menu_order":0,"comment_status":"closed","ping_status":"closed","template":"","meta":{"_acf_changed":false,"inline_featured_image":false,"footnotes":""},"class_list":["post-22447","page","type-page","status-publish","hentry"],"acf":[],"_links":{"self":[{"href":"https:\/\/riteh.uniri.hr\/en\/wp-json\/wp\/v2\/pages\/22447","targetHints":{"allow":["GET"]}}],"collection":[{"href":"https:\/\/riteh.uniri.hr\/en\/wp-json\/wp\/v2\/pages"}],"about":[{"href":"https:\/\/riteh.uniri.hr\/en\/wp-json\/wp\/v2\/types\/page"}],"author":[{"embeddable":true,"href":"https:\/\/riteh.uniri.hr\/en\/wp-json\/wp\/v2\/users\/3"}],"replies":[{"embeddable":true,"href":"https:\/\/riteh.uniri.hr\/en\/wp-json\/wp\/v2\/comments?post=22447"}],"version-history":[{"count":15,"href":"https:\/\/riteh.uniri.hr\/en\/wp-json\/wp\/v2\/pages\/22447\/revisions"}],"predecessor-version":[{"id":49731,"href":"https:\/\/riteh.uniri.hr\/en\/wp-json\/wp\/v2\/pages\/22447\/revisions\/49731"}],"up":[{"embeddable":true,"href":"https:\/\/riteh.uniri.hr\/en\/wp-json\/wp\/v2\/pages\/22419"}],"wp:attachment":[{"href":"https:\/\/riteh.uniri.hr\/en\/wp-json\/wp\/v2\/media?parent=22447"}],"curies":[{"name":"wp","href":"https:\/\/api.w.org\/{rel}","templated":true}]}}