{"id":22442,"date":"2024-07-08T11:20:39","date_gmt":"2024-07-08T09:20:39","guid":{"rendered":"http:\/\/127.0.0.1:8080\/en\/organisation\/departments\/department-industrial-engineering-and-management\/laboratory-of-technical-measurements\/"},"modified":"2025-10-29T09:47:51","modified_gmt":"2025-10-29T08:47:51","slug":"laboratory-of-technical-measurements","status":"publish","type":"page","link":"https:\/\/riteh.uniri.hr\/en\/organisation\/departments\/department-industrial-engineering-and-management\/laboratory-of-technical-measurements\/","title":{"rendered":"Laboratory of Technical Measurements"},"content":{"rendered":"\n<p>Head <a href=\"\/en\/osoba\/maja-markovic\" data-type=\"page\" data-id=\"22435\">Postdoc. Maja Vlatkovi\u0107<\/a><\/p>\n\n\n\n<figure class=\"wp-block-image size-large\"><img decoding=\"async\" src=\"\/media\/filer_public_thumbnails\/filer_public\/4f\/c4\/4fc435cf-686d-49be-ad5a-100f924019f9\/maja_markovic_slika.jpg__100x150_q92_crop_subsampling-2_upscale.jpg\" alt=\"person.image.file.alt\"\/><\/figure>\n\n\n\n<p>Email address <a href=\"mailto:maja.markovic@riteh.uniri.hr\">maja.markovic@riteh.uniri.hr<\/a> <br>Telephone +385 51 651472, int. 2472 (Office) <br>Location 3-26<\/p>\n\n\n\n<figure class=\"wp-block-image size-large\"><img decoding=\"async\" src=\"\/media\/filer_public_thumbnails\/filer_public\/f8\/92\/f892ff56-b048-4181-ab7d-603421db5371\/2_1.jpg__1170x780_q92_crop_subsampling-2_upscale.jpg\" alt=\"2 (1).jpg\"\/><\/figure>\n\n\n\n<h2 class=\"wp-block-heading\">Researchers:<\/h2>\n\n\n\n<p><a href=\"\/en\/osoba\/dusko-pavletic\">Prof. Du\u0161ko Pavleti\u0107<\/a><\/p>\n\n\n\n<p><a href=\"\/en\/osoba\/maja-markovic\">Postdoc. Maja Vlatkovi\u0107<\/a><\/p>\n\n\n\n<h2 class=\"wp-block-heading\">Laboratory purpose\/research:<\/h2>\n\n\n\n<p>Education of students and measurement exercises for scientific research activities.<\/p>\n\n\n\n<p>Demonstrations of measuring equipment and technical measurement methods. Lab is also providing possibilities for students to execute exercises required for various seminars, final paper and master&#8217;s thesis related to measurement and measurement methods.<\/p>\n\n\n\n<p>Possibilities of experimental researches based on available equipment and development of expert and science research papers, including doctoral thesis.<\/p>\n\n\n\n<p>Visit to factories equipped with measurement laboratories are also part of field education.<\/p>\n\n\n\n<h2 class=\"wp-block-heading\">Laboratory equipment:<\/h2>\n\n\n\n<ul class=\"wp-block-list\">\n<li>\n<p><a href=\"https:\/\/www.aniwaa.com\/product\/3d-scanners\/david-structured-light-scanner-sls-3\/\">3D scanner, David SLS3<\/a><\/p>\n<\/li>\n\n\n\n<li>\n<p><a href=\"https:\/\/www.baslerweb.com\/en\/products\/cameras\/area-scan-cameras\/ace\/aca2500-60uc\/?creative=389286177519&amp;keyword=%2Baca2500-60uc&amp;matchtype=b&amp;network=g&amp;device=c&amp;gclid=CjwKCAjw88v3BRBFEiwApwLevdKhv3UzDXjZanmoGBzL3vvUVPEMMoP5RkbpkNG211PD0IU7lfES9xoCXqMQAvD_BwE\">Basler &#8211; industrial camera (plus objective)<\/a><\/p>\n<\/li>\n\n\n\n<li>\n<p><a href=\"http:\/\/resources.renishaw.com\/en\/Cyclone+brochure(4353)\">Cyclone &#8211; the complete scanning system for reverse manufacturing &#8211; coordinate measuring machine<\/a><\/p>\n<\/li>\n\n\n\n<li>\n<p><a href=\"https:\/\/www.burster.com\/fileadmin\/user_upload\/redaktion\/Documents\/Products\/Data-Sheets\/Section_8\/8628_EN.pdf\">Torque sensor<\/a><\/p>\n<\/li>\n\n\n\n<li>\n<p><a href=\"https:\/\/www.peaktech.de\/productdetail\/kategorie\/id-5-in-1-umwelt-video-messgeraet\/produkt\/peaktech-4955.html\">IR Video Thermometer<\/a><\/p>\n<\/li>\n\n\n\n<li>\n<p>FARO arm<\/p>\n<\/li>\n\n\n\n<li>\n<p>Reconfigurable measuring system<\/p>\n<\/li>\n\n\n\n<li>\n<p>various measuring equipment: micrometers, calipers, torque wrenches, mass set, digital scale, measurement stands, frame and spirit levels, gauge block set, protractors<\/p>\n<\/li>\n<\/ul>\n\n\n\n<p><\/p>\n\n\n\n<figure class=\"wp-block-image size-large\"><img decoding=\"async\" src=\"\/media\/filer_public_thumbnails\/filer_public\/83\/de\/83de51a6-b4b2-472f-b7ea-74baba92cac3\/rms.png__200x300_q92_crop_subsampling-2_upscale.png\" alt=\"rms.png\"\/><\/figure>\n\n\n\n<figure class=\"wp-block-image size-large\"><img decoding=\"async\" src=\"\/media\/filer_public_thumbnails\/filer_public\/54\/06\/5406b284-fe71-4a66-acfb-729ba6664ad3\/faro_ruka.jpeg__200x300_q92_crop_subsampling-2_upscale.jpg\" alt=\"FAro ruka.jpeg\"\/><\/figure>\n\n\n\n<p><\/p>\n\n\n\n<figure class=\"wp-block-image size-large\"><img decoding=\"async\" src=\"\/media\/filer_public_thumbnails\/filer_public\/f4\/ce\/f4ce463d-fa78-4076-abb9-04facf406947\/6_1.jpg__1170x780_q92_crop_subject_location-750%2C500_subsampling-2_upscale.jpg\" alt=\"David\"\/><\/figure>\n\n\n\n<figure class=\"wp-block-image size-large\"><img decoding=\"async\" src=\"\/media\/filer_public_thumbnails\/filer_public\/63\/1f\/631fe049-465c-4611-8657-e40cb19847f4\/5_1.jpg__1170x780_q92_crop_subsampling-2_upscale.jpg\" alt=\"5 (1).jpg\"\/><\/figure>\n\n\n\n<figure class=\"wp-block-image size-large\"><img decoding=\"async\" src=\"\/media\/filer_public_thumbnails\/filer_public\/05\/3e\/053ecfcb-ec1a-4b40-95f4-75da30150483\/4_1.jpg__1170x780_q92_crop_subsampling-2_upscale.jpg\" alt=\"4 (1).jpg\"\/><\/figure>\n\n\n\n<p><\/p>\n\n\n\n<h2 class=\"wp-block-heading\">Software list:<\/h2>\n\n\n\n<p><a href=\"https:\/\/www.minitab.com\/en-us\/\">Minitab<\/a><\/p>\n\n\n\n<p><a href=\"https:\/\/www.ni.com\/en-rs\/shop\/labview.html\">Labview<\/a><\/p>\n\n\n\n<p><\/p>\n\n\n\n<h2 class=\"wp-block-heading\">Teaching:<\/h2>\n\n\n\n<p>Industrial Metrology<\/p>\n\n\n\n<p>Measuring Technology VO<\/p>\n\n\n\n<p>Measurements and Quality Control<\/p>\n","protected":false},"excerpt":{"rendered":"<p>Head Postdoc. Maja Vlatkovi\u0107 Email address maja.markovic@riteh.uniri.hr Telephone +385 51 651472, int. 2472 (Office) Location 3-26 Researchers: Prof. Du\u0161ko Pavleti\u0107 Postdoc. Maja Vlatkovi\u0107 Laboratory purpose\/research: Education of students and measurement exercises for scientific research activities. Demonstrations of measuring equipment and technical measurement methods. Lab is also providing possibilities for students to execute exercises required for [&hellip;]<\/p>\n","protected":false},"author":3,"featured_media":0,"parent":22435,"menu_order":0,"comment_status":"closed","ping_status":"closed","template":"","meta":{"_acf_changed":false,"inline_featured_image":false,"footnotes":""},"class_list":["post-22442","page","type-page","status-publish","hentry"],"acf":[],"_links":{"self":[{"href":"https:\/\/riteh.uniri.hr\/en\/wp-json\/wp\/v2\/pages\/22442","targetHints":{"allow":["GET"]}}],"collection":[{"href":"https:\/\/riteh.uniri.hr\/en\/wp-json\/wp\/v2\/pages"}],"about":[{"href":"https:\/\/riteh.uniri.hr\/en\/wp-json\/wp\/v2\/types\/page"}],"author":[{"embeddable":true,"href":"https:\/\/riteh.uniri.hr\/en\/wp-json\/wp\/v2\/users\/3"}],"replies":[{"embeddable":true,"href":"https:\/\/riteh.uniri.hr\/en\/wp-json\/wp\/v2\/comments?post=22442"}],"version-history":[{"count":6,"href":"https:\/\/riteh.uniri.hr\/en\/wp-json\/wp\/v2\/pages\/22442\/revisions"}],"predecessor-version":[{"id":45215,"href":"https:\/\/riteh.uniri.hr\/en\/wp-json\/wp\/v2\/pages\/22442\/revisions\/45215"}],"up":[{"embeddable":true,"href":"https:\/\/riteh.uniri.hr\/en\/wp-json\/wp\/v2\/pages\/22435"}],"wp:attachment":[{"href":"https:\/\/riteh.uniri.hr\/en\/wp-json\/wp\/v2\/media?parent=22442"}],"curies":[{"name":"wp","href":"https:\/\/api.w.org\/{rel}","templated":true}]}}