{"id":22439,"date":"2024-07-08T11:20:39","date_gmt":"2024-07-08T09:20:39","guid":{"rendered":"http:\/\/127.0.0.1:8080\/en\/organisation\/departments\/department-industrial-engineering-and-management\/laboratory-for-machining-processes\/"},"modified":"2026-02-02T14:30:36","modified_gmt":"2026-02-02T13:30:36","slug":"laboratory-for-machining-processes","status":"publish","type":"page","link":"https:\/\/riteh.uniri.hr\/en\/organisation\/departments\/department-industrial-engineering-and-management\/laboratory-for-machining-processes\/","title":{"rendered":"Laboratory for Machining Processes"},"content":{"rendered":"\n<p>Head <a href=\"\/en\/osoba\/goran-cukor\">Prof. Goran Cukor<\/a><\/p>\n\n\n\n<figure class=\"wp-block-image size-large\"><img decoding=\"async\" src=\"\/media\/filer_public_thumbnails\/filer_public\/71\/5f\/715f80ab-e75e-4c2e-8553-06af8d43aac7\/026-goran_cukor.jpg__100x150_q92_crop_subsampling-2_upscale.jpg\" alt=\"person.image.file.alt\"\/><\/figure>\n\n\n\n<p>Email address <a href=\"mailto:goran.cukor@riteh.uniri.hr\">goran.cukor@riteh.uniri.hr<\/a> <br>Telephone +385 51 651476, int. 2476 (Office) <br>Location 3-23<\/p>\n\n\n\n<figure class=\"wp-block-image size-large\"><img decoding=\"async\" src=\"\/media\/filer_public_thumbnails\/filer_public\/c8\/e4\/c8e43ca2-6576-4029-8ee0-09b622bf93f0\/set-up-of-mql-unit-rhvt-and-mql-rhvt-with-3d-printed-original-nozzle_w640.jpg__1170x1155_q92_crop_subsampling-2_upscale.jpg\" alt=\"Set-up-of-MQL-unit-RHVT-and-MQL-RHVT-with-3D-printed-original-nozzle_W640.jpg\"\/><\/figure>\n\n\n\n<h2 class=\"wp-block-heading\">Researchers:<\/h2>\n\n\n\n<p><a href=\"\/en\/osoba\/zoran-jurkovic\">Prof. Zoran Jurkovi\u0107<\/a><\/p>\n\n\n\n<p><a href=\"\/en\/osoba\/graciela-sterpin-valic\/\">Assoc. Prof. Graciela \u0160terpin Vali\u0107<\/a><\/p>\n\n\n\n<h2 class=\"wp-block-heading\">Laboratory purpose\/research:<\/h2>\n\n\n\n<p>Using the laboratory for teaching purposes by demonstrating machining processes on machine tools and performing practical exercises with the possibility of preparing seminars, final and graduate work and conducting scientific research work on doctoral thesis.<\/p>\n\n\n\n<p>The laboratory provides the possibility of experimental research of new technological processes and cutting tools introduction and machinability of metals while optimizing the machining process and increasing the productivity of machining processes.<\/p>\n\n\n\n<p>An integrated MQL system for lubrication and vortex tube has been installed next to the CNC machine for the purpose of scientific research work on doctoral thesis on sustainable turning machining with the aim of protecting human health and the environment.<\/p>\n\n\n\n<h2 class=\"wp-block-heading\">Laboratory equipment:<\/h2>\n\n\n\n<ul class=\"wp-block-list\">\n<li>\n<p>CNC machine TU 360 Prvomajska with Philips control unit<\/p>\n<\/li>\n\n\n\n<li>\n<p>Vortex tube EXAIR, model 3825<\/p>\n<\/li>\n\n\n\n<li>\n<p>External minimal quantity lubrication SKF VectoLub, VE1B units<\/p>\n<\/li>\n\n\n\n<li>\n<p>Dino-Lite Pro USB digital microscope, Dino-Lite Digital Microscope<\/p>\n<\/li>\n\n\n\n<li>\n<p>5 000N Quartz Impulse Hammer type 9724A5000, KISTLER<\/p>\n<\/li>\n<\/ul>\n\n\n\n<p><\/p>\n\n\n\n<p><\/p>\n\n\n\n<figure class=\"wp-block-image size-large\"><img decoding=\"async\" src=\"\/media\/filer_public_thumbnails\/filer_public\/4d\/0b\/4d0bb2eb-674a-4f49-9bd6-f59823ad3d42\/tokarilica.png__1170x1088_q92_crop_subsampling-2_upscale.png\" alt=\"tokarilica.png\"\/><\/figure>\n\n\n\n<p><\/p>\n\n\n\n<figure class=\"wp-block-image size-large\"><img decoding=\"async\" src=\"\/media\/filer_public_thumbnails\/filer_public\/36\/6a\/366ac16a-048c-470f-b8a4-d59725039eb7\/mql.png__1170x1347_q92_crop_subsampling-2_upscale.png\" alt=\"mql.png\"\/><\/figure>\n\n\n\n<figure class=\"wp-block-image size-large\"><img decoding=\"async\" src=\"\/media\/filer_public_thumbnails\/filer_public\/29\/82\/29827549-314c-4fd6-8c84-352a6626c2e5\/mql_vorteks.png__1170x1172_q92_crop_subsampling-2_upscale.png\" alt=\"mql vorteks.png\"\/><\/figure>\n\n\n\n<p><\/p>\n\n\n\n<figure class=\"wp-block-image size-large\"><img decoding=\"async\" src=\"\/media\/filer_public_thumbnails\/filer_public\/8f\/2e\/8f2e4c4a-8979-418c-813a-42ce16bef1b4\/dino_lite.png__302x446_q92_crop_subsampling-2_upscale.png\" alt=\"dino lite.png\"\/><\/figure>\n\n\n\n<p><\/p>\n\n\n\n<h2 class=\"wp-block-heading\">Software:<\/h2>\n\n\n\n<p>DinoCapture softwer<\/p>\n\n\n\n<h2 class=\"wp-block-heading\">Teaching:<\/h2>\n\n\n\n<p>Production Machines, Tools, Jigs and Fixtures<\/p>\n\n\n\n<p>CNC\/NC Machine Tools<\/p>\n\n\n\n<p>Machining Processes<\/p>\n","protected":false},"excerpt":{"rendered":"<p>Head Prof. Goran Cukor Email address goran.cukor@riteh.uniri.hr Telephone +385 51 651476, int. 2476 (Office) Location 3-23 Researchers: Prof. Zoran Jurkovi\u0107 Assoc. Prof. Graciela \u0160terpin Vali\u0107 Laboratory purpose\/research: Using the laboratory for teaching purposes by demonstrating machining processes on machine tools and performing practical exercises with the possibility of preparing seminars, final and graduate work and [&hellip;]<\/p>\n","protected":false},"author":3,"featured_media":0,"parent":22435,"menu_order":0,"comment_status":"closed","ping_status":"closed","template":"","meta":{"_acf_changed":false,"inline_featured_image":false,"footnotes":""},"class_list":["post-22439","page","type-page","status-publish","hentry"],"acf":[],"_links":{"self":[{"href":"https:\/\/riteh.uniri.hr\/en\/wp-json\/wp\/v2\/pages\/22439","targetHints":{"allow":["GET"]}}],"collection":[{"href":"https:\/\/riteh.uniri.hr\/en\/wp-json\/wp\/v2\/pages"}],"about":[{"href":"https:\/\/riteh.uniri.hr\/en\/wp-json\/wp\/v2\/types\/page"}],"author":[{"embeddable":true,"href":"https:\/\/riteh.uniri.hr\/en\/wp-json\/wp\/v2\/users\/3"}],"replies":[{"embeddable":true,"href":"https:\/\/riteh.uniri.hr\/en\/wp-json\/wp\/v2\/comments?post=22439"}],"version-history":[{"count":5,"href":"https:\/\/riteh.uniri.hr\/en\/wp-json\/wp\/v2\/pages\/22439\/revisions"}],"predecessor-version":[{"id":48032,"href":"https:\/\/riteh.uniri.hr\/en\/wp-json\/wp\/v2\/pages\/22439\/revisions\/48032"}],"up":[{"embeddable":true,"href":"https:\/\/riteh.uniri.hr\/en\/wp-json\/wp\/v2\/pages\/22435"}],"wp:attachment":[{"href":"https:\/\/riteh.uniri.hr\/en\/wp-json\/wp\/v2\/media?parent=22439"}],"curies":[{"name":"wp","href":"https:\/\/api.w.org\/{rel}","templated":true}]}}