{"id":22437,"date":"2024-07-08T11:20:33","date_gmt":"2024-07-08T09:20:33","guid":{"rendered":"http:\/\/127.0.0.1:8080\/en\/organisation\/departments\/department-industrial-engineering-and-management\/computer-integrated-manufactory-laboratory\/"},"modified":"2026-01-14T14:48:17","modified_gmt":"2026-01-14T13:48:17","slug":"cim-laboratory","status":"publish","type":"page","link":"https:\/\/riteh.uniri.hr\/en\/organisation\/departments\/department-industrial-engineering-and-management\/cim-laboratory\/","title":{"rendered":"CIM laboratory"},"content":{"rendered":"\n<p><\/p>\n\n\n\n<figure class=\"wp-block-image size-large\"><img decoding=\"async\" src=\"\/media\/filer_public_thumbnails\/filer_public\/3b\/c4\/3bc43d6e-76d5-40c7-bc2a-735ce599140a\/1.jpg__1170x574_q92_crop_subsampling-2_upscale.jpg\" alt=\"1.jpg\"\/><\/figure>\n\n\n\n<p>Head: <a href=\"\/en\/osoba\/sandro-dobovicek\/\">Assoc. Prof. Sandro Dobovi\u010dek<\/a><\/p>\n\n\n\n<h2 class=\"wp-block-heading\">Researchers:<\/h2>\n\n\n\n<p><a href=\"\/en\/osoba\/samir-zic\/\">Assoc. Prof. Samir \u017dic<\/a><\/p>\n\n\n\n<p><a href=\"\/en\/osoba\/elvis-krulcic\/\">Assistant Elvis Krul\u010di\u0107<\/a><\/p>\n\n\n\n<h2 class=\"wp-block-heading\">Laboratory purpose\/research:<\/h2>\n\n\n\n<ul class=\"wp-block-list\">\n<li>optimizing the management of raw materials in the production process, optimizing the layout of production and transport equipment in order to shorten the production process or assembly process, then improving and ergonomic design of an individual workplace &#8230;<\/li>\n\n\n\n<li>simulation of production process on computer programs &#8230;<\/li>\n<\/ul>\n\n\n\n<h2 class=\"wp-block-heading\">Laboratory equipment:<\/h2>\n\n\n\n<ul class=\"wp-block-list\">\n<li>Manual production system with modular character and 4 workstations, associated transport system and warehouse<\/li>\n\n\n\n<li>CONCEPT TURN 55 lathe &#8211; PC steerable lathe for basic CNC training with control system, clamping accessories and tools<\/li>\n\n\n\n<li>Robotic arm SC ROBOTER 5-plus with accessories<\/li>\n<\/ul>\n\n\n\n<p><\/p>\n\n\n\n<figure class=\"wp-block-image size-large\"><img decoding=\"async\" src=\"\/media\/filer_public_thumbnails\/filer_public\/87\/9c\/879c1654-2bdf-4c2c-82de-2f88fcd9f0c8\/2.jpg__600x350_q92_crop_subsampling-2_upscale.jpg\" alt=\"2.jpg\"\/><\/figure>\n\n\n\n<p><\/p>\n\n\n\n<figure class=\"wp-block-image size-large\"><img decoding=\"async\" src=\"\/media\/filer_public_thumbnails\/filer_public\/d1\/9e\/d19eac48-87a8-414e-aaa4-00055dc37013\/3.jpg__350x450_q92_crop_subsampling-2_upscale.jpg\" alt=\"3.jpg\"\/><\/figure>\n\n\n\n<p><\/p>\n\n\n\n<figure class=\"wp-block-image size-large\"><img decoding=\"async\" src=\"\/media\/filer_public_thumbnails\/filer_public\/06\/ff\/06ff7a90-9be9-4e33-8aca-cfacec10057a\/cim_laboratorij.jpg__1170x552_q92_crop_subsampling-2_upscale.jpg\" alt=\"CIM laboratorij.jpg\"\/><\/figure>\n\n\n\n<h2 class=\"wp-block-heading\">Software:<\/h2>\n\n\n\n<p>Engineering Software MTpro<\/p>\n\n\n\n<p>EMCO WIN NC SINUMERIK 810 \/ 840D<\/p>\n\n\n\n<h2 class=\"wp-block-heading\">Teaching:<\/h2>\n\n\n\n<ul class=\"wp-block-list\">\n<li>Production management &#8211; students are being explained the principles of determining working hours, studying and implementing improvements in the way of working in the MPS. In the exercises, students are solving the task of analysis and suggestions for improvement, arrangement and ergonomics of the workplace.<\/li>\n\n\n\n<li>Computer-integrated production &#8211; students are being explained the principles of Lean Production and the Kanban raw material management system. In the exercises, students have the task of determining the optimal way of organizing the assembly process.<\/li>\n\n\n\n<li>Production systems design &#8211; students are being explained the course of the technological process, material flow, downtime and waiting in the production cycle, the ratio of the share of processing, transport and downtime and waiting within the production process. In the exercises, students have the task of determining the optimal way of organizing the production process.<\/li>\n<\/ul>\n","protected":false},"excerpt":{"rendered":"<p>Head: Assoc. Prof. Sandro Dobovi\u010dek Researchers: Assoc. Prof. Samir \u017dic Assistant Elvis Krul\u010di\u0107 Laboratory purpose\/research: Laboratory equipment: Software: Engineering Software MTpro EMCO WIN NC SINUMERIK 810 \/ 840D Teaching:<\/p>\n","protected":false},"author":3,"featured_media":0,"parent":22435,"menu_order":0,"comment_status":"closed","ping_status":"closed","template":"","meta":{"_acf_changed":false,"inline_featured_image":false,"footnotes":""},"class_list":["post-22437","page","type-page","status-publish","hentry"],"acf":[],"_links":{"self":[{"href":"https:\/\/riteh.uniri.hr\/en\/wp-json\/wp\/v2\/pages\/22437","targetHints":{"allow":["GET"]}}],"collection":[{"href":"https:\/\/riteh.uniri.hr\/en\/wp-json\/wp\/v2\/pages"}],"about":[{"href":"https:\/\/riteh.uniri.hr\/en\/wp-json\/wp\/v2\/types\/page"}],"author":[{"embeddable":true,"href":"https:\/\/riteh.uniri.hr\/en\/wp-json\/wp\/v2\/users\/3"}],"replies":[{"embeddable":true,"href":"https:\/\/riteh.uniri.hr\/en\/wp-json\/wp\/v2\/comments?post=22437"}],"version-history":[{"count":5,"href":"https:\/\/riteh.uniri.hr\/en\/wp-json\/wp\/v2\/pages\/22437\/revisions"}],"predecessor-version":[{"id":47557,"href":"https:\/\/riteh.uniri.hr\/en\/wp-json\/wp\/v2\/pages\/22437\/revisions\/47557"}],"up":[{"embeddable":true,"href":"https:\/\/riteh.uniri.hr\/en\/wp-json\/wp\/v2\/pages\/22435"}],"wp:attachment":[{"href":"https:\/\/riteh.uniri.hr\/en\/wp-json\/wp\/v2\/media?parent=22437"}],"curies":[{"name":"wp","href":"https:\/\/api.w.org\/{rel}","templated":true}]}}