{"id":22435,"date":"2024-07-08T11:20:33","date_gmt":"2024-07-08T09:20:33","guid":{"rendered":"http:\/\/127.0.0.1:8080\/en\/organisation\/departments\/department-industrial-engineering-and-management\/"},"modified":"2025-10-22T13:55:35","modified_gmt":"2025-10-22T11:55:35","slug":"department-industrial-engineering-and-management","status":"publish","type":"page","link":"https:\/\/riteh.uniri.hr\/en\/organisation\/departments\/department-industrial-engineering-and-management\/","title":{"rendered":"Department of Industrial Engineering and Management"},"content":{"rendered":"\n<h2 class=\"wp-block-heading\">Contact Information<\/h2>\n\n\n\n<p>Head: <a href=\"\/en\/osoba\/mladen-perinic\/\">Prof. Mladen Perini\u0107<\/a><br>Address <strong><a href=\"https:\/\/riteh.uniri.hr\/en\/organisation\/departments\/department-industrial-engineering-and-management\/\">Department of Industrial Engineering and Management<\/a><\/strong> <br>Faculty of Engineering<br>Vukovarska 58<br>HR-51000 Rijeka<\/p>\n\n\n\n<p>The founding of the Faculty of Mechanical Engineering of Rijeka in 1960 initiated, in a certain way, the activity of the Department of Industrial Engineering and Management (ex-Department of Production Mechanical Engineering and the previously named Department of Technology and Organisation).<br> <br>\nThe scientific and professional activity of the Department refers to the fields of research, development and design of engineering \u2013 technological solutions for the needs of the production and manufacturing industry. The Department develops and promotes all kinds of production technologies, implements new production and informational CAD\/CAPP\/CAM technologies, surface engineering technologies, designs processed and complex production systems, designs technological and production processes, designs computer aided production, constructs special manufacturing systems, tools and devices, introduces industrial robotics and artificially intelligent systems and implements the quality system in production. <br> <br>\nThe members of the Department are active in the following fields: research of metal workability in cutting processes and formability limits in metal forming processes; development of analytical and stochastic methods of modelling material processes; software development for the optimization of tool life and manufacturing processes; optimization of material processing; productivity increase of metal cutting processes; research on flexible manufacturing structure properties, researches in trybology processes, metal forming processes, metal cutting and casting, implementation of artificial intelligence and robotics. The Department makes contacts and it collaborates with a great number of producers, faculties and institutes in our country and in the world. <br> <br>\nIn accordance with the Bologna Declaration the courses of study within the Department are split into two groups: Industrial Engineering and Management and Technological Computer Engineering.<br>\nKeeping up-to-date with advancements and needs in the industry, the Department permanently streamlines the scientific-teaching process, which is to be seen in the proliferation of the chairs: Chair of Measurement Techniques and Quality Systems, Chair of Organisation and Operational Management, Chair head Prof. D. Sc. Ton\u010di Mikac, Chair of Production Equipment and Robotics, , Chair of Production Technologies and Chair of Process Planning,, with corresponding laboratories: Laboratory of Technical Measurements, CIM Laboratory, Laboratory of Artificially Intelligent Machines and Processing Systems, Laboratory of Metal Cutting Processes and Laboratory of Plastic Forming and Processing Machines. <\/p>\n\n\n\n<figure class=\"wp-block-image size-large\"><img fetchpriority=\"high\" decoding=\"async\" width=\"1024\" height=\"576\" src=\"https:\/\/riteh.uniri.hr\/wp-content\/uploads\/ZIIM_IMG_20251008_120350_less_saturation-1024x576.png\" alt=\"\" class=\"wp-image-44304\" srcset=\"https:\/\/riteh.uniri.hr\/wp-content\/uploads\/ZIIM_IMG_20251008_120350_less_saturation-1024x576.png 1024w, https:\/\/riteh.uniri.hr\/wp-content\/uploads\/ZIIM_IMG_20251008_120350_less_saturation-400x225.png 400w, https:\/\/riteh.uniri.hr\/wp-content\/uploads\/ZIIM_IMG_20251008_120350_less_saturation-768x432.png 768w, https:\/\/riteh.uniri.hr\/wp-content\/uploads\/ZIIM_IMG_20251008_120350_less_saturation-1536x864.png 1536w, https:\/\/riteh.uniri.hr\/wp-content\/uploads\/ZIIM_IMG_20251008_120350_less_saturation-2048x1152.png 2048w\" sizes=\"(max-width: 1024px) 100vw, 1024px\" \/><\/figure>\n\n\n\n<div class=\"wp-block-group is-layout-constrained wp-block-group-is-layout-constrained\">\n<hr class=\"wp-block-separator has-alpha-channel-opacity\"\/>\n\n\n\n<h2 class=\"wp-block-heading\">Members<\/h2>\n\n\n\n<div class=\"wp-block-group is-layout-constrained wp-block-group-is-layout-constrained\"><ul class=\"members\"><li><a href=\"https:\/\/riteh.uniri.hr\/en\/osoba\/mladen-perinic\/\"><img decoding=\"async\" src=\"https:\/\/riteh.uniri.hr\/wp-content\/uploads\/mladen-perinic-150x150.jpg\" alt=\"Mladen Perini\u0107\">prof. dr. sc. Mladen Perini\u0107 <\/a><\/li><li><a href=\"https:\/\/riteh.uniri.hr\/en\/osoba\/zoran-jurkovic\/\"><img decoding=\"async\" src=\"https:\/\/riteh.uniri.hr\/wp-content\/uploads\/Zoran-Jurkovic-2-150x150.jpg\" alt=\"Zoran Jurkovi\u0107\">prof. dr. sc. Zoran Jurkovi\u0107 <\/a><\/li><li><a href=\"https:\/\/riteh.uniri.hr\/en\/osoba\/dusko-pavletic\/\"><img decoding=\"async\" src=\"https:\/\/riteh.uniri.hr\/wp-content\/uploads\/dusko-pavletic-150x150.jpg\" alt=\"Du\u0161ko Pavleti\u0107\">prof. dr. sc. Du\u0161ko Pavleti\u0107 <\/a><\/li><li><a href=\"https:\/\/riteh.uniri.hr\/en\/osoba\/goran-cukor\/\"><img decoding=\"async\" src=\"https:\/\/riteh.uniri.hr\/wp-content\/uploads\/goran-cukor-150x150.jpg\" alt=\"Goran Cukor\">prof. dr. sc. Goran Cukor <\/a><\/li><li><a href=\"https:\/\/riteh.uniri.hr\/en\/osoba\/samir-zic\/\"><img decoding=\"async\" src=\"https:\/\/riteh.uniri.hr\/wp-content\/uploads\/Samir-Zic-1-150x150.jpg\" alt=\"Samir \u017dic\">izv. prof. dr. sc. Samir \u017dic <\/a><\/li><li><a href=\"https:\/\/riteh.uniri.hr\/en\/osoba\/sandro-dobovicek\/\"><img decoding=\"async\" src=\"https:\/\/riteh.uniri.hr\/wp-content\/uploads\/sandro-dobovicek-150x150.jpg\" alt=\"Sandro Dobovi\u010dek\">izv. prof. dr. sc. Sandro Dobovi\u010dek <\/a><\/li><li><a href=\"https:\/\/riteh.uniri.hr\/en\/osoba\/david-istokovic\/\"><img decoding=\"async\" src=\"https:\/\/riteh.uniri.hr\/wp-content\/uploads\/david-istokovic-150x150.jpg\" alt=\"David I\u0161tokovi\u0107\">izv. prof. dr. sc. David I\u0161tokovi\u0107 <\/a><\/li><li><a href=\"https:\/\/riteh.uniri.hr\/en\/osoba\/marko-fabic\/\"><img decoding=\"async\" src=\"https:\/\/riteh.uniri.hr\/wp-content\/uploads\/marko-fabic-150x150.jpg\" alt=\"Marko Fabi\u0107\">doc. dr. sc. Marko Fabi\u0107 <\/a><\/li><li><a href=\"https:\/\/riteh.uniri.hr\/en\/osoba\/graciela-sterpin-valic\/\"><img decoding=\"async\" src=\"https:\/\/riteh.uniri.hr\/wp-content\/uploads\/Graciela-Sterpin-Valic-150x150.jpg\" alt=\"Graciela \u0160terpin Vali\u0107\">izv. prof. dr. sc. Graciela \u0160terpin Vali\u0107 <\/a><\/li><li><a href=\"https:\/\/riteh.uniri.hr\/en\/osoba\/maja-vlatkovic\/\"><img decoding=\"async\" src=\"https:\/\/riteh.uniri.hr\/wp-content\/uploads\/maja-markovic-150x150.jpg\" alt=\"Maja Vlatkovi\u0107\">v. asist. dr. sc. Maja Vlatkovi\u0107 <\/a><\/li><li><a href=\"https:\/\/riteh.uniri.hr\/en\/osoba\/elvis-krulcic\/\"><img decoding=\"async\" src=\"https:\/\/riteh.uniri.hr\/wp-content\/uploads\/elvis-krulcic-150x150.jpg\" alt=\"Elvis Krul\u010di\u0107\">asist. Elvis Krul\u010di\u0107 <\/a><\/li><li><a href=\"https:\/\/riteh.uniri.hr\/en\/osoba\/hana-vukotic\/\"><img decoding=\"async\" src=\"https:\/\/riteh.uniri.hr\/wp-content\/uploads\/hana-vukotic-150x150.jpg\" alt=\"Hana Vukoti\u0107\">asist. Hana Vukoti\u0107 <\/a><\/li><li><a href=\"https:\/\/riteh.uniri.hr\/en\/osoba\/tina-kazic-tadic\/\"><img decoding=\"async\" src=\"https:\/\/riteh.uniri.hr\/wp-content\/uploads\/tina-kazic-150x150.jpg\" alt=\"Tina Ka\u017ei\u0107 Tadi\u0107\"> Tina Ka\u017ei\u0107 Tadi\u0107 mag.oec.<\/a><\/li><li><a href=\"https:\/\/riteh.uniri.hr\/en\/osoba\/ivana-cabrijan-fucak\/\"><img decoding=\"async\" src=\"https:\/\/riteh.uniri.hr\/wp-content\/uploads\/ivana-cabrijan-150x150.jpg\" alt=\"Ivana \u010cabrijan Fu\u0107ak\">asist. Ivana \u010cabrijan Fu\u0107ak <\/a><\/li><li><a href=\"https:\/\/riteh.uniri.hr\/en\/osoba\/martina-pavelic\/\"><img decoding=\"async\" src=\"https:\/\/riteh.uniri.hr\/wp-content\/uploads\/slika_Martina-Pavelic-150x150.jpg\" alt=\"Martina Paveli\u0107\"> Martina Paveli\u0107 mag.oec.<\/a><\/li><li><a href=\"https:\/\/riteh.uniri.hr\/en\/osoba\/elso-kuljanic\/\"><img decoding=\"async\" src=\"https:\/\/riteh.uniri.hr\/wp-content\/uploads\/elso-kuljanic-150x150.jpg\" alt=\"Elso Kuljani\u0107\">prof. dr. sc. Elso Kuljani\u0107 professor emeritus<\/a><\/li><\/ul>\n<\/div>\n<\/div>\n\n\n\n<div class=\"wp-block-group is-layout-constrained wp-block-group-is-layout-constrained\">\n<hr class=\"wp-block-separator has-alpha-channel-opacity\"\/>\n\n\n\n<h2 class=\"wp-block-heading\">Sections and Laboratories<\/h2>\n<\/div>\n","protected":false},"excerpt":{"rendered":"<p>Contact Information Head: Prof. Mladen Perini\u0107Address Department of Industrial Engineering and Management Faculty of EngineeringVukovarska 58HR-51000 Rijeka The founding of the Faculty of Mechanical Engineering of Rijeka in 1960 initiated, in a certain way, the activity of the Department of Industrial Engineering and Management (ex-Department of Production Mechanical Engineering and the previously named Department of [&hellip;]<\/p>\n","protected":false},"author":3,"featured_media":0,"parent":22419,"menu_order":0,"comment_status":"closed","ping_status":"closed","template":"","meta":{"_acf_changed":false,"inline_featured_image":false,"footnotes":""},"class_list":["post-22435","page","type-page","status-publish","hentry"],"acf":[],"_links":{"self":[{"href":"https:\/\/riteh.uniri.hr\/en\/wp-json\/wp\/v2\/pages\/22435","targetHints":{"allow":["GET"]}}],"collection":[{"href":"https:\/\/riteh.uniri.hr\/en\/wp-json\/wp\/v2\/pages"}],"about":[{"href":"https:\/\/riteh.uniri.hr\/en\/wp-json\/wp\/v2\/types\/page"}],"author":[{"embeddable":true,"href":"https:\/\/riteh.uniri.hr\/en\/wp-json\/wp\/v2\/users\/3"}],"replies":[{"embeddable":true,"href":"https:\/\/riteh.uniri.hr\/en\/wp-json\/wp\/v2\/comments?post=22435"}],"version-history":[{"count":69,"href":"https:\/\/riteh.uniri.hr\/en\/wp-json\/wp\/v2\/pages\/22435\/revisions"}],"predecessor-version":[{"id":45006,"href":"https:\/\/riteh.uniri.hr\/en\/wp-json\/wp\/v2\/pages\/22435\/revisions\/45006"}],"up":[{"embeddable":true,"href":"https:\/\/riteh.uniri.hr\/en\/wp-json\/wp\/v2\/pages\/22419"}],"wp:attachment":[{"href":"https:\/\/riteh.uniri.hr\/en\/wp-json\/wp\/v2\/media?parent=22435"}],"curies":[{"name":"wp","href":"https:\/\/api.w.org\/{rel}","templated":true}]}}