{"id":22431,"date":"2024-07-08T11:20:32","date_gmt":"2024-07-08T09:20:32","guid":{"rendered":"http:\/\/127.0.0.1:8080\/en\/organisation\/departments\/department-electric-power-systems\/smart-grid-laboratory\/"},"modified":"2025-10-20T14:26:28","modified_gmt":"2025-10-20T12:26:28","slug":"smart-grid-laboratory","status":"publish","type":"page","link":"https:\/\/riteh.uniri.hr\/en\/organisation\/departments\/department-electric-power-systems\/smart-grid-laboratory\/","title":{"rendered":"Smart Grid Laboratory"},"content":{"rendered":"\n<p>Head: <a href=\"\/en\/osoba\/dubravko-frankovic\/\">Prof. Dubravko Frankovi\u0107<\/a><\/p>\n\n\n\n<p>Projects:<\/p>\n\n\n\n<ol class=\"wp-block-list\">\n<li>\u201cInnovative simulator of the power system in the cloud &#8211; iSIMELEC&#8221;, STUDIO ELEKTRONIKE RIJEKA d.o.o., Vedran Kirin\u010di\u0107, Innovation vouchers for SMEs, European Regional Development Fund, 2019.<\/li>\n\n\n\n<li>\u201cSTABILITY &#8211; Enhancement of power system integrity and stability using novel sensing technologies\u201d, participation Vedran Kirin\u010di\u0107, funded by the Cyprus Research Promotion Foundation through the Framework Program for Research, Technological Development and Innovation 2009-10 (DESMI 2009-2010), co-financed by the Republic of Cyprus and the European Regional Development Fund; February &#8211; May 2014<\/li>\n\n\n\n<li>\u201cHYBRID &#8211; The formulation of the next generation state estimator by utilizing synchronized phasor measurements\u201d, participation Vedran Kirin\u010di\u0107, funded by the Cyprus Research Promotion Foundation through the Framework Program for Research, Technological Development and Innovation 2009-10 (DESMI 2009-2010 ), co-financed by the Republic of Cyprus and the European Regional Development Fund; February &#8211; May 2014<\/li>\n\n\n\n<li>&#8220;Intelligent systems in the transmission electric power network&#8221;, SIPS, The National Foundation for Science, Higher Education and Technological Development of the Republic of Croatia, HEP Group, project leader: Sr\u0111an Skok, 2010.- 2013, research and scientific project.<\/li>\n\n\n\n<li> \u201cE-mobil \u2013 development of the electric vehicle\u201d; Sr\u0111an Skok, 2011-2013, student project. <\/li>\n\n\n\n<li>Development of mathematical model, algorithms and calculations related to design and final architecture of WAM &#8211; Wide area monitoring system, Kon\u010dar-KET, Sr\u0111an Skok, 2010-2011, study.<\/li>\n\n\n\n<li>Testing of the DC system selectivity in HPP \u010cakovec and HPP Dubrava, HEP, Sr\u0111an Skok, 2011, study.<\/li>\n\n\n\n<li>Power system state estimation assisted by synchronized phasor measurements, Croatian science foundation, 03.01\/195, The University of Manchester, United Kingdom, Vedran Kirincic, March-June 2012, research and scientific project.<\/li>\n\n\n\n<li>Generator power oscillations analysis \u2013 measurement of the HPP Dubrava and HPP Cakovec voltage angle, HEP \u2013 Generation, Hydro power plants department, Hydro north, Varazdin, Sr\u0111an Skok, 2012, study.<\/li>\n\n\n\n<li>Technical documentation of the relay protection system settings in the plants of the transmission area, HEP \u2013 Transmission System Operator, Transmission Area Zagreb, Sr\u0111an Skok, 2012, study.<\/li>\n\n\n\n<li>Concept project of automatic control of the part of the transmission area Zagreb; HEP \u2013 Transmission System Operator, Transmission Area Zagreb; Sr\u0111an Skok, 2011- 2012, study.<\/li>\n\n\n\n<li>Development of central controller for monitoring and automatic control of the transmission power system &#8211; Transmission Area Rijeka based on synchronized phasor measurements; HEP \u2013 Transmission System Operator, Transmission Area Rijeka; Sr\u0111an Skok, 2011- 2012, study.<\/li>\n\n\n\n<li>&#8220;Wide Area Monitoring, Protection and Control of Power System in Deregulated and Liberalized Energy Market&#8221;, 0114-24\/110-2006, NZZ; HEP, project leader: Sr\u0111an Skok, year 2006-2009, science and research project.<\/li>\n<\/ol>\n\n\n\n<p><\/p>\n\n\n\n<p>Papers:<\/p>\n\n\n\n<ol class=\"wp-block-list\">\n<li>Kirin\u010di\u0107, Vedran; Lerga, Jonatan; Saulig, Nicoletta; Frankovi\u0107, Dubravko, Improved Power System State Estimator with Preprocessing Based on the Modified Intersection of Confidence Intervals \/\/ Sustainable energy, grids and networks, 21 (2020), 100323, 10 doi:10.1016\/j.segan.2020.100323<\/li>\n\n\n\n<li>Kirin\u010di\u0107, Vedran; \u010ceperi\u0107, Ervin; Vlahini\u0107, Sa\u0161a; Lerga, Jonatan, Support Vector Machine State Estimation \/\/ Applied artificial intelligence, 33 (2019), 6; 517-530 doi:10.1080\/08839514.2019.1583452<\/li>\n\n\n\n<li>Lerga, Jonatan; Kirin\u010di\u0107, Vedran; Frankovi\u0107, Dubravko; \u0160tajduhar, Ivan, Adaptive State Estimator With Intersection of Confidence Intervals Based Preprocessing \/\/ International journal of electrical power &amp; energy systems, 102 (2018), 1; 413-420 doi:10.1016\/j.ijepes.2018.04.032<\/li>\n\n\n\n<li>Kirin\u010di\u0107, Vedran; Asprou, Markos; Mavroeidis, Petros; Kyriakides Elias, The Effect of Branch Parameter Errors to Voltage Stability Indices \/\/ Critical Information Infrastructures Security \/ Panayiotou, Christos G. ; Ellinas, Georgios ; Kyriakides, Elias ; Polycarpou, Marios M. Cyprus: Springer, 2016. str. 122-134 doi:10.1007\/978-3-319-31664-213-15<\/li>\n\n\n\n<li>Kirin\u010di\u0107, Vedran; Skok, Sr\u0111an; Frankovi\u0107, Dubravko, A State Estimator Using SCADA and Synchronized Phasor Measurements \/\/ International Journal of Electrical and Computer Engineering System, 7 (2016), 2; 61-69<\/li>\n\n\n\n<li>Kirin\u010di\u0107, Vedran; Skok, Sr\u0111an; Frankovi\u0107, Dubravko, A Synchrophasor Assisted Hybrid State Estimator \/\/ Journal of electrical engineering, 67 (2016), 2; 103-110<\/li>\n\n\n\n<li>Vrki\u0107, Nik\u0161a; Skok, Sr\u0111an; Kirin\u010di\u0107, Vedran, Real Time Power Swing Monitoring In a Hydro Power Plant Supported By Synchronized Measurements \/\/ Technical gazette, 23 (2016), 5; 1517-1522 doi:10.17559\/TV-20150716164941<\/li>\n\n\n\n<li>Skok, Sr\u0111an; Filipovi\u0107, Milan; Kirin\u010di\u0107, Vedran, Power system control based on synchronized measurements \/\/ 38th international convention on information and communication technology, electronics and microelectronics, Opatija, Croatia, 2015<\/li>\n\n\n\n<li>Kirin\u010di\u0107, Vedran; Skok, Sr\u0111an; Frankovi\u0107, Dubravko, A Noninvasive Inclusion of Synchrophasors in the Power System State Estimation \/\/ Technical gazette, 23 (2015), 5; 1457-1462 doi:10.17559\/TV-20150118204850<\/li>\n\n\n\n<li>Mavroeidis, Petros; Kyriakides, Elias; Kirin\u010di\u0107, Vedran, The effect of branch parameter errors on voltage stability enhancement schemes \/\/ 50th International Universities Power Engineering Conference (UPEC 2015), Staffordshire, Velika Britanija, 2015<\/li>\n\n\n\n<li>Skok, Sr\u0111an; Kirin\u010di\u0107, Vedran; Mati\u0107, \u017deljko, Smart transmission grids \/\/ The 4th Session of CIGRE Montenegro, Igalo, Herceg Novi, Montenegro, 2015<\/li>\n\n\n\n<li>Skok, Sr\u0111an; Filipovi\u0107, Milan; Kirin\u010di\u0107, Vedran, Microgrid control based on synchronized measurements \/\/ 38th International Convention on Information and Communication Technology, Electronics and Microelectronics (MIPRO) Opatija, Croatia, 2015<\/li>\n\n\n\n<li>Mikac, Elvis; Kirin\u010di\u0107, Vedran; Skok, Sr\u0111an, Intelligent Protection Scheme for the Part of the Transmission Power System \/\/ The 5th International Youth Conference on Energy Pisa, Italy, 2015.<\/li>\n\n\n\n<li>Mikac, Elvis; Kirin\u010di\u0107, Vedran; Skok, Sr\u0111an, Smart Protection Scheme for the Power Subsystem of Istria Region \/\/ The International Journal of Contemporary Energy, 1 (2015), 1; 13-23<\/li>\n\n\n\n<li>Kirin\u010di\u0107, Vedran; Skok, Sr\u0111an; Terzija, Vladimir, A Two-Step Hybrid Power System State Estimator \/\/ International Transactions on Electrical Energy Systems, 25 (2015), 7; 1158-1172 doi:10.1002\/etep.1894<\/li>\n\n\n\n<li>Mikac, Elvis; Kirin\u010di\u0107, Vedran; Skok Sr\u0111an, Smart protection scheme for the power subsystem of Istria region \/\/ Proceedings of The 4th International Conference and Workshop REMOO-2014 Energy Infrastructure Development, Ljubljana, Slovenia, 2014<\/li>\n\n\n\n<li>Kirin\u010di\u0107, Vedran; Asprou, Markos; Mavroeidis, Petros; Kyriakides, Elias, The Effect of Branch Parameter Errors to Voltage Stability Indices \/\/ International Conference on Critical Information Infrastructures Security (CRITIS) Limassol, Cyprus, 2014<\/li>\n\n\n\n<li>Leci, Goran; Kuli\u0161, Ivan Goran; Bago, Marko; Kirin\u010di\u0107, Vedran, Automatic Voltage Control of OLTC Power Transformers between Substations \/\/ 5th PAC World Conference Zagreb, Croatia, 2014<\/li>\n\n\n\n<li>Matica, Renata; Kirin\u010di\u0107, Vedran; Skok, Sr\u0111an, Transmission Line Positive Sequence Impedance Estimation Based on Multiple Scans of Phasor Measurements \/\/ IEEE EnergyCon Dubrovnik, Croatia, 2014<\/li>\n\n\n\n<li>Rube\u0161a, Renata; Kirin\u010di\u0107, Vedran; Skok, Sr\u0111an; Maru\u0161i\u0107, Ante, Real time transmission line parameter calculation based on synchronized measurements \/\/ HRO CIGRE Cavtat, Croatia, 2013.<\/li>\n\n\n\n<li>Bulat, Hrvoje; Skok, Sr\u0111an; Kirin\u010di\u0107, Vedran, Synchronized phasor measurements in a dual layer hybrid state estimator \/\/ Technical gazette, 20 (2013), 6; 1043-1050<\/li>\n\n\n\n<li>Matica, Renata; Kirin\u010di\u0107, Vedran; Skok, Sr\u0111an; Maru\u0161i\u0107, Ante, Transmission line impedance estimation based on PMU measurements \/\/ IEEE Eurocon 2013 Conference : proceedings \/ 2013, 1438-1444<\/li>\n\n\n\n<li>Buli\u0107, Darjan; Jan\u010di\u0107, Ranko; Kirin\u010di\u0107, Vedran; Skok, Sr\u0111an, Monitoring of low voltage facilities using synchronized phasor measurements \/\/ 36th International Convention on Information and Communication Technology, Electronics and Microelectronics (MIPRO) Opatija, Croatia, 2013<\/li>\n\n\n\n<li>Sterpin, Ingrid; Kirin\u010di\u0107, Vedran; Skok, Sr\u0111an, The educational model of the system integrity protection scheme \/\/ 36th International Convention on Information and Communication Technology, Electronics and Microelectronics (MIPRO) Opatija, Croatia, 2013<\/li>\n\n\n\n<li>Damjanovi\u0107, Denis; Kirin\u010di\u0107, Vedran; Skok, Sr\u0111an, Regulation of the electric propulsion vehicle \/\/ 36th International Convention on Information and Communication Technology, Electronics and Microelectronics (MIPRO) Opatija, Croatia, 2013<\/li>\n\n\n\n<li>Grdi\u0107, Ivana; Kirin\u010di\u0107, Vedran; Skok, Sr\u0111an, The development of charging stations for electric vehicles: a solution or a problem? \/\/ 36th International Convention on Information and Communication Technology, Electronics and Microelectronics (MIPRO) Opatija, Croatia, 2013<\/li>\n\n\n\n<li>\u0160a\u0161a, Predrag; Kirin\u010di\u0107, Vedran; Skok, Sr\u0111an, Student project of the electric vehicle as a part of the future power system \/\/ 36th International Convention on Information and Communication Technology, Electronics and Microelectronics (MIPRO) Opatija, Croatia, 2013<\/li>\n\n\n\n<li>Skok, Sr\u0111an; Kirin\u010di\u0107, Vedran; Brnobi\u0107, Dalibor; \u010cerina, Zdeslav; Bulat, Hrvoje, System integrity protection and control based on synchronized measurements \/\/ 4th International conference on Power Engineering, Energy and Electrical Drives (POWERENG), Istanbul, Turkey, 2013<\/li>\n\n\n\n<li>Kirin\u010di\u0107, Vedran; Skok, Sr\u0111an; Terzija, Vladimir, A Hybrid State Estimator with Pseudo-Flows and Pseudo-Injections \/\/ International Review on Modelling and Simulations, 6 (2013), 2; 218-226<\/li>\n\n\n\n<li>Kirin\u010di\u0107, Vedran; Skok, Sr\u0111an; Maru\u0161i\u0107, Ante, A Hybrid Constrained State Estimator with Pseudo Injection Measurements \/\/ Przegl\u0105d elektrotechniczny, 89 (2013), 137-142<\/li>\n\n\n\n<li>Kirin\u010di\u0107, Vedran; Skok, Sr\u0111an; Pavi\u0107, Ivica, Power system state estimation based on PMU measurements vs SCADA measurements \/\/ International Review on Modelling and Simulations, 5 (2012), 5; 311-318<\/li>\n\n\n\n<li>\u0160a\u0161a, Predrag; Skok, Sr\u0111an; Kirin\u010di\u0107, Vedran, Urban electric vehicle development as part of Smart Grid \/\/ International Conference on Innovative Technologies, IN-TECH 2012 Rijeka, Croatia, 2012<\/li>\n\n\n\n<li>Skok, Sr\u0111an; Brnobi\u0107, Dalibor; Kirin\u010di\u0107, Vedran; \u010cerina, Zdeslav; Bulat, Hrvoje, Power system modelling based on synchronized phasor measurement \/\/ HRO CIGRE, Opatija, Croatia, 2012<\/li>\n\n\n\n<li>Radulovi\u0107, Du\u0161ko; Skok, Sr\u0111an; Kirin\u010di\u0107, Vedran, Cogeneration \u2013 Investment dilemma \/\/ Energy (Oxford), 48 (2012), 1; 177-187 doi:10.1016\/j.energy.2012.06.057<\/li>\n\n\n\n<li>Sen\u010di\u0107, Tomislav; Kirin\u010di\u0107, Vedran; Leni\u0107, Kristian, Electric vehicle modelling for real application \/\/ Energy and environment \/ Rijeka, 2012, 147-159<\/li>\n\n\n\n<li>Skok, Sr\u0111an; Brnobi\u0107, Dalibor; Kirin\u010di\u0107, Vedran, Croatian Academic Research Wide Area Monitoring System &#8211; CARWAMS \/\/ The International Journal on Communications Antenna and Propagation (IRECAP), 1 (2011), 4; 72-78<\/li>\n\n\n\n<li>Kirin\u010di\u0107, Vedran; Skok, Sr\u0111an; Maru\u0161i\u0107, Ante, Power system state estimation based on synchronized phasor measurements \/\/ HRO CIGRE, Cavtat, Croatia, 2011<\/li>\n\n\n\n<li>Radulovi\u0107, Du\u0161ko; Skok, Sr\u0111an; Kirin\u010di\u0107, Vedran Energy efficiency public lighting management in the cities \/\/ Energy (Oxford), 36 (2011), 4; 1908-1915 doi:10.1016\/j.energy.2010.10.016<\/li>\n\n\n\n<li>Skok, Sr\u0111an; Kirin\u010di\u0107, Vedran; Ivankovi\u0107, Igor, Automated control for power transmission system in urban area \/\/ Proceedings of 2011 IEEE GCC: 2011 IEEE GCC Conference and Exhibition Dubai, UAE: IEEE, 2011, 649-652<\/li>\n\n\n\n<li>Skok, Sr\u0111an; Kirin\u010di\u0107, Vedran; Rube\u0161a, Radenko; Frlan, Kristijan; Zbunjak, Zoran, Dynamic analysis of the part of power transmission system of transmission area Rijeka regarding operation of wind farm \u201eVrataru\u0161a\u201c\/\/ HRO CIGRE, Zadar, Croatia, 2010.<\/li>\n\n\n\n<li>Skok, Sr\u0111an; Kirin\u010di\u0107, Vedran; Dereani, Dean, Setting the relay protection system of \u201eDalmacijacement\u201c plants \/\/ HO CIRED, Umag, Croatia, 2010<\/li>\n\n\n\n<li>Skok, Sr\u0111an; Kirin\u010di\u0107, Vedran; Frlan, Kristijan, Dynamic analysis of wind farm operation integrated in power system based on synchronized measurements \/\/ Engineering review, 30 (2010), 1; 73-83<\/li>\n<\/ol>\n\n\n\n<p><\/p>\n\n\n\n<p>Equipment<\/p>\n\n\n\n<ul class=\"wp-block-list\">\n<li>Siemens Power System Simulator &#8211; PSSE &#8211; a software tool used by power system engineers to simulate the electrical network to transmit electricity in a stable state, such as during a time range from a few seconds to a few tens of seconds. (Https:\/\/new.siemens.com\/global\/en\/products\/energy\/services\/transmission-distribution-smart-grid\/consulting-and-planning\/pss-software.html)<br> <br> <br> <\/li>\n\n\n\n<li>WAMSTER Phasor Measurement Unit (PMU) &#8211; WAMSTER PMU devices transmit synchrophasor measurement over a mobile (GPRS) network, provide security solutions in the areas of collection, storage and analysis of the state of the power system (http: \/\/ www .wamster.net \/)<br> <br> <br> <\/li>\n\n\n\n<li>SEL-421 &#8211; a protection relay that can perform industrial automation functions. It contains 32 programmable elements. It offers protection, automation and a control system and combines high speed distance and directional protection with complete control for a double fuse. (Https:\/\/selinc.com\/products\/421\/) <\/li>\n\n\n\n<li>Power Sentinel 1133A &#8211; a rack mountable Phasor Measurement Unit (PMU) compatible device (https:\/\/www.arbiter.com\/catalog\/product\/model-1133a-power-sentinel.php)<br> <\/li>\n\n\n\n<li>ABB REF630E_C &#8211; a comprehensive control relay for protection, control, metering and monitoring in the utility and industrial electricity distribution system, including radial, loop and networked distribution network, with or without distribution generation. The REF630 is also ideal for bearing control. (Https:\/\/new.abb.com\/products\/REF630E_C\/feeder-protection-relay-1-2)<br> <br> <\/li>\n\n\n\n<li>The ISA T1000 PLUS RELAY TEST SET &#8211; a protective relay test set especially designed to give the commissioning engineers a multitasking and highly reliable testing equipment. (Https:\/\/www.isatest.com\/)<br> <\/li>\n<\/ul>\n\n\n\n<figure class=\"wp-block-image size-large\"><img decoding=\"async\" src=\"\/media\/filer_public_thumbnails\/filer_public\/61\/cf\/61cfd526-e49a-42fa-a831-23df5b0592d5\/pss-e.jpg__400x282_q92_crop_subsampling-2_upscale.jpg\" alt=\"pss-e.jpg\"\/><\/figure>\n\n\n\n<figure class=\"wp-block-image size-large\"><img decoding=\"async\" src=\"\/media\/filer_public_thumbnails\/filer_public\/bf\/11\/bf111540-07b5-49dc-a2c7-b0f76c5bcb24\/wamster.jpg__400x380_q92_crop_subsampling-2_upscale.jpg\" alt=\"WAMSTER.jpg\"\/><\/figure>\n\n\n\n<figure class=\"wp-block-image size-large\"><img decoding=\"async\" src=\"\/media\/filer_public_thumbnails\/filer_public\/13\/62\/1362d053-c67c-4352-a8e9-6902ca442f05\/421.jpg__400x286_q92_crop_subsampling-2_upscale.jpg\" alt=\"421.jpg\"\/><\/figure>\n\n\n\n<figure class=\"wp-block-image size-large\"><img decoding=\"async\" src=\"\/media\/filer_public_thumbnails\/filer_public\/46\/2e\/462e6f57-d5ab-43f0-87d0-2af6f6784072\/1133a_side_large_ps.jpg__400x205_q92_crop_subsampling-2_upscale.jpg\" alt=\"1133A_side_large_ps.jpg\"\/><\/figure>\n\n\n\n<figure class=\"wp-block-image size-large\"><img decoding=\"async\" src=\"\/media\/filer_public_thumbnails\/filer_public\/36\/90\/3690843e-98da-42a6-bcad-cfe1531f2566\/protection-and-control-ref630.jpg__400x200_q92_crop_subsampling-2_upscale.jpg\" alt=\"protection-and-control-ref630.jpg\"\/><\/figure>\n\n\n\n<figure class=\"wp-block-image size-large\"><img decoding=\"async\" src=\"\/media\/filer_public_thumbnails\/filer_public\/c4\/ed\/c4ed2d4f-4f25-40d9-a46b-4a5b425cdd6e\/t1000plus.jpg__400x400_q92_crop_subsampling-2_upscale.jpg\" alt=\"T1000plus.jpg\"\/><\/figure>\n","protected":false},"excerpt":{"rendered":"<p>Head: Prof. Dubravko Frankovi\u0107 Projects: Papers: Equipment<\/p>\n","protected":false},"author":3,"featured_media":0,"parent":22426,"menu_order":0,"comment_status":"closed","ping_status":"closed","template":"","meta":{"_acf_changed":false,"inline_featured_image":false,"footnotes":""},"class_list":["post-22431","page","type-page","status-publish","hentry"],"acf":[],"_links":{"self":[{"href":"https:\/\/riteh.uniri.hr\/en\/wp-json\/wp\/v2\/pages\/22431","targetHints":{"allow":["GET"]}}],"collection":[{"href":"https:\/\/riteh.uniri.hr\/en\/wp-json\/wp\/v2\/pages"}],"about":[{"href":"https:\/\/riteh.uniri.hr\/en\/wp-json\/wp\/v2\/types\/page"}],"author":[{"embeddable":true,"href":"https:\/\/riteh.uniri.hr\/en\/wp-json\/wp\/v2\/users\/3"}],"replies":[{"embeddable":true,"href":"https:\/\/riteh.uniri.hr\/en\/wp-json\/wp\/v2\/comments?post=22431"}],"version-history":[{"count":2,"href":"https:\/\/riteh.uniri.hr\/en\/wp-json\/wp\/v2\/pages\/22431\/revisions"}],"predecessor-version":[{"id":44829,"href":"https:\/\/riteh.uniri.hr\/en\/wp-json\/wp\/v2\/pages\/22431\/revisions\/44829"}],"up":[{"embeddable":true,"href":"https:\/\/riteh.uniri.hr\/en\/wp-json\/wp\/v2\/pages\/22426"}],"wp:attachment":[{"href":"https:\/\/riteh.uniri.hr\/en\/wp-json\/wp\/v2\/media?parent=22431"}],"curies":[{"name":"wp","href":"https:\/\/api.w.org\/{rel}","templated":true}]}}