{"id":22429,"date":"2024-07-08T11:20:32","date_gmt":"2024-07-08T09:20:32","guid":{"rendered":"http:\/\/127.0.0.1:8080\/en\/organisation\/departments\/department-electric-power-systems\/laboratory-for-electric-substations-and-secondary-systems\/"},"modified":"2025-10-20T14:02:03","modified_gmt":"2025-10-20T12:02:03","slug":"laboratory-for-electric-substations-and-secondary-systems","status":"publish","type":"page","link":"https:\/\/riteh.uniri.hr\/en\/organisation\/departments\/department-electric-power-systems\/laboratory-for-electric-substations-and-secondary-systems\/","title":{"rendered":"Laboratory for Electric Substations and Secondary Systems"},"content":{"rendered":"\n<p>LABORATORY FOR ELECTRIC SUBSTATIONS AND SECONDARY SYSTEMS &#8211; ROOM 1-36<\/p>\n\n\n\n<p>Head: <\/p>\n\n\n\n<p><a href=\"\/en\/osoba\/alen-jakoplic\/\">Postdoc. Alen Jakopli\u0107<\/a><\/p>\n\n\n\n<p>@ <a href=\"mailto:alen.jakoplic@riteh.uniri.hr\">alen.jakoplic@riteh.uniri.hr<\/a><\/p>\n\n\n\n<p><i> <\/i>+385 51 651 430 (Int. 2430)<\/p>\n\n\n\n<p>Subjects: Electric Facilities, Electric Power Networks, Power Plants, Electric Power Systems, Transmission and Distribution of Electrical Energy, Electric Power Substation Design, High Voltage Engineering, Electrical Measurements<\/p>\n\n\n\n<p><\/p>\n\n\n\n<ul class=\"wp-block-list\">\n<li>EQUIPMENT<\/li>\n<\/ul>\n\n\n\n<p>Instrument for detection and analysis of partial discharge (PDCheck<sup>TM<\/sup>)<\/p>\n\n\n\n<p><\/p>\n\n\n\n<figure class=\"wp-block-image size-large\"><img decoding=\"async\" src=\"\/media\/filer_public\/db\/ad\/dbad57e1-79dd-4a3c-b0d8-b1bc99e00f00\/1.jpg\" alt=\"1.jpg\"\/><\/figure>\n\n\n\n<p><\/p>\n\n\n\n<p><\/p>\n\n\n\n<p>Instrument for the condition assessment of medium and high voltage electrical systems, based on the detection and analysis of partial discharge.<\/p>\n\n\n\n<p>Subjects: Electric Facilities, Electrical Measurements, Electric Power Substation Desing<\/p>\n\n\n\n<p><\/p>\n\n\n\n<p><\/p>\n\n\n\n<p><\/p>\n\n\n\n<p><\/p>\n\n\n\n<p>Instrument for Tan Delta measurements<\/p>\n\n\n\n<p><\/p>\n\n\n\n<figure class=\"wp-block-image size-large\"><img decoding=\"async\" src=\"\/media\/filer_public\/35\/99\/3599c969-efaa-4887-9709-4e3a7212abcc\/2.jpg\" alt=\"2.jpg\"\/><\/figure>\n\n\n\n<p><\/p>\n\n\n\n<p>Instrument is used for high voltage Tan Delta measurements.<\/p>\n\n\n\n<p><em>Subjects: Electric Facilities, Electrical Measurements, Electric Power Substation Desing, High Voltage Engineering<\/em><\/p>\n\n\n\n<p><\/p>\n\n\n\n<p><\/p>\n\n\n\n<p><\/p>\n\n\n\n<p><\/p>\n\n\n\n<p><\/p>\n\n\n\n<p>Demo advanced Applied Sciences Penewable Energy supplementary set<\/p>\n\n\n\n<p><\/p>\n\n\n\n<figure class=\"wp-block-image size-large\"><img decoding=\"async\" src=\"\/media\/filer_public\/a5\/52\/a5529842-31d6-45be-9bd4-bf200fa2f8fd\/3.jpg\" alt=\"3.jpg\"\/><\/figure>\n\n\n\n<p><\/p>\n\n\n\n<p>Demonstrative devices for experiments to photovoltaic, conversio of wind energy and hydropower into electrical energy.<\/p>\n\n\n\n<p><em>Subjects: Power Plants<\/em><\/p>\n\n\n\n<p><\/p>\n\n\n\n<p><\/p>\n\n\n\n<p><\/p>\n\n\n\n<p><\/p>\n\n\n\n<p><\/p>\n\n\n\n<p><\/p>\n\n\n\n<p>Instrument for diagnosing of insulation resistance<\/p>\n\n\n\n<p><\/p>\n\n\n\n<figure class=\"wp-block-image size-large\"><img decoding=\"async\" src=\"\/media\/filer_public\/c5\/ac\/c5ac584b-718f-4341-833e-4ae43b4fa036\/4.jpg\" alt=\"4.jpg\"\/><\/figure>\n\n\n\n<p>Test instrument intended for diagnosing of insulation resistance by using high test voltages of up to 5 kV.<\/p>\n\n\n\n<p><em>Subjects: High Voltage Engineering, Electrical Measurements<\/em><\/p>\n\n\n\n<p><\/p>\n\n\n\n<p><\/p>\n\n\n\n<p><\/p>\n\n\n\n<p><\/p>\n\n\n\n<p><\/p>\n\n\n\n<p>Portable low contact resistance ohmmeter<\/p>\n\n\n\n<p><\/p>\n\n\n\n<figure class=\"wp-block-image size-large\"><img decoding=\"async\" src=\"\/media\/filer_public\/8f\/83\/8f8376f3-ff9a-471f-871d-f5139b060ca1\/5.jpg\" alt=\"5.jpg\"\/><\/figure>\n\n\n\n<p>Portable low resistance ohmmeter used to measure low contact resistances of circuit breakers, switches and busbar joints using test current up to 100 A.<\/p>\n\n\n\n<p><em>Subjects: Electrical Plants, High Voltage Engineering, Electrical Measurements<\/em><\/p>\n\n\n\n<p><\/p>\n\n\n\n<p><\/p>\n\n\n\n<p><\/p>\n\n\n\n<p><\/p>\n\n\n\n<p>Electrical Installations and Photovoltaic tester<\/p>\n\n\n\n<p><\/p>\n\n\n\n<figure class=\"wp-block-image size-large\"><img decoding=\"async\" src=\"\/media\/filer_public\/76\/ce\/76cee5a7-ccad-4e8d-a92a-c39334986ffa\/6.jpg\" alt=\"6.jpg\"\/><\/figure>\n\n\n\n<p><\/p>\n\n\n\n<p>Photovoltaic tester that enables complete testing of electrical installations according to EN 61557 and performs test required on single-phase photovoltaic installations.<\/p>\n\n\n\n<p><em>Subjects: Electrical Plants<\/em><\/p>\n\n\n\n<p><\/p>\n\n\n\n<p><\/p>\n\n\n\n<p><\/p>\n\n\n\n<p><\/p>\n\n\n\n<p>Power Quality Analyser<\/p>\n\n\n\n<p> Power Quality Analyser with predefined recorder profile for EN 50160 survey that provides 4 voltage channels with wide measurement range from 0 to 1000V and 4 current channels.<\/p>\n\n\n\n<figure class=\"wp-block-image size-large\"><img decoding=\"async\" src=\"\/media\/filer_public\/f3\/03\/f303c419-9d8a-485a-a217-b07a62bbd334\/7.jpg\" alt=\"7.jpg\"\/><\/figure>\n\n\n\n<p><em>Subjects: Electrical Power Networks, Transmission and Distribution of Electrical Energy, Electrical Measurements<\/em><\/p>\n\n\n\n<p><\/p>\n\n\n\n<p><\/p>\n\n\n\n<p>Digital multimetar with infrared camera<\/p>\n\n\n\n<p><\/p>\n\n\n\n<figure class=\"wp-block-image size-large\"><img decoding=\"async\" src=\"\/media\/filer_public\/10\/04\/10045785-aae3-4265-ad95-35390ed260a4\/8.jpg\" alt=\"8.jpg\"\/><\/figure>\n\n\n\n<p>Digitalni multimetar with integrated thermal imaging.<\/p>\n\n\n\n<p><em>Subjects: Electrical Facilities, Electrical Power Networks, Transmission and Distribution of Electrical Energy, Electrical Measurements<\/em><\/p>\n\n\n\n<p><\/p>\n\n\n\n<p><\/p>\n\n\n\n<p><\/p>\n\n\n\n<p>Handheld Digital Oscilloscope<\/p>\n\n\n\n<p><\/p>\n\n\n\n<figure class=\"wp-block-image size-large\"><img decoding=\"async\" src=\"\/media\/filer_public\/1e\/a5\/1ea5003e-391b-44c7-8a79-9d7c2c1dd740\/9.jpg\" alt=\"9.jpg\"\/><\/figure>\n\n\n\n<p><\/p>\n\n\n\n<p>Dual channel handheld oscilloscope and multimeter.<\/p>\n\n\n\n<p><em>Subjects: Electrical Facilities<\/em><\/p>\n\n\n\n<p><\/p>\n\n\n\n<p><\/p>\n\n\n\n<p><\/p>\n\n\n\n<p>Luminance meter  <\/p>\n\n\n\n<p><\/p>\n\n\n\n<figure class=\"wp-block-image size-large\"><img decoding=\"async\" src=\"\/media\/filer_public\/bc\/2e\/bc2e6717-358b-449f-b3a2-0245d9e9ee30\/10.jpg\" alt=\"10.jpg\"\/><\/figure>\n\n\n\n<p><\/p>\n\n\n\n<p><\/p>\n\n\n\n<p><\/p>\n\n\n\n<p><\/p>\n\n\n\n<p><\/p>\n\n\n\n<p><\/p>\n\n\n\n<p>Luxmeter (measuring brightness)<\/p>\n\n\n\n<p><\/p>\n\n\n\n<figure class=\"wp-block-image size-large\"><img decoding=\"async\" src=\"\/media\/filer_public_thumbnails\/filer_public\/1d\/b6\/1db6ab1a-80ce-4995-b8ff-f917bb286a62\/11.jpg__259x130_q92_crop_subsampling-2_upscale.jpg\" alt=\"11.jpg\"\/><\/figure>\n\n\n\n<p><\/p>\n\n\n\n<p><\/p>\n\n\n\n<p>Electric Power Substation 10\/0,4 kV<\/p>\n\n\n\n<p><\/p>\n\n\n\n<figure class=\"wp-block-image size-large\"><img decoding=\"async\" src=\"\/media\/filer_public\/97\/40\/9740f7f9-66f8-41c3-ad44-bfa1fc56ca1e\/12.jpg\" alt=\"12.jpg\"\/><\/figure>\n\n\n\n<p><\/p>\n\n\n\n<p><\/p>\n\n\n\n<p><\/p>\n\n\n\n<p><\/p>\n\n\n\n<p><\/p>\n\n\n\n<p><\/p>\n\n\n\n<p><\/p>\n\n\n\n<p><\/p>\n\n\n\n<p><\/p>\n\n\n\n<p><\/p>\n\n\n\n<p><\/p>\n\n\n\n<p><\/p>\n\n\n\n<p>Photovoltaic Power Plant Riteh 1<\/p>\n\n\n\n<p><\/p>\n\n\n\n<figure class=\"wp-block-image size-large\"><img decoding=\"async\" src=\"\/media\/filer_public\/75\/34\/75349735-7dbb-4245-8759-d35924654629\/13.jpg\" alt=\"13.jpg\"\/><\/figure>\n\n\n\n<p><\/p>\n\n\n\n<p><\/p>\n\n\n\n<p><\/p>\n\n\n\n<p><\/p>\n\n\n\n<p><\/p>\n\n\n\n<p><\/p>\n\n\n\n<p><\/p>\n\n\n\n<p><\/p>\n\n\n\n<p><\/p>\n\n\n\n<p><\/p>\n\n\n\n<p><\/p>\n\n\n\n<p><\/p>\n\n\n\n<ul class=\"wp-block-list\">\n<li>PROJECTS IN THE LAST 5 YEARS<\/li>\n<\/ul>\n\n\n\n<p><\/p>\n\n\n\n<p>1. Study on the optimal technical solution for connecting the HPP Senj to the transmission grid, April 2020<\/p>\n\n\n\n<p>2. Study on the optimal technical solution for connecting the Vrataru\u0161a II WPP to the transmission grid, April 2020.<\/p>\n\n\n\n<p>3. Measurement of luminance and illuminance in the area of the city of Kastav, December 2019.<\/p>\n\n\n\n<p>4. Analysis of the sub-frequency discharge program in the PrP Rijeka area, October 2019.<\/p>\n\n\n\n<p>5. Study on the optimal technical solution for connecting the Vara\u017edin CHP to the transmission grid, September 2018.<\/p>\n\n\n\n<p>6. Measurement and presentation of results of parameters for measuring power quality &#8211; Elementary School \u010cavle, September 2018.<\/p>\n\n\n\n<p>7. Measurement and analysis of power quality &#8211; ACI marina Pomer, March 2018.<\/p>\n\n\n\n<p>8. Measurement of luminance of street lighting for Ba\u0161tijanova Street, December 2018.<\/p>\n\n\n\n<p>9. Measurement of street lighting luminance for Mihanovi\u0107eva Street, December 2018.<\/p>\n\n\n\n<p>10. Detection of faulted operating states with advanced methods, September 2018.<\/p>\n\n\n\n<p>11. Preliminary analysis of the possibility of connecting the reconstructed Vara\u017edin HPP to the transmission network, May 2017.<\/p>\n\n\n\n<p>12. Technical solution of electric railway carriages of the Lgs-z series, November 2015.<\/p>\n\n\n\n<p><\/p>\n\n\n\n<p><\/p>\n\n\n\n<ul class=\"wp-block-list\">\n<li><i>Academic papers<\/i><\/li>\n<\/ul>\n\n\n\n<p>Kirin\u010di\u0107, Vedran; Lerga, Jonatan; Saulig, Nicoletta; Frankovi\u0107, Dubravko<br>\nImproved Power System State Estimator with Preprocessing Based on the Modified Intersection of Confidence Intervals. \/\/ Sustainable energy, grids and networks, 21 (2020), 100323, 10 doi:10.1016\/j.segan.2020.100323 (me\u0111unarodna recenzija, \u010dlanak, znanstveni)<br> <\/p>\n\n\n\n<p>Vlahini\u0107, Sa\u0161a; Frankovi\u0107, Dubravko; Komen, Vitomir; Antoni\u0107, Anamarija<br>\nReactive Power Compensation with PV Inverters for System Loss Reduction. \/\/ Energies, 12 (2019), 21; 4062, 17 doi:.org\/10.3390\/en12214062 (me\u0111unarodna recenzija, \u010dlanak, znanstveni)<br> <\/p>\n\n\n\n<p>Frankovi\u0107, Dubravko; Buli\u0107, Neven; Jakopli\u0107, Alen; Rosanda, Boris<br>\nReefer container power supply and supervision system onboard railway wagons. \/\/ International Scientific Journal Innovations \/ Damianov, Dimitar (ur.).<br>\nVarna, 2019. str. 66-69 (predavanje, me\u0111unarodna recenzija, cjeloviti rad (in extenso), znanstveni)<br> <\/p>\n\n\n\n<p>Jakoplic, Alen; Frankovic, Dubravko; Kirincic, Vedran; Plavsic, Tomislav<br>\nUsage of Cloud Tracking Solar Forecasting Methodology in Power System Operation. \/\/ The International Centre for Sustainable Development of Energy, Water and Environment Systems<br>\nDubrovnik, Hrvatska, 2019. 0209, 16. (https:\/\/www.bib.irb.hr\/1025768) (poster, me\u0111unarodna recenzija, cjeloviti rad (in extenso), ostalo)<br> <\/p>\n\n\n\n<p>Plav\u0161i\u0107, Tomislav; Valenti\u0107, Vladimir; Frankovi\u0107, Dubravko<br>\nHydro Pumped Storage Power Plants perspectives in SEERC Region. \/\/ Second South East European Regional CIGR\u00c9 Conference<br>\nKyiv, 2018. str. 1-9 (predavanje, me\u0111unarodna recenzija, cjeloviti rad (in extenso), znanstveni)<br> <\/p>\n\n\n\n<p>Jakopli\u0107, Alen; Frankovi\u0107, Dubravko; Kirin\u010di\u0107, Vedran; Sterpin, Ingrid<br>\nShort-term solar forecasting based on sky images to enable PV integration. \/\/ Proceedings of International Conference on Innovative Technologies 2018 \/ Car, Zlatan ; Kudla\u010dek, Jan (ur.).<br>\nZagreb, 2018. str. 165-167. (https:\/\/www.bib.irb.hr\/955616) (predavanje, me\u0111unarodna recenzija, cjeloviti rad (in extenso), znanstveni)<br> <\/p>\n\n\n\n<p>Jakopli\u0107, Alen; Frankovi\u0107, Dubravko; Kirin\u010di\u0107, Vedran; Havelka , Juraj<br>\nShort-term photovoltaic power forecasting using cloud tracking methods. \/\/ MEDPOWER2018 \/ Kuzle, Igor ; Holjevac, Ninoslav ; Capunder, Tomislav ; Pand\u017ei\u0107 , Hrvoje (ur.).<br>\nDubrovnik, 2018. str. 1-1. (https:\/\/www.bib.irb.hr\/968313) (predavanje, me\u0111unarodna recenzija, cjeloviti rad (in extenso), znanstveni)<br> <\/p>\n\n\n\n<p>Kirin\u010di\u0107, Vedran; Frankovi\u0107, Dubravko; Radulovi\u0107, Du\u0161ko; Jakopli\u0107, Alen<br>\nTowards a low-carbon island society by strong implementation of electromobility. \/\/ Proceedings of International Conference on Innovative Technologies 2018 \/ Car, Zlatan ; Kudla\u010dek, Jan (ur.).<br>\nZagreb, 2018. str. 169-172. (https:\/\/www.bib.irb.hr\/956946) (predavanje, me\u0111unarodna recenzija, cjeloviti rad (in extenso), znanstveni)<br> <\/p>\n\n\n\n<p>Frankovi\u0107, Dubravko; Rosanda, Boris; Jakopli\u0107, Alen; Kirin\u010di\u0107, Vedran<br>\nPower supply system for railway applications. \/\/ Proceedings of International Conference on Innovative Technologies 2018 \/ Car, Zlatan ; Kudla\u010dek, Jan (ur.).<br>\nZagreb, 2018. str. 161-164. (https:\/\/www.bib.irb.hr\/956872) (predavanje, me\u0111unarodna recenzija, cjeloviti rad (in extenso), znanstveni)<br> <\/p>\n\n\n\n<p>Vrbanek, Ivan; Frankovi\u0107, Dubravko; Kirin\u010di\u0107, Vedran; Sterpin, Ingrid<br>\nUtjecaj frekvencije diferencijalne struje i impedancije petlje kvara na pravovremeni isklop RCD ure\u0111aja. \/\/ 6. savjetovanje HO CIRED<br>\nOpatija, Hrvatska, 2018. str. 1-11 (predavanje, doma\u0107a recenzija, cjeloviti rad (in extenso), stru\u010dni)<br> <\/p>\n\n\n\n<p>Variola, Danijel; Kirin\u010di\u0107, Vedran; Frankovi\u0107, Dubravko; Prenc, Rene<br>\nModeliranje elektroenergetskog sustava otoka Krka. \/\/ 6. (12.) savjetovanje Hrvatskog ogranka Me\u0111unarodne elektrodistribucijske konferencije<br>\nOpatija, Hrvatska, 2018. str. 1-10 (predavanje, doma\u0107a recenzija, cjeloviti rad (in extenso), stru\u010dni)<br> <\/p>\n\n\n\n<p>Frankovi\u0107, Dubravko; Kirin\u010di\u0107, Vedran; Valenti\u0107, Vladimir<br>\nA Dual-axis Tracking Photovoltaic Power Plant as an Educational Tool. \/\/ International journal of electrical engineering education, 54 (2017), 3; 189-207 doi:10.1177\/0020720916673649 (me\u0111unarodna recenzija, \u010dlanak, znanstveni)<br> <\/p>\n\n\n\n<p>Pakasin, Goran; Komen, Vitomir; Frankovi\u0107, Dubravko<br>\nIntegracija GIS-a i alata za prora\u010dune distribucijskih mre\u017ea. \/\/ MIPRO 2017<br>\nOpatija, Hrvatska, 2017. str. 1639-1645 (predavanje, me\u0111unarodna recenzija, cjeloviti rad (in extenso), znanstveni)<\/p>\n\n\n\n<p><\/p>\n\n\n\n<p>Kazalac-Miljan, Damjan; Kirin\u010di\u0107, Vedran; Frankovi\u0107, Dubravko<br>\nModeliranje srednjenaponske distribucijske mre\u017ee grada Pore\u010da. \/\/ 10. Dani in\u017eenjera elektrotehnike<br>\nPula, Hrvatska, 2017. (poster, doma\u0107a recenzija, cjeloviti rad (in extenso), stru\u010dni)<br> <\/p>\n\n\n\n<p>Frankovi\u0107, Dubravko; Mara\u010di\u0107, Marko; Kirin\u010di\u0107, Vedran<br>\nInnovative approach to economic evaluation of artificial lighting systems in the design or redesign stage. \/\/ Proceedings of International Conference on Innovative Technologies 2016<br>\nPrag, \u010ce\u0161ka, 2016. str. 328-331 (predavanje, me\u0111unarodna recenzija, cjeloviti rad (in extenso), znanstveni)<\/p>\n\n\n\n<p><\/p>\n\n\n\n<p>Frankovi\u0107, Dubravko; Kirin\u010di\u0107, Vedran; Kazalac- Miljan, Damjan<br>\nPhotovoltaic Power Plant Riteh-1 \u2013 Lessons Learned. \/\/ Zbornik radova Me\u0111unarodnog kongresa Energija i okoli\u0161 2016 \/ Frankovi\u0107, Bernard (ur.). Rijeka : Hrvatski savez za sun\u010devu energiju, 2016.<br>\nOpatija, Hrvatska, 2016. (predavanje, me\u0111unarodna recenzija, cjeloviti rad (in extenso), stru\u010dni)<br> <\/p>\n\n\n\n<p>Prenc, Rene; \u0160krlec, Davor; \u017divi\u0107, Marijana<br>\nThe implementation of capital budgeting analysis for distributed generation allocation problems. \/\/ Electrical engineering, 97 (2015), 3; 225-238 doi:10.1007\/s00202-015-0330-9 (me\u0111unarodna recenzija, \u010dlanak, znanstveni)<\/p>\n\n\n\n<p><\/p>\n\n\n\n<p>Frankovi\u0107, Dubravko; \u0160estan, Marko; Karlovi\u0107, Davor<br>\nDual axis tracking system with PV panels as teaching tool. \/\/ Proceeding of the International Conference on Innovative Technologies \/ Car, Zlatan ; Kudla\u010dek, Jan ; Szalay, Tibor (ur.).<br>\nBudimpe\u0161ta: Tehni\u010dki fakultet, 2013. str. 349-352 (predavanje, me\u0111unarodna recenzija, cjeloviti rad (in extenso), znanstveni)<br> <\/p>\n\n\n\n<p>\u0160estan, Marko; Frankovi\u0107, Dubravko; Karlovi\u0107, Davor<br>\nNUMERICAL SIMULATION AND CONSTRUCTION OF A HYBRID PV\/T PANEL. \/\/ Proceeding of the International Conference on Innovative Technologies \/ Car, Zlatan ; Kudla\u010dek, Jan ; Szalay, Tibor (ur.). Budimpe\u0161ta: Tehni\u010dki fakultet, 2013. str. 353-356 (predavanje, me\u0111unarodna recenzija, cjeloviti rad (in extenso), znanstveni)<br> <\/p>\n\n\n\n<p>\u0160a\u0161a, Predrag; \u017divi\u0107 \u0110urovi\u0107, Marijana; Frankovi\u0107, Dubravko<br>\nSustavi upravljanja javnom rasvjetom. \/\/ Fueling the future: advances in science and technologies for energy generation transmission and storage \/ A. Mendez-Vilas (ur.).<br>\nBoca Raton: BrownWalker Press, 2012. str. 575-579. (https:\/\/www.bib.irb.hr\/654458) (predavanje, me\u0111unarodna recenzija, cjeloviti rad (in extenso), znanstveni)<\/p>\n\n\n\n<p><\/p>\n\n\n\n<p>Karneluti, Josip; Dori\u010di\u0107, Dinko; Tomai\u0107, Domagoj; Frankovi\u0107, Dubravko<br>\nOdr\u017eavanje sustava za za\u0161titu od munje u industrijskim elektroenergetskim postrojenjima. \/\/ Zbornik radova s 3. (9.) savjetovanja hrvatskog ogranka me\u0111unarodne elektrodistribucijske konferencije CIRED, Sveti Martin na Muri, 2012. \/ Tonkovi\u0107, Zdenko (ur.).<br>\nZagreb: Hrvatski ogranak me\u0111unarodne elektrodistribucijske konferencije, 2012. (predavanje, doma\u0107a recenzija, cjeloviti rad (in extenso), stru\u010dni)<br> <\/p>\n\n\n\n<p>Frankovi\u0107, Dubravko; \u017divi\u0107-\u0110urovi\u0107, Marijana; Sladi\u0107, Sa\u0161a<br>\nSome aspects of implementing grid-connected PV systems. \/\/ Engineering review : znanstveni \u010dasopis za nove tehnologije u strojarstvu, brodogradnji i elektrotehnici, 31 (2011), 2; 71-79 (me\u0111unarodna recenzija, \u010dlanak, znanstveni)<\/p>\n\n\n\n<p><\/p>\n\n\n\n<p>Frankovi\u0107, Dubravko; Maru\u0161i\u0107, Ante; \u0160unde, Viktor<br>\nNew method for MV distribution network\u2019s ground capacitance determination by DC current injection. \/\/ International Review of Electrical Engineering, 6 (2011), 1; 438-444 (me\u0111unarodna recenzija, \u010dlanak, znanstveni)<br> <\/p>\n\n\n\n<p>Frankovi\u0107, Dubravko; \u017dutobradi\u0107, Sr\u0111an; Bela\u0161i\u0107, Vibor<br>\nUtjecaj fotonaponskih sustava na distribucijsku mre\u017eu. \/\/ 10. savjetovanje HRO CIGR\u00c9<br>\nCavtat, Hrvatska, 2011. (predavanje, doma\u0107a recenzija, cjeloviti rad (in extenso), znanstveni)<br> <\/p>\n\n\n\n<p>Bela\u0161i\u0107, Vibor; Frankovi\u0107, Dubravko; \u0160imuni\u0107, Juraj<br>\nPrimjena IEC 61850 norme prilikom modeliranja informacijskog sustava distribuiranih izvora energije. \/\/ 10. savjetovanje HRO CIGR\u00c9<br>\nCavtat, Hrvatska, 2011. (predavanje, doma\u0107a recenzija, cjeloviti rad (in extenso), znanstveni)<br> <\/p>\n\n\n\n<p>Karneluti, Josip; Tomai\u0107, Domagoj; Hrelja, Nedeljko; Frankovi\u0107, Dubravko<br>\nPristup odr\u017eavanju sustava za za\u0161titu od munje u energetskim i procesnim postrojenjima. \/\/ Zbornik radova 9. me\u0111unarodno znanstveno-stru\u010dnog savjetovanja Energetska i procesna postrojenja \/ Ilja\u0161, Branko (ur.). Zagreb: Energetika marketing d.o.o., 2010. (predavanje, me\u0111unarodna recenzija, cjeloviti rad (in extenso), ostalo)<\/p>\n\n\n\n<p><\/p>\n","protected":false},"excerpt":{"rendered":"<p>LABORATORY FOR ELECTRIC SUBSTATIONS AND SECONDARY SYSTEMS &#8211; ROOM 1-36 Head: Postdoc. Alen Jakopli\u0107 @ alen.jakoplic@riteh.uniri.hr +385 51 651 430 (Int. 2430) Subjects: Electric Facilities, Electric Power Networks, Power Plants, Electric Power Systems, Transmission and Distribution of Electrical Energy, Electric Power Substation Design, High Voltage Engineering, Electrical Measurements Instrument for detection and analysis of partial [&hellip;]<\/p>\n","protected":false},"author":3,"featured_media":0,"parent":22426,"menu_order":0,"comment_status":"closed","ping_status":"closed","template":"","meta":{"_acf_changed":false,"inline_featured_image":false,"footnotes":""},"class_list":["post-22429","page","type-page","status-publish","hentry"],"acf":[],"_links":{"self":[{"href":"https:\/\/riteh.uniri.hr\/en\/wp-json\/wp\/v2\/pages\/22429","targetHints":{"allow":["GET"]}}],"collection":[{"href":"https:\/\/riteh.uniri.hr\/en\/wp-json\/wp\/v2\/pages"}],"about":[{"href":"https:\/\/riteh.uniri.hr\/en\/wp-json\/wp\/v2\/types\/page"}],"author":[{"embeddable":true,"href":"https:\/\/riteh.uniri.hr\/en\/wp-json\/wp\/v2\/users\/3"}],"replies":[{"embeddable":true,"href":"https:\/\/riteh.uniri.hr\/en\/wp-json\/wp\/v2\/comments?post=22429"}],"version-history":[{"count":2,"href":"https:\/\/riteh.uniri.hr\/en\/wp-json\/wp\/v2\/pages\/22429\/revisions"}],"predecessor-version":[{"id":44824,"href":"https:\/\/riteh.uniri.hr\/en\/wp-json\/wp\/v2\/pages\/22429\/revisions\/44824"}],"up":[{"embeddable":true,"href":"https:\/\/riteh.uniri.hr\/en\/wp-json\/wp\/v2\/pages\/22426"}],"wp:attachment":[{"href":"https:\/\/riteh.uniri.hr\/en\/wp-json\/wp\/v2\/media?parent=22429"}],"curies":[{"name":"wp","href":"https:\/\/api.w.org\/{rel}","templated":true}]}}