{"id":22426,"date":"2024-07-08T11:20:31","date_gmt":"2024-07-08T09:20:31","guid":{"rendered":"http:\/\/127.0.0.1:8080\/en\/organisation\/departments\/department-electric-power-systems\/"},"modified":"2025-10-21T15:00:00","modified_gmt":"2025-10-21T13:00:00","slug":"department-electric-power-systems","status":"publish","type":"page","link":"https:\/\/riteh.uniri.hr\/en\/organisation\/departments\/department-electric-power-systems\/","title":{"rendered":"Department of Electric Power Systems"},"content":{"rendered":"\n<h2 class=\"wp-block-heading\">Contact Information<\/h2>\n\n\n\n<p>Head <a href=\"\/en\/osoba\/vedran-kirincic\/\">Assoc. Prof. Vedran Kirin\u010di\u0107<\/a><br>Address <strong><a href=\"https:\/\/riteh.uniri.hr\/en\/organisation\/departments\/department-electric-power-systems\/\">Department of Electric Power Systems<\/a><\/strong> <br>Faculty of Engineering<br>Vukovarska 58<br>HR-51000 Rijeka<\/p>\n\n\n\n<p><strong>History<\/strong><\/p>\n\n\n\n<p>The Department of Electric Power Systems was set up at the beginning of the academic year 2005\/2006 after the Department of Electrical Engineering had been split into two departments. The activity of the Department for Electric Power Systems consists of scientific and teaching work in the major field of Engineering Sciences, the field of Electrical Engineering, the branch Electric Power System and Electromechanical-Engineering.<\/p>\n\n\n\n<p><strong>Research<\/strong><\/p>\n\n\n\n<p>The superior professional work of the Department is enhanced with numerous projects in collaboration with the economy. Thereby, collaboration with HEP distribution of Rijeka and HEP Transmission Opatija can be highlighted.<\/p>\n\n\n\n<p><strong>Projects<\/strong><\/p>\n\n\n\n<ol class=\"wp-block-list\">\n<li>\n<p>&#8220;Intelligent systems in the transmission electric power network&#8221;, SIPS, The National Foundation for Science, Higher Education and Technological Development of the Republic of Croatia, HEP Group, project leader: Sr\u0111an Skok, 2010.- 2013, research and scientific project.<\/p>\n<\/li>\n\n\n\n<li>\n<p>&#8220;Open market and new technologies in EPS process information system&#8221;, 069-0361557- 1615, Ministry of Science, Education and Sports of the Republic of Croatia, project leader: Juraj \u0160imuni\u0107, 2007.- 2012., research and scientific project.<\/p>\n<\/li>\n\n\n\n<li>\n<p>\u201cE-mobil \u2013 development of the electric vehicle\u201d; Sr\u0111an Skok, 2011-2013, student project. <\/p>\n<\/li>\n\n\n\n<li>\n<p>&#8220;Power transmission grid state estimation assisted by synchronized measurement technology&#8221;, project leader:  Assist. Vedran Kirin\u010di\u0107, dipl. ing., in collaboration with: The School of Electrical and Electronic Engineering, The University of Manchester, prof. dr. sc. Vladimira Terzije, Fakultet elektrotehnike i ra\u010dunarstva Sveu\u010dili\u0161ta u Zagrebu, HEP-OPS d.o.o., duration: March-June 2012<\/p>\n<\/li>\n\n\n\n<li>\n<p>Development of mathematical model, algorithms and calculations related to design and final architecture of WAM &#8211; Wide area monitoring system, Kon\u010dar-KET, Sr\u0111an Skok, 2010-2011, study.<\/p>\n<\/li>\n\n\n\n<li>\n<p>Testing of the DC system selectivity in HPP \u010cakovec and HPP Dubrava, HEP, Sr\u0111an Skok, 2011, study.<\/p>\n<\/li>\n\n\n\n<li>\n<p>Power system state estimation assisted by synchronized phasor measurements, Croatian science foundation, 03.01\/195, The University of Manchester, United Kingdom, Vedran Kirincic, March-June 2012, research and scientific project.<\/p>\n<\/li>\n\n\n\n<li>\n<p>Generator power oscillations analysis \u2013 measurement of the HPP Dubrava and HPP Cakovec voltage angle, HEP \u2013 Generation, Hydro power plants department, Hydro north, Varazdin, Sr\u0111an Skok, 2012, study.<\/p>\n<\/li>\n\n\n\n<li>\n<p>Technical documentation of the relay protection system settings in the plants of the transmission area, HEP \u2013 Transmission System Operator, Transmission Area Zagreb, Sr\u0111an Skok, 2012, study.<\/p>\n<\/li>\n\n\n\n<li>\n<p>Concept project of automatic control of the part of the transmission area Zagreb; HEP \u2013 Transmission System Operator, Transmission Area Zagreb; Sr\u0111an Skok, 2011- 2012, study.<\/p>\n<\/li>\n\n\n\n<li>\n<p>Development of central controller for monitoring and automatic control of the transmission power system &#8211; Transmission Area Rijeka based on synchronized phasor measurements; HEP \u2013 Transmission System Operator, Transmission Area Rijeka; Sr\u0111an Skok, 2011- 2012, study.<\/p>\n<\/li>\n\n\n\n<li>\n<p>&#8220;Wide Area Monitoring, Protection and Control of Power System in Deregulated and Liberalized Energy Market&#8221;, 0114-24\/110-2006, NZZ; HEP, project leader: Sr\u0111an Skok, year 2006-2009, science and research project.<\/p>\n<\/li>\n<\/ol>\n\n\n\n<p><strong>International collaboration<\/strong><\/p>\n\n\n\n<p>Austrian Center of Competence in Mechatronics GmbH, Linz, Austria<\/p>\n\n\n\n<p>Linz Center of Mechatronics GmbH, Linz, Austria<\/p>\n\n\n\n<p>Johannes Kepler Universit\u00e4t Linz, Institut f\u00fcr Elektrische Antriebe und Leistungselektronik, Linz, Austria<\/p>\n\n\n\n<p>ABB, Baden, Switzerland<\/p>\n\n\n\n<p>ABB Crane Systems, V\u00e4ster\u00e5s, Sweden<\/p>\n\n\n\n<p>Cedrat Group, Grenoble, France<\/p>\n\n\n\n<p>Imperial College, London, UK<\/p>\n\n\n\n<p>The Manchester University, Manchester, UK<\/p>\n\n\n\n<p>KEMA, Amsterdam, Netherlands<\/p>\n\n\n\n<p>North Carolina State University, Raleigh, USA<\/p>\n\n\n\n<p>Quanta Technology, Raleigh, USA<\/p>\n\n\n\n<p>Texas Instruments, Dallas, Texas, USA<\/p>\n\n\n\n<p>University of Sannio, Benevento, Italy<\/p>\n\n\n\n<p><strong>Teaching<\/strong><\/p>\n\n\n\n<p>The Fundamentals of Electrical Engineering is covered both at university and vocational studies, whereas the teaching program encompassing the production, transmission and electric power consumption, design and power plants protection, analysis of the electric power system and the market of the electric current is covered by the branch Electric Power Systems. The Electromechanical-Engineering branch covers the fields of electric engines and electromotor drives, their application in industry, transport and other economy fields.<\/p>\n\n\n\n<figure class=\"wp-block-image size-large\"><img fetchpriority=\"high\" decoding=\"async\" width=\"1024\" height=\"576\" src=\"https:\/\/riteh.uniri.hr\/wp-content\/uploads\/ZEE_26_IMG_20250926_110058-1024x576.jpg\" alt=\"\" class=\"wp-image-43598\" srcset=\"https:\/\/riteh.uniri.hr\/wp-content\/uploads\/ZEE_26_IMG_20250926_110058-1024x576.jpg 1024w, https:\/\/riteh.uniri.hr\/wp-content\/uploads\/ZEE_26_IMG_20250926_110058-400x225.jpg 400w, https:\/\/riteh.uniri.hr\/wp-content\/uploads\/ZEE_26_IMG_20250926_110058-768x432.jpg 768w, https:\/\/riteh.uniri.hr\/wp-content\/uploads\/ZEE_26_IMG_20250926_110058-1536x864.jpg 1536w, https:\/\/riteh.uniri.hr\/wp-content\/uploads\/ZEE_26_IMG_20250926_110058-2048x1152.jpg 2048w\" sizes=\"(max-width: 1024px) 100vw, 1024px\" \/><\/figure>\n\n\n\n<div class=\"wp-block-group is-layout-constrained wp-block-group-is-layout-constrained\">\n<hr class=\"wp-block-separator has-alpha-channel-opacity\"\/>\n\n\n\n<h2 class=\"wp-block-heading\">Members<\/h2>\n\n\n<ul class=\"members\"><li><a href=\"https:\/\/riteh.uniri.hr\/en\/osoba\/vedran-kirincic\/\"><img decoding=\"async\" src=\"https:\/\/riteh.uniri.hr\/wp-content\/uploads\/vedran-kirincic-150x150.jpg\" alt=\"Vedran Kirin\u010di\u0107\">izv. prof. dr. sc. Vedran Kirin\u010di\u0107 <\/a><\/li><li><a href=\"https:\/\/riteh.uniri.hr\/en\/osoba\/alfredo-viskovic\/\"><img decoding=\"async\" src=\"https:\/\/riteh.uniri.hr\/wp-content\/uploads\/alfredo-viskovic-150x150.jpg\" alt=\"Alfredo Vi\u0161kovi\u0107\">prof. dr. sc. Alfredo Vi\u0161kovi\u0107 <\/a><\/li><li><a href=\"https:\/\/riteh.uniri.hr\/en\/osoba\/dubravko-frankovic\/\"><img decoding=\"async\" src=\"https:\/\/riteh.uniri.hr\/wp-content\/uploads\/dubravko-frankovic-150x150.jpg\" alt=\"Dubravko Frankovi\u0107\">prof. dr. sc. Dubravko Frankovi\u0107 <\/a><\/li><li><a href=\"https:\/\/riteh.uniri.hr\/en\/osoba\/nino-stojkovic\/\"><img decoding=\"async\" src=\"https:\/\/riteh.uniri.hr\/wp-content\/uploads\/nino-stojkovic-150x150.jpg\" alt=\"Nino Stojkovi\u0107\">prof. dr. sc. Nino Stojkovi\u0107 <\/a><\/li><li><a href=\"https:\/\/riteh.uniri.hr\/en\/osoba\/rene-prenc\/\"><img decoding=\"async\" src=\"https:\/\/riteh.uniri.hr\/wp-content\/uploads\/rene-prenc-150x150.jpg\" alt=\"Rene Prenc\">izv. prof. dr. sc. Rene Prenc <\/a><\/li><li><a href=\"https:\/\/riteh.uniri.hr\/en\/osoba\/vladimir-franki\/\"><img decoding=\"async\" src=\"https:\/\/riteh.uniri.hr\/wp-content\/uploads\/vladimir-franki-150x150.jpg\" alt=\"Vladimir Franki\">doc. dr. sc. Vladimir Franki <\/a><\/li><li><a href=\"https:\/\/riteh.uniri.hr\/en\/osoba\/branka-dobras\/\"><img decoding=\"async\" src=\"https:\/\/riteh.uniri.hr\/wp-content\/uploads\/branka-dobras-150x150.jpg\" alt=\"Branka Dobra\u0161\">mr. sc. Branka Dobra\u0161 v. pred.<\/a><\/li><li><a href=\"https:\/\/riteh.uniri.hr\/en\/osoba\/vladimir-valentic\/\"><img decoding=\"async\" src=\"https:\/\/riteh.uniri.hr\/wp-content\/uploads\/Vladimir-Valentic-4-150x150.jpg\" alt=\"Vladimir Valenti\u0107\">doc. dr. sc. Vladimir Valenti\u0107 <\/a><\/li><li><a href=\"https:\/\/riteh.uniri.hr\/en\/osoba\/marijana-zivic-durovic\/\"><img decoding=\"async\" src=\"https:\/\/riteh.uniri.hr\/wp-content\/uploads\/marijana-zivic-durovic-150x150.jpg\" alt=\"Marijana \u017divi\u0107-\u0110urovi\u0107\">mr. sc. Marijana \u017divi\u0107-\u0110urovi\u0107 v. pred.<\/a><\/li><li><a href=\"https:\/\/riteh.uniri.hr\/en\/osoba\/alen-jakoplic\/\"><img decoding=\"async\" src=\"https:\/\/riteh.uniri.hr\/wp-content\/uploads\/alen-jakoplic-150x150.jpg\" alt=\"Alen Jakopli\u0107\">v. asist. dr. sc. Alen Jakopli\u0107 <\/a><\/li><li><a href=\"https:\/\/riteh.uniri.hr\/en\/osoba\/zoran-sverko\/\"><img decoding=\"async\" src=\"https:\/\/riteh.uniri.hr\/wp-content\/uploads\/Zoran-Sverko-slika-150x150.jpg\" alt=\"Zoran \u0160verko\">v. asist. dr. sc. Zoran \u0160verko <\/a><\/li><li><a href=\"https:\/\/riteh.uniri.hr\/en\/osoba\/luka-calcich\/\"><img decoding=\"async\" src=\"https:\/\/riteh.uniri.hr\/wp-content\/uploads\/luka-calcich-150x150.jpg\" alt=\"Luka Calcich\">asist. Luka Calcich <\/a><\/li><li><a href=\"https:\/\/riteh.uniri.hr\/en\/osoba\/mathaus-hasan\/\"><img decoding=\"async\" src=\"https:\/\/riteh.uniri.hr\/wp-content\/uploads\/Mathaus-Hasan-1-150x150.jpg\" alt=\"Mathaus Hasan\">asist. Mathaus Hasan <\/a><\/li><li><a href=\"https:\/\/riteh.uniri.hr\/en\/osoba\/patricija-vukic\/\"><img decoding=\"async\" src=\"https:\/\/riteh.uniri.hr\/wp-content\/uploads\/patricija-vukic-150x150.jpg\" alt=\"Patricija Vuki\u0107\"> Patricija Vuki\u0107 <\/a><\/li><\/ul>\n<\/div>\n\n\n\n<div class=\"wp-block-group is-layout-constrained wp-block-group-is-layout-constrained\">\n<hr class=\"wp-block-separator has-alpha-channel-opacity\"\/>\n\n\n\n<h2 class=\"wp-block-heading\">Sections and Laboratories<\/h2>\n<\/div>\n","protected":false},"excerpt":{"rendered":"<p>Contact Information Head Assoc. Prof. Vedran Kirin\u010di\u0107Address Department of Electric Power Systems Faculty of EngineeringVukovarska 58HR-51000 Rijeka History The Department of Electric Power Systems was set up at the beginning of the academic year 2005\/2006 after the Department of Electrical Engineering had been split into two departments. The activity of the Department for Electric Power [&hellip;]<\/p>\n","protected":false},"author":3,"featured_media":0,"parent":22419,"menu_order":0,"comment_status":"closed","ping_status":"closed","template":"","meta":{"_acf_changed":false,"inline_featured_image":false,"footnotes":""},"class_list":["post-22426","page","type-page","status-publish","hentry"],"acf":[],"_links":{"self":[{"href":"https:\/\/riteh.uniri.hr\/en\/wp-json\/wp\/v2\/pages\/22426","targetHints":{"allow":["GET"]}}],"collection":[{"href":"https:\/\/riteh.uniri.hr\/en\/wp-json\/wp\/v2\/pages"}],"about":[{"href":"https:\/\/riteh.uniri.hr\/en\/wp-json\/wp\/v2\/types\/page"}],"author":[{"embeddable":true,"href":"https:\/\/riteh.uniri.hr\/en\/wp-json\/wp\/v2\/users\/3"}],"replies":[{"embeddable":true,"href":"https:\/\/riteh.uniri.hr\/en\/wp-json\/wp\/v2\/comments?post=22426"}],"version-history":[{"count":11,"href":"https:\/\/riteh.uniri.hr\/en\/wp-json\/wp\/v2\/pages\/22426\/revisions"}],"predecessor-version":[{"id":44921,"href":"https:\/\/riteh.uniri.hr\/en\/wp-json\/wp\/v2\/pages\/22426\/revisions\/44921"}],"up":[{"embeddable":true,"href":"https:\/\/riteh.uniri.hr\/en\/wp-json\/wp\/v2\/pages\/22419"}],"wp:attachment":[{"href":"https:\/\/riteh.uniri.hr\/en\/wp-json\/wp\/v2\/media?parent=22426"}],"curies":[{"name":"wp","href":"https:\/\/api.w.org\/{rel}","templated":true}]}}