{"id":22420,"date":"2024-07-08T11:20:43","date_gmt":"2024-07-08T09:20:43","guid":{"rendered":"http:\/\/127.0.0.1:8080\/en\/organisation\/departments\/department-computer-engineering\/"},"modified":"2025-10-22T15:06:23","modified_gmt":"2025-10-22T13:06:23","slug":"department-computer-engineering","status":"publish","type":"page","link":"https:\/\/riteh.uniri.hr\/en\/organisation\/departments\/department-computer-engineering\/","title":{"rendered":"Department of Computer Engineering"},"content":{"rendered":"\n<h2 class=\"wp-block-heading\">Contact Information<\/h2>\n\n\n\n<p>Head <a href=\"\/en\/osoba\/goran-mausa\">Prof. Goran Mau\u0161a<\/a><br>Address <strong><a href=\"https:\/\/riteh.uniri.hr\/en\/organisation\/departments\/department-computer-engineering\/\">Department of Computer Engineering <\/a><\/strong> <br>Faculty of Engineering<br>Vukovarska 58<br>HR-51000 Rijeka<\/p>\n\n\n\n<p>The Department of Computer Engineering was founded in Fall 2008, as a support to a newly accredited program of computer engineering at our school, starting in the academic year 2008\/2009. The Department comprises the fields of computer- and communications- engineering, which follows the current trend in the world, of mutual convergence and interleaving of these two crucial technologies of the today.<\/p>\n\n\n\n<p>The field of computer engineering at our department currently includes development of artificial intelligence and algorithms for human-machine interaction, algorithms for e-learning and m-learning, and the work on digital processing of speech and image. We also carry out research in software engineering applied to the medical field as well as development of methods to test new software. Our labs for applications of information technologies are utilized for education of our students and training of working professionals in the context of their life-long learning.<\/p>\n\n\n\n<p>The other part of the Department carries out work in the field of radio-, optical-, or acoustical- communication systems. Our work is directed towards education of students and research of components, systems, technologies, or protocols for wireless communications, especially mobile, effects of electromagnetic (EM) radiation, and applications of electromagnetics in telemedicine. Specific activities include analysis and design of antennas, development of algorithms, computer simulations of EM radiation and microwave components.<\/p>\n\n\n\n<p>Members of the Department participate in scientific and technological projects, which results in their successive participation at international conferences and publishing in journals.<\/p>\n\n\n\n<figure class=\"wp-block-image size-large\"><img fetchpriority=\"high\" decoding=\"async\" width=\"1024\" height=\"576\" src=\"https:\/\/riteh.uniri.hr\/wp-content\/uploads\/ZR_IMG_20251020_110322-1024x576.jpg\" alt=\"\" class=\"wp-image-44831\" srcset=\"https:\/\/riteh.uniri.hr\/wp-content\/uploads\/ZR_IMG_20251020_110322-1024x576.jpg 1024w, https:\/\/riteh.uniri.hr\/wp-content\/uploads\/ZR_IMG_20251020_110322-400x225.jpg 400w, https:\/\/riteh.uniri.hr\/wp-content\/uploads\/ZR_IMG_20251020_110322-768x432.jpg 768w, https:\/\/riteh.uniri.hr\/wp-content\/uploads\/ZR_IMG_20251020_110322-1536x864.jpg 1536w, https:\/\/riteh.uniri.hr\/wp-content\/uploads\/ZR_IMG_20251020_110322-2048x1152.jpg 2048w\" sizes=\"(max-width: 1024px) 100vw, 1024px\" \/><\/figure>\n\n\n\n<div class=\"wp-block-group is-layout-constrained wp-block-group-is-layout-constrained\">\n<hr class=\"wp-block-separator has-alpha-channel-opacity\"\/>\n\n\n\n<h2 class=\"wp-block-heading\">Members<\/h2>\n\n\n<ul class=\"members\"><li><a href=\"https:\/\/riteh.uniri.hr\/en\/osoba\/goran-mausa\/\"><img decoding=\"async\" src=\"https:\/\/riteh.uniri.hr\/wp-content\/uploads\/GORAN-MAUSA-1-150x150.jpg\" alt=\"Goran Mau\u0161a\">prof. dr. sc. Goran Mau\u0161a <\/a><\/li><li><a href=\"https:\/\/riteh.uniri.hr\/en\/osoba\/jonatan-lerga\/\"><img decoding=\"async\" src=\"https:\/\/riteh.uniri.hr\/wp-content\/uploads\/Jonatan-Lerga-DSC_9681-Edit_pozadina-cropped-150x150.png\" alt=\"Jonatan Lerga\">prof. dr. sc. Jonatan Lerga <\/a><\/li><li><a href=\"https:\/\/riteh.uniri.hr\/en\/osoba\/ivo-ipsic\/\"><img decoding=\"async\" src=\"https:\/\/riteh.uniri.hr\/wp-content\/uploads\/ivo-ipsic-150x150.jpg\" alt=\"Ivo Ip\u0161i\u0107\">prof. dr. sc. Ivo Ip\u0161i\u0107 <\/a><\/li><li><a href=\"https:\/\/riteh.uniri.hr\/en\/osoba\/miroslav-joler\/\"><img decoding=\"async\" src=\"https:\/\/riteh.uniri.hr\/wp-content\/uploads\/miroslav-joler-150x150.jpg\" alt=\"Miroslav Joler\">prof. dr. sc. Miroslav Joler <\/a><\/li><li><a href=\"https:\/\/riteh.uniri.hr\/en\/osoba\/kristijan-lenac\/\"><img decoding=\"async\" src=\"https:\/\/riteh.uniri.hr\/wp-content\/uploads\/kristijan-lenac-150x150.jpg\" alt=\"Kristijan Lenac\">prof. dr. sc. Kristijan Lenac <\/a><\/li><li><a href=\"https:\/\/riteh.uniri.hr\/en\/osoba\/sandi-ljubic\/\"><img decoding=\"async\" src=\"https:\/\/riteh.uniri.hr\/wp-content\/uploads\/sandi-ljubic-150x150.jpg\" alt=\"Sandi Ljubi\u0107\">prof. dr. sc. Sandi Ljubi\u0107 <\/a><\/li><li><a href=\"https:\/\/riteh.uniri.hr\/en\/osoba\/ivan-stajduhar\/\"><img decoding=\"async\" src=\"https:\/\/riteh.uniri.hr\/wp-content\/uploads\/ivan-stajduhar-1-150x150.jpg\" alt=\"Ivan \u0160tajduhar\">prof. dr. sc. Ivan \u0160tajduhar <\/a><\/li><li><a href=\"https:\/\/riteh.uniri.hr\/en\/osoba\/nikola-andelic\/\"><img decoding=\"async\" src=\"https:\/\/riteh.uniri.hr\/wp-content\/uploads\/nikola-anelic-150x150.jpg\" alt=\"Nikola An\u0111eli\u0107\">doc. dr. sc. Nikola An\u0111eli\u0107 <\/a><\/li><li><a href=\"https:\/\/riteh.uniri.hr\/en\/osoba\/mladen-tomic\/\"><img decoding=\"async\" src=\"https:\/\/riteh.uniri.hr\/wp-content\/uploads\/mladen-tomic-150x150.jpg\" alt=\"Mladen Tomi\u0107\">prof. dr. sc. Mladen Tomi\u0107 <\/a><\/li><li><a href=\"https:\/\/riteh.uniri.hr\/en\/osoba\/luka-batistic\/\"><img decoding=\"async\" src=\"https:\/\/riteh.uniri.hr\/wp-content\/uploads\/luka-batistic-1-150x150.jpg\" alt=\"Luka Batisti\u0107\">v. asist. dr. sc. Luka Batisti\u0107 <\/a><\/li><li><a href=\"https:\/\/riteh.uniri.hr\/en\/osoba\/franko-hrzic\/\"><img decoding=\"async\" src=\"https:\/\/riteh.uniri.hr\/wp-content\/uploads\/franko-hrzic-150x150.jpg\" alt=\"Franko Hr\u017ei\u0107\">v. asist. dr. sc. Franko Hr\u017ei\u0107 <\/a><\/li><li><a href=\"https:\/\/riteh.uniri.hr\/en\/osoba\/ana-vrankovic-lackovic\/\"><img decoding=\"async\" src=\"https:\/\/riteh.uniri.hr\/wp-content\/uploads\/ana-vrankovic-150x150.jpg\" alt=\"Ana Vrankovi\u0107 Lackovi\u0107\">v. asist. dr. sc. Ana Vrankovi\u0107 Lackovi\u0107 <\/a><\/li><li><a href=\"https:\/\/riteh.uniri.hr\/en\/osoba\/marina-banov\/\"><img decoding=\"async\" src=\"https:\/\/riteh.uniri.hr\/wp-content\/uploads\/marina-banov-150x150.jpg\" alt=\"Marina Banov\">asist. Marina Banov <\/a><\/li><li><a href=\"https:\/\/riteh.uniri.hr\/en\/osoba\/anna-maria-mihel\/\"><img decoding=\"async\" src=\"https:\/\/riteh.uniri.hr\/wp-content\/uploads\/Anna-Maria-Mihel-DSC_9808-150x150.png\" alt=\"Anna Maria Mihel\">v. asist. dr. sc. Anna Maria Mihel <\/a><\/li><li><a href=\"https:\/\/riteh.uniri.hr\/en\/osoba\/mateo-mikulic\/\"><img decoding=\"async\" src=\"https:\/\/riteh.uniri.hr\/wp-content\/uploads\/mateo-mikulic-150x150.jpg\" alt=\"Mateo Mikuli\u0107\">asist. Mateo Mikuli\u0107 <\/a><\/li><li><a href=\"https:\/\/riteh.uniri.hr\/en\/osoba\/mateja-napravnik\/\"><img decoding=\"async\" src=\"https:\/\/riteh.uniri.hr\/wp-content\/uploads\/mateja-napravnik-150x150.jpg\" alt=\"Mateja Napravnik\">v. asist. dr. sc. Mateja Napravnik <\/a><\/li><li><a href=\"https:\/\/riteh.uniri.hr\/en\/osoba\/marko-njirjak\/\"><img decoding=\"async\" src=\"https:\/\/riteh.uniri.hr\/wp-content\/uploads\/marko-njirjak-150x150.jpg\" alt=\"Marko Njirjak\">asist. Marko Njirjak <\/a><\/li><li><a href=\"https:\/\/riteh.uniri.hr\/en\/osoba\/dominik-vicevic\/\"><img decoding=\"async\" src=\"https:\/\/riteh.uniri.hr\/wp-content\/uploads\/dominik-vicevic-150x150.jpg\" alt=\"Dominik Vi\u010devi\u0107\">asist. Dominik Vi\u010devi\u0107 <\/a><\/li><li><a href=\"https:\/\/riteh.uniri.hr\/en\/osoba\/lucija-zuzic\/\"><img decoding=\"async\" src=\"https:\/\/riteh.uniri.hr\/wp-content\/uploads\/lucija-zuzic-150x150.jpg\" alt=\"Lucija \u017du\u017ei\u0107\">asist. Lucija \u017du\u017ei\u0107 <\/a><\/li><li><a href=\"https:\/\/riteh.uniri.hr\/en\/osoba\/boris-gasparovic\/\"><img decoding=\"async\" src=\"https:\/\/riteh.uniri.hr\/wp-content\/uploads\/boris-gasparovic-150x150.jpg\" alt=\"Boris Ga\u0161parovi\u0107\">asist. Boris Ga\u0161parovi\u0107 <\/a><\/li><li><a href=\"https:\/\/riteh.uniri.hr\/en\/osoba\/maria-krajci\/\"><img decoding=\"async\" src=\"https:\/\/riteh.uniri.hr\/wp-content\/uploads\/Maria-Krajci-150x150.jpg\" alt=\"M\u00e1ria Kraj\u010d\u00ed\"> M\u00e1ria Kraj\u010d\u00ed univ. mag. ing. comp.<\/a><\/li><li><a href=\"https:\/\/riteh.uniri.hr\/en\/osoba\/luka-ilijanic\/\"><img decoding=\"async\" src=\"https:\/\/riteh.uniri.hr\/wp-content\/uploads\/Luka_Ilijanic-1-150x150.jpg\" alt=\"Luka Ilijani\u0107\"> Luka Ilijani\u0107 univ. mag. ing. el.<\/a><\/li><li><a href=\"https:\/\/riteh.uniri.hr\/en\/osoba\/matko-glucina\/\"><img decoding=\"async\" src=\"https:\/\/riteh.uniri.hr\/wp-content\/uploads\/Matko-Glucina-150x150.jpg\" alt=\"Matko Glu\u010dina\">asist. Matko Glu\u010dina <\/a><\/li><li><a href=\"https:\/\/riteh.uniri.hr\/en\/osoba\/darijan-jelusic\/\"><img decoding=\"async\" src=\"https:\/\/riteh.uniri.hr\/wp-content\/uploads\/darijan-jelusic-150x150.jpg\" alt=\"Darijan Jelu\u0161i\u0107\">asist. Darijan Jelu\u0161i\u0107 <\/a><\/li><li><a href=\"https:\/\/riteh.uniri.hr\/en\/osoba\/marko-kozlov\/\"><img decoding=\"async\" src=\"https:\/\/riteh.uniri.hr\/wp-content\/uploads\/Marko_Kozlov_slika-150x150.jpg\" alt=\"Marko Kozlov\"> Marko Kozlov univ. mag. ing. comp.<\/a><\/li><li><a href=\"https:\/\/riteh.uniri.hr\/en\/osoba\/lovorka-malinic\/\"><img decoding=\"async\" src=\"https:\/\/riteh.uniri.hr\/wp-content\/uploads\/lovorka-malinic-150x150.jpg\" alt=\"Lovorka Malini\u0107\"> Lovorka Malini\u0107 <\/a><\/li><\/ul>\n<\/div>\n\n\n\n<div class=\"wp-block-group is-layout-constrained wp-block-group-is-layout-constrained\">\n<hr class=\"wp-block-separator has-alpha-channel-opacity\"\/>\n\n\n\n<h2 class=\"wp-block-heading\">Sections and Laboratories<\/h2>\n<\/div>\n","protected":false},"excerpt":{"rendered":"<p>Contact Information Head Prof. Goran Mau\u0161aAddress Department of Computer Engineering Faculty of EngineeringVukovarska 58HR-51000 Rijeka The Department of Computer Engineering was founded in Fall 2008, as a support to a newly accredited program of computer engineering at our school, starting in the academic year 2008\/2009. The Department comprises the fields of computer- and communications- engineering, [&hellip;]<\/p>\n","protected":false},"author":3,"featured_media":0,"parent":22419,"menu_order":0,"comment_status":"closed","ping_status":"closed","template":"","meta":{"_acf_changed":false,"inline_featured_image":false,"footnotes":""},"class_list":["post-22420","page","type-page","status-publish","hentry"],"acf":[],"_links":{"self":[{"href":"https:\/\/riteh.uniri.hr\/en\/wp-json\/wp\/v2\/pages\/22420","targetHints":{"allow":["GET"]}}],"collection":[{"href":"https:\/\/riteh.uniri.hr\/en\/wp-json\/wp\/v2\/pages"}],"about":[{"href":"https:\/\/riteh.uniri.hr\/en\/wp-json\/wp\/v2\/types\/page"}],"author":[{"embeddable":true,"href":"https:\/\/riteh.uniri.hr\/en\/wp-json\/wp\/v2\/users\/3"}],"replies":[{"embeddable":true,"href":"https:\/\/riteh.uniri.hr\/en\/wp-json\/wp\/v2\/comments?post=22420"}],"version-history":[{"count":21,"href":"https:\/\/riteh.uniri.hr\/en\/wp-json\/wp\/v2\/pages\/22420\/revisions"}],"predecessor-version":[{"id":45040,"href":"https:\/\/riteh.uniri.hr\/en\/wp-json\/wp\/v2\/pages\/22420\/revisions\/45040"}],"up":[{"embeddable":true,"href":"https:\/\/riteh.uniri.hr\/en\/wp-json\/wp\/v2\/pages\/22419"}],"wp:attachment":[{"href":"https:\/\/riteh.uniri.hr\/en\/wp-json\/wp\/v2\/media?parent=22420"}],"curies":[{"name":"wp","href":"https:\/\/api.w.org\/{rel}","templated":true}]}}