{"id":22417,"date":"2024-07-08T11:19:55","date_gmt":"2024-07-08T09:19:55","guid":{"rendered":"http:\/\/127.0.0.1:8080\/en\/organisation\/computer-centre\/"},"modified":"2025-11-12T08:21:17","modified_gmt":"2025-11-12T07:21:17","slug":"computer-centre","status":"publish","type":"page","link":"https:\/\/riteh.uniri.hr\/en\/organisation\/computer-centre\/","title":{"rendered":"IT Support Office"},"content":{"rendered":"\n<h2 class=\"wp-block-heading\">Contact Information<\/h2>\n\n\n\n<p>Head <a href=\"\/en\/osoba\/domagoj-crljenko\">Domagoj Crljenko, M.Eng.<\/a><\/p>\n\n\n\n<p>Address <a href=\"https:\/\/riteh.uniri.hr\/en\/organisation\/computer-centre\/\">IT SUPPORT OFFICE<\/a> <br>Faculty of Engineering<br>Vukovarska 58<br>HR-51000 Rijeka<\/p>\n\n\n\n<p>The main activity of the Computer Centre is the administration of the local computer network, the acquisition and maintenance of new program tools and user applications, i.e. servicing of the informatics infrastructure at the Faculty.<\/p>\n\n\n\n<p>Within the Computer Centre there are computer cabinets with networked computers which are used above all for holding lessons and specialized computer courses.<\/p>\n\n\n\n<div class=\"wp-block-group is-layout-constrained wp-block-group-is-layout-constrained\">\n<hr class=\"wp-block-separator has-alpha-channel-opacity\"\/>\n\n\n\n<h2 class=\"wp-block-heading\">Members<\/h2>\n\n\n\n<ul class=\"members\"> <li><a href=\"\/en\/osoba\/domagoj-crljenko\"> <img decoding=\"async\" alt=\"person.image.file.alt\" src=\"\/media\/filer_public_thumbnails\/filer_public\/a0\/a3\/a0a345ad-a213-4fb7-b881-ec824871c269\/141-domagoj_crljenko.jpg__48x48_q92_crop_subsampling-2_upscale.jpg\"\/>\nDomagoj Crljenko, M.Eng.<\/a> <\/li> <li><a href=\"\/en\/osoba\/damir-koscic\"> <img decoding=\"async\" alt=\"person.image.file.alt\" src=\"\/media\/filer_public_thumbnails\/filer_public\/c3\/ad\/c3ad427f-4769-480b-bdca-d072e4775c5d\/img_1229.jpg__48x48_q92_crop_subsampling-2_upscale.jpg\"\/>\nDamir Ko\u0161\u010di\u0107, M.Eng.<\/a> <\/li> <li><a href=\"\/en\/osoba\/sinisa-vukotic\"> <img decoding=\"async\" alt=\"person.image.file.alt\" src=\"\/media\/filer_public_thumbnails\/filer_public\/df\/74\/df74bb76-97de-4497-b42f-a881f51e3fd0\/139-sinisa_vukotic.jpg__48x48_q92_crop_subsampling-2_upscale.jpg\"\/>\nSini\u0161a Vukoti\u0107<\/a> <\/li> <\/ul>\n\n\n\n<p><\/p>\n<\/div>\n","protected":false},"excerpt":{"rendered":"<p>Contact Information Head Domagoj Crljenko, M.Eng. Address IT SUPPORT OFFICE Faculty of EngineeringVukovarska 58HR-51000 Rijeka The main activity of the Computer Centre is the administration of the local computer network, the acquisition and maintenance of new program tools and user applications, i.e. servicing of the informatics infrastructure at the Faculty. Within the Computer Centre there [&hellip;]<\/p>\n","protected":false},"author":3,"featured_media":0,"parent":22416,"menu_order":0,"comment_status":"closed","ping_status":"closed","template":"","meta":{"_acf_changed":false,"inline_featured_image":false,"footnotes":""},"class_list":["post-22417","page","type-page","status-publish","hentry"],"acf":[],"_links":{"self":[{"href":"https:\/\/riteh.uniri.hr\/en\/wp-json\/wp\/v2\/pages\/22417","targetHints":{"allow":["GET"]}}],"collection":[{"href":"https:\/\/riteh.uniri.hr\/en\/wp-json\/wp\/v2\/pages"}],"about":[{"href":"https:\/\/riteh.uniri.hr\/en\/wp-json\/wp\/v2\/types\/page"}],"author":[{"embeddable":true,"href":"https:\/\/riteh.uniri.hr\/en\/wp-json\/wp\/v2\/users\/3"}],"replies":[{"embeddable":true,"href":"https:\/\/riteh.uniri.hr\/en\/wp-json\/wp\/v2\/comments?post=22417"}],"version-history":[{"count":9,"href":"https:\/\/riteh.uniri.hr\/en\/wp-json\/wp\/v2\/pages\/22417\/revisions"}],"predecessor-version":[{"id":46382,"href":"https:\/\/riteh.uniri.hr\/en\/wp-json\/wp\/v2\/pages\/22417\/revisions\/46382"}],"up":[{"embeddable":true,"href":"https:\/\/riteh.uniri.hr\/en\/wp-json\/wp\/v2\/pages\/22416"}],"wp:attachment":[{"href":"https:\/\/riteh.uniri.hr\/en\/wp-json\/wp\/v2\/media?parent=22417"}],"curies":[{"name":"wp","href":"https:\/\/api.w.org\/{rel}","templated":true}]}}