{"id":22396,"date":"2024-07-08T11:19:00","date_gmt":"2024-07-08T09:19:00","guid":{"rendered":"http:\/\/127.0.0.1:8080\/en\/about\/collaboration\/collaboration-economy\/"},"modified":"2024-09-18T07:52:56","modified_gmt":"2024-09-18T07:52:56","slug":"collaboration-economy","status":"publish","type":"page","link":"https:\/\/riteh.uniri.hr\/en\/about\/collaboration\/collaboration-economy\/","title":{"rendered":"Collaboration with the Economy"},"content":{"rendered":"\n\n\n<p>A great part of activities at the Faculty is conducted through the cooperation with the economy and other institutions in surroundings. Such collaboration enables the flow of information, acquired knowledge and approved experiences in both directions. The continuous improvement of such synergetic actions presents one of the main designations on which the development of the Faculty is based.<br\/>\nThe most important Faculty\u2019s partners from this field are:<br\/> <a href=\"http:\/\/www.5e-rijeka.hr\/\">5E d. o. o., Rijeka<\/a><br\/> <a href=\"http:\/\/aitac.nl\/\">AITAC d.o.o. iz Kastva<\/a><br\/> <a href=\"http:\/\/www.amf.hr\/\">AMF IN\u017dENJERING d.o.o., Opatija <\/a><br\/> <a href=\"http:\/\/www.abb.hr\/\">ABB d.o.o. iz Zagreba<\/a> <br\/> <a href=\"www.abb.com\/cranes\">ABB AB Crane Systems, Vasteras (\u0160vedska) <\/a><br\/> <a href=\"http:\/\/www.ascr.hr\/\">AUTOSERVISNI CLUSTER RIJEKA, Rijeka<\/a><br\/> <a href=\"http:\/\/www.alpron.hr\/\">ALPRON, Jurdani <\/a><br\/> <a href=\"http:\/\/www.aibs-lab.com\/\">AIBS lab S.r.l., Trieste (Italia)<\/a><br\/> <a href=\"http:\/\/www.hrbi.hr\/\">BRODARSKI INSTITUT d.o.o., Zagreb<\/a><br\/> <a href=\"http:\/\/www.3maj.hr\/\">Brodogradili\u0161te \u201e3. MAJ\u201c<\/a><br\/> <a href=\"http:\/\/www.uljanik.hr\/\">Brodogradili\u0161te \u201eUljanik\u201c<\/a><br\/> <a href=\"http:\/\/www.brodotrogir.hr\/\">Brodotrogir d.d. iz Trogira <\/a><br\/> <a href=\"http:\/\/www.brodosplit.hr\/\">Brodosplit d.d. iz Splita<\/a><br\/> <a href=\"http:\/\/www.cimos.eu\/\">CIMOS<\/a><br\/> <a href=\"http:\/\/www.dina.hr\/\">DINA<\/a><br\/> <a href=\"http:\/\/elcon-geretebau.eu\/hr\/\">ELCON GERAETEBAU d.o.o. iz Rijeke<\/a><br\/> <a href=\"http:\/\/www.elis.hr\/\">ELIS-IN\u017dENJERING d.o.o., Rijeka<\/a><br\/> <a href=\"http:\/\/www.energo.hr\/\">ENERGO<\/a><br\/> <a href=\"http:\/\/www.esapi.hr\/\">ESAPI d.o.o., Zagreb<\/a><br\/> <a href=\"http:\/\/www.hep.hr\/\">HEP<\/a><br\/> <a href=\"http:\/\/www.voda.hr\/\">Hrvatske vode<\/a><br\/> <a href=\"www.hurkt.hr\/\">Hrvatska udruga za rashladnu, klima tehniku i dizalice topline (HURKT), Zagreb<\/a><br\/> <a href=\"http:\/\/www.irb.hr\/\">INSTITUT RU\u0110ER BO\u0160KOVI\u0106, Zagreb<\/a><br\/> <a href=\"http:\/\/www.in-tech-centar.hr\/\">IN TECH CENTAR d.o.o., Opatija<\/a><br\/> <a href=\"http:\/\/www.ina.hr\/\">INA<\/a><br\/> <a href=\"http:\/\/www.igh.hr\/\">IGH<\/a><br\/> <a href=\"http:\/\/www.jadrolinija.hr\/\">Jadrolinija, dru\u0161tvo za linijski pomorski prijevoz putnika i tereta iz Rijeke<\/a><br\/> <a href=\"http:\/\/www.labinprogres.hr\/\">LABINPROGRES-TPS d.o.o., Labin<\/a><br\/> <a href=\"http:\/\/www.lcm.at\/\">Linz Center of Mechatronics GmbH iz Linza, Austrija<\/a><br\/> <a href=\"http:\/\/www.lukarijeka.hr\/\">LUKA RIJEKA d.d., Rijeka <\/a><br\/> <a href=\"http:\/\/www.montelektro.hr\/hr\">Montelektro automatizacija i elektrotehni\u010dki in\u017eenjering d.o.o. iz Kastva<\/a><br\/> <a href=\"http:\/\/www.rolls-royce.com\/customers\/marine.aspx\">NAVIS CONSULT d.o.o., Rijeka<\/a> <br\/> <a href=\"http:\/\/www.reakvarner.hr\/\">REGIONALNA ENERGETSKA AGENCIJA KVARNER d.o.o., Rijeka<\/a><br\/> <a href=\"http:\/\/www.saipem.eni.it\/\">SAIPEM<\/a> <br\/> <a href=\"http:\/\/www.stsi.hr\/\">STSI<\/a><br\/> <a href=\"http:\/\/www.solvis.hr\/\">SOLVIS d.o.o., Vara\u017edin<\/a><br\/> <a href=\"http:\/\/www.systec-automation.com\/\">Systec Automatizacija d.o.o. iz Labina<\/a><br\/> <a href=\"http:\/\/www.ute.hr\/\">ULJANIK TESU ELEKTRONIKA d.o.o., Pula<\/a><br\/> <a href=\"http:\/\/www.uscs.hr\/\">ULJANIK SHIPBUILDING COMPUTER SYSTEMS d.o.o., Pula<\/a><br\/> <a href=\"http:\/\/www.vulkan-nova.hr\/\">VULKAN-NOVA d.o.o. Rijeka<\/a><br\/> <a href=\"https:\/\/www.epll.eu\/\">Energy Platform Living Lab, Zagreb<\/a><br\/> <a href=\"https:\/\/www.bureauveritas.fr\/\">Bureau Veritas &#8211; Neuilly sur Seine, France<\/a><br\/> <a href=\"https:\/\/www.royalihc.com\/en\/careers\/worldwide-locations\/croatia\">IHC Engineering Croatia d.o.o., Rijeka<\/a><br\/> <a href=\"https:\/\/www.sysgo.com\/\">Sysgo, Germany<\/a><\/p>\n\n\n<p>\n\nand others.<\/p>\n\n\n<p><\/p>\n\n\n","protected":false},"excerpt":{"rendered":"<p>A great part of activities at the Faculty is conducted through the cooperation with the economy and other institutions in surroundings. Such collaboration enables the flow of information, acquired knowledge and approved experiences in both directions. The continuous improvement of such synergetic actions presents one of the main designations on which the development of the [&hellip;]<\/p>\n","protected":false},"author":3,"featured_media":0,"parent":22395,"menu_order":0,"comment_status":"closed","ping_status":"closed","template":"","meta":{"_acf_changed":false,"inline_featured_image":false,"footnotes":""},"class_list":["post-22396","page","type-page","status-publish","hentry"],"acf":[],"_links":{"self":[{"href":"https:\/\/riteh.uniri.hr\/en\/wp-json\/wp\/v2\/pages\/22396","targetHints":{"allow":["GET"]}}],"collection":[{"href":"https:\/\/riteh.uniri.hr\/en\/wp-json\/wp\/v2\/pages"}],"about":[{"href":"https:\/\/riteh.uniri.hr\/en\/wp-json\/wp\/v2\/types\/page"}],"author":[{"embeddable":true,"href":"https:\/\/riteh.uniri.hr\/en\/wp-json\/wp\/v2\/users\/3"}],"replies":[{"embeddable":true,"href":"https:\/\/riteh.uniri.hr\/en\/wp-json\/wp\/v2\/comments?post=22396"}],"version-history":[{"count":2,"href":"https:\/\/riteh.uniri.hr\/en\/wp-json\/wp\/v2\/pages\/22396\/revisions"}],"predecessor-version":[{"id":23862,"href":"https:\/\/riteh.uniri.hr\/en\/wp-json\/wp\/v2\/pages\/22396\/revisions\/23862"}],"up":[{"embeddable":true,"href":"https:\/\/riteh.uniri.hr\/en\/wp-json\/wp\/v2\/pages\/22395"}],"wp:attachment":[{"href":"https:\/\/riteh.uniri.hr\/en\/wp-json\/wp\/v2\/media?parent=22396"}],"curies":[{"name":"wp","href":"https:\/\/api.w.org\/{rel}","templated":true}]}}